{"id":1238,"date":"2023-10-12T14:30:35","date_gmt":"2023-10-12T12:30:35","guid":{"rendered":"https:\/\/www.belectric-relaunch.srv-3wm-007.de\/?page_id=1238"},"modified":"2025-12-09T10:50:37","modified_gmt":"2025-12-09T09:50:37","slug":"projekte","status":"publish","type":"page","link":"https:\/\/belectric-dev.3wm.de\/de\/projekte\/","title":{"rendered":"Photovoltaik-Projekte"},"content":{"rendered":"\n<p>Ob Deutschland, Chile oder Australien \u2013 wir haben schon in den unterschiedlichsten Ecken der Welt Photovoltaik-Projekte entwickelt und umgesetzt. Knifflige Gegebenheiten vor Ort sind f\u00fcr uns kein Hindernis, sondern vielmehr ein Ansporn. Das belegen&nbsp;<strong>mehr als 500 realisierte PV- und Batteriespeicher-Systeme<\/strong>&nbsp;seit unserer Gr\u00fcndung im Jahr 2001 \u2013 vom schwimmenden Solarkraftwerk in Israel bis zur gr\u00f6\u00dften, unabh\u00e4ngigen PV-Anlage Deutschlands.<\/p>\n\n\n\n<p>Nachfolgend finden Sie eine Auflistung aller unserer bereits realisierten Photovoltaik-Projekte sowie der Solaranlagen und Batteriespeichersysteme, die sich gerade noch im Bau befinden, mit ihrer Nennleistung und Inbetriebnahme.<\/p>\n\n\n\n<div style=\"height:100px\" aria-hidden=\"true\" class=\"wp-block-spacer\"><\/div>\n\n\n\n<h3 class=\"wp-block-heading has-text-align-center has-primary-color has-text-color has-link-color wp-elements-38ef28dbaa787d7ec6a8b4ea9861a131\">Unsere Projekte<\/h3>\n\n\n\n<div style=\"height:50px\" aria-hidden=\"true\" class=\"wp-block-spacer\"><\/div>\n\n\n\r\n<article class=\"belectric-projects\" data-country-filter=\"66,55\">\r\n    <div class=\"project-list-preload\">\r\n\t\t\t\t\t\t\t            <div class=\"project\" data-category=\"\">\r\n                <img decoding=\"async\" class=\"project-image\" src=\"https:\/\/belectric-dev.3wm.de\/wp-content\/uploads\/2024\/08\/Belectric_PVC-Park-6_Herlheim_bearbeitet-768x512.jpg\" alt=\"Kleinseelheim &#8211; Deutschland\">\r\n                <div class=\"project-content\">\r\n                    <h2 class=\"project-title\">Kleinseelheim &#8211; Deutschland<\/h2>\r\n                    <p><!-- wp:paragraph -->\n<p>Nennleistung: 9,07 MWp<br>Inbetriebnahme: 2025<\/p>\n<!-- \/wp:paragraph --><\/p>\r\n                <\/div>\r\n            <\/div>\r\n\t\t\t\t\t            <div class=\"project\" data-category=\"\">\r\n                <img decoding=\"async\" class=\"project-image\" src=\"https:\/\/belectric-dev.3wm.de\/wp-content\/uploads\/2024\/09\/02_Reddehausen-scaled-2-768x525.jpg\" alt=\"Reddehausen &#8211; Deutschland\">\r\n                <div class=\"project-content\">\r\n                    <h2 class=\"project-title\">Reddehausen &#8211; Deutschland<\/h2>\r\n                    <p><!-- wp:paragraph -->\n<p>Nennleistung: 7,57 MWp<br>Inbetriebnahme: 2023<\/p>\n<!-- \/wp:paragraph --><\/p>\r\n                <\/div>\r\n            <\/div>\r\n\t\t\t\t\t            <div class=\"project\" data-category=\"\">\r\n                <img decoding=\"async\" class=\"project-image\" src=\"https:\/\/belectric-dev.3wm.de\/wp-content\/uploads\/2024\/09\/Project_Vollinghausen.jpg\" alt=\"V\u00f6llinghausen &#8211; Deutschland\">\r\n                <div class=\"project-content\">\r\n                    <h2 class=\"project-title\">V\u00f6llinghausen &#8211; Deutschland<\/h2>\r\n                    <p><!-- wp:paragraph -->\n<p>Nennleistung: 12,78 MWp<br>Inbetriebnahme: 2024<\/p>\n<!-- \/wp:paragraph -->\n\n<!-- wp:paragraph -->\n<p><\/p>\n<!-- \/wp:paragraph --><\/p>\r\n                <\/div>\r\n            <\/div>\r\n\t\t\t\t\t            <div class=\"project\" data-category=\"\">\r\n                <img decoding=\"async\" class=\"project-image\" src=\"https:\/\/belectric-dev.3wm.de\/wp-content\/uploads\/2024\/09\/1714636480743-768x419.jpg\" alt=\"Boxberg &#8211; Deutschland\">\r\n                <div class=\"project-content\">\r\n                    <h2 class=\"project-title\">Boxberg &#8211; Deutschland<\/h2>\r\n                    <p><!-- wp:paragraph -->\n<p>Nennleistung: 24,80 MWp<br>Inbetriebnahme: 2024<\/p>\n<!-- \/wp:paragraph --><\/p>\r\n                <\/div>\r\n            <\/div>\r\n\t\t\t\t\t            <div class=\"project\" data-category=\"\">\r\n                <img decoding=\"async\" class=\"project-image\" src=\"https:\/\/belectric-dev.3wm.de\/wp-content\/uploads\/2024\/09\/Project_Borrentin-768x576.jpg\" alt=\"Borrentin &#8211; Deutschland\">\r\n                <div class=\"project-content\">\r\n                    <h2 class=\"project-title\">Borrentin &#8211; Deutschland<\/h2>\r\n                    <p><!-- wp:paragraph -->\n<p>Nennleistung: 114,59 MWp<br>Inbetriebnahme: 2024<\/p>\n<!-- \/wp:paragraph --><\/p>\r\n                <\/div>\r\n            <\/div>\r\n\t\t\t\t\t            <div class=\"project\" data-category=\"\">\r\n                <img decoding=\"async\" class=\"project-image\" src=\"https:\/\/belectric-dev.3wm.de\/wp-content\/uploads\/2024\/09\/Project_Gros-Lubolz-768x432.jpg\" alt=\"Gro\u00df Lubolz &#8211; Deutschland\">\r\n                <div class=\"project-content\">\r\n                    <h2 class=\"project-title\">Gro\u00df Lubolz &#8211; Deutschland<\/h2>\r\n                    <p><!-- wp:paragraph -->\n<p>Nennleistung: 24,00 MWp<br>Inbetriebnahme: 2024<\/p>\n<!-- \/wp:paragraph --><\/p>\r\n                <\/div>\r\n            <\/div>\r\n\t\t\t\t\t            <div class=\"project\" data-category=\"\">\r\n                <img decoding=\"async\" class=\"project-image\" src=\"https:\/\/belectric-dev.3wm.de\/wp-content\/uploads\/2024\/08\/Belectric_PVC-Park-6_Herlheim_bearbeitet-768x512.jpg\" alt=\"Lendershausen &#8211; Deutschland\">\r\n                <div class=\"project-content\">\r\n                    <h2 class=\"project-title\">Lendershausen &#8211; Deutschland<\/h2>\r\n                    <p><!-- wp:paragraph -->\n<p>Nennleistung: 7,78 MWp<br>Inbetriebnahme: 2025<\/p>\n<!-- \/wp:paragraph --><\/p>\r\n                <\/div>\r\n            <\/div>\r\n\t\t\t\t\t            <div class=\"project\" data-category=\"\">\r\n                <img decoding=\"async\" class=\"project-image\" src=\"https:\/\/belectric-dev.3wm.de\/wp-content\/uploads\/2024\/09\/240515-Luftbild-PV-Lerchenleite-k-768x576.jpg\" alt=\"Gro\u00dfbardorf &#8211; Deutschland\">\r\n                <div class=\"project-content\">\r\n                    <h2 class=\"project-title\">Gro\u00dfbardorf &#8211; Deutschland<\/h2>\r\n                    <p><!-- wp:paragraph -->\n<p>Nennleistung: 20,30 MWp<br>Inbetriebnahme: 2024<\/p>\n<!-- \/wp:paragraph --><\/p>\r\n                <\/div>\r\n            <\/div>\r\n\t\t\t\t\t            <div class=\"project\" data-category=\"\">\r\n                <img decoding=\"async\" class=\"project-image\" src=\"https:\/\/belectric-dev.3wm.de\/wp-content\/uploads\/2024\/09\/Deubach_Projektseite_Web-1-1.jpg\" alt=\"Deubach &#8211; Deutschland\">\r\n                <div class=\"project-content\">\r\n                    <h2 class=\"project-title\">Deubach &#8211; Deutschland<\/h2>\r\n                    <p><!-- wp:paragraph -->\n<p>Nennleistung: 48 MWp<br>Inbetriebnahme: 2024<\/p>\n<!-- \/wp:paragraph --><\/p>\r\n                <\/div>\r\n            <\/div>\r\n\t\t    <\/div>\r\n    <div class=\"belectric-spinner\">\r\n        <div class=\"belectric-spinner-circle\"><\/div>\r\n    <\/div>\r\n    <div class=\"filter-bar hidden transition-300\">\r\n        <label dir=\"auto\">Projektfilter            <select dir=\"auto\">\r\n                <option value=\"0\" data-category=\"0\" selected>Alle<\/option>\r\n                <option value=\"1\">Batteriespeicher<\/option>\r\n                <option value=\"2\">Floating PV<\/option>\r\n                <option value=\"3\">Hybridanlagen<\/option>\r\n                <option value=\"4\">Repowering<\/option>\r\n                <option value=\"5\">Solaranlagen<\/option>\r\n            <\/select>\r\n        <\/label>\r\n    <\/div>\r\n    <div class=\"project-list hidden transition-300\">\r\n    <\/div>\r\n<\/article>\r\n","protected":false},"excerpt":{"rendered":"<p>Ob Deutschland, Chile oder Australien \u2013 wir haben schon in den unterschiedlichsten Ecken der Welt Photovoltaik-Projekte entwickelt und umgesetzt. Knifflige Gegebenheiten vor Ort sind f\u00fcr uns kein Hindernis, sondern vielmehr ein Ansporn. Das belegen&nbsp;mehr als 500 realisierte PV- und Batteriespeicher-Systeme&nbsp;seit unserer Gr\u00fcndung im Jahr 2001 \u2013 vom schwimmenden Solarkraftwerk in Israel bis zur gr\u00f6\u00dften, unabh\u00e4ngigen&#8230;<\/p>\n","protected":false},"author":1,"featured_media":15511,"parent":0,"menu_order":0,"comment_status":"closed","ping_status":"closed","template":"","meta":{"_acf_changed":false,"footnotes":""},"class_list":["post-1238","page","type-page","status-publish","has-post-thumbnail","hentry"],"acf":[],"yoast_head":"<!-- This site is optimized with the Yoast SEO plugin v27.2 - https:\/\/yoast.com\/product\/yoast-seo-wordpress\/ -->\n<title>Photovoltaik-Projekte: Erfolgsgeschichten - BELECTRIC<\/title>\n<meta name=\"description\" content=\"Seit unserem Gr\u00fcndungsjahr 2001 haben wir bei BELECTRIC weltweit mehr als 500 Photovoltaik-Projekte umgesetzt.\" \/>\n<meta name=\"robots\" content=\"noindex, follow, max-snippet:-1, max-image-preview:large, max-video-preview:-1\" \/>\n<meta property=\"og:locale\" content=\"de_DE\" \/>\n<meta property=\"og:type\" content=\"article\" \/>\n<meta property=\"og:title\" content=\"Photovoltaik-Projekte: Erfolgsgeschichten - BELECTRIC\" \/>\n<meta property=\"og:description\" content=\"Seit unserem Gr\u00fcndungsjahr 2001 haben wir bei BELECTRIC weltweit mehr als 500 Photovoltaik-Projekte umgesetzt.\" \/>\n<meta property=\"og:url\" content=\"https:\/\/belectric-dev.3wm.de\/de\/projekte\/\" \/>\n<meta property=\"og:site_name\" content=\"BELECTRIC\" \/>\n<meta property=\"article:publisher\" content=\"https:\/\/www.facebook.com\/belectric.solar\/\" \/>\n<meta property=\"article:modified_time\" content=\"2025-12-09T09:50:37+00:00\" \/>\n<meta property=\"og:image\" content=\"https:\/\/belectric-dev.3wm.de\/wp-content\/uploads\/2024\/07\/large-scale-photovoltaic-plants-floating-pv.png\" \/>\n\t<meta property=\"og:image:width\" content=\"1400\" \/>\n\t<meta property=\"og:image:height\" content=\"947\" \/>\n\t<meta property=\"og:image:type\" content=\"image\/png\" \/>\n<meta name=\"twitter:card\" content=\"summary_large_image\" \/>\n<meta name=\"twitter:label1\" content=\"Gesch\u00e4tzte Lesezeit\" \/>\n\t<meta name=\"twitter:data1\" content=\"1\u00a0Minute\" \/>\n<script type=\"application\/ld+json\" class=\"yoast-schema-graph\">{\"@context\":\"https:\/\/schema.org\",\"@graph\":[{\"@type\":\"WebPage\",\"@id\":\"https:\/\/belectric-dev.3wm.de\/de\/projekte\/\",\"url\":\"https:\/\/belectric-dev.3wm.de\/de\/projekte\/\",\"name\":\"Photovoltaik-Projekte: Erfolgsgeschichten - BELECTRIC\",\"isPartOf\":{\"@id\":\"https:\/\/belectric-dev.3wm.de\/de\/#website\"},\"primaryImageOfPage\":{\"@id\":\"https:\/\/belectric-dev.3wm.de\/de\/projekte\/#primaryimage\"},\"image\":{\"@id\":\"https:\/\/belectric-dev.3wm.de\/de\/projekte\/#primaryimage\"},\"thumbnailUrl\":\"https:\/\/belectric-dev.3wm.de\/wp-content\/uploads\/2024\/07\/large-scale-photovoltaic-plants-floating-pv.png\",\"datePublished\":\"2023-10-12T12:30:35+00:00\",\"dateModified\":\"2025-12-09T09:50:37+00:00\",\"description\":\"Seit unserem Gr\u00fcndungsjahr 2001 haben wir bei BELECTRIC weltweit mehr als 500 Photovoltaik-Projekte umgesetzt.\",\"breadcrumb\":{\"@id\":\"https:\/\/belectric-dev.3wm.de\/de\/projekte\/#breadcrumb\"},\"inLanguage\":\"de\",\"potentialAction\":[{\"@type\":\"ReadAction\",\"target\":[\"https:\/\/belectric-dev.3wm.de\/de\/projekte\/\"]}]},{\"@type\":\"ImageObject\",\"inLanguage\":\"de\",\"@id\":\"https:\/\/belectric-dev.3wm.de\/de\/projekte\/#primaryimage\",\"url\":\"https:\/\/belectric-dev.3wm.de\/wp-content\/uploads\/2024\/07\/large-scale-photovoltaic-plants-floating-pv.png\",\"contentUrl\":\"https:\/\/belectric-dev.3wm.de\/wp-content\/uploads\/2024\/07\/large-scale-photovoltaic-plants-floating-pv.png\",\"width\":1400,\"height\":947,\"caption\":\"a large scale photovoltaic plant which is a floating PV\"},{\"@type\":\"BreadcrumbList\",\"@id\":\"https:\/\/belectric-dev.3wm.de\/de\/projekte\/#breadcrumb\",\"itemListElement\":[{\"@type\":\"ListItem\",\"position\":1,\"name\":\"Startseite\",\"item\":\"https:\/\/belectric-dev.3wm.de\/de\/\"},{\"@type\":\"ListItem\",\"position\":2,\"name\":\"Photovoltaik-Projekte\"}]},{\"@type\":\"WebSite\",\"@id\":\"https:\/\/belectric-dev.3wm.de\/de\/#website\",\"url\":\"https:\/\/belectric-dev.3wm.de\/de\/\",\"name\":\"BELECTRIC\",\"description\":\"360\u00b0 solution for ground-mounted solar power plants\",\"publisher\":{\"@id\":\"https:\/\/belectric-dev.3wm.de\/de\/#organization\"},\"potentialAction\":[{\"@type\":\"SearchAction\",\"target\":{\"@type\":\"EntryPoint\",\"urlTemplate\":\"https:\/\/belectric-dev.3wm.de\/de\/?s={search_term_string}\"},\"query-input\":{\"@type\":\"PropertyValueSpecification\",\"valueRequired\":true,\"valueName\":\"search_term_string\"}}],\"inLanguage\":\"de\"},{\"@type\":\"Organization\",\"@id\":\"https:\/\/belectric-dev.3wm.de\/de\/#organization\",\"name\":\"BELECTRIC\",\"url\":\"https:\/\/belectric-dev.3wm.de\/de\/\",\"logo\":{\"@type\":\"ImageObject\",\"inLanguage\":\"de\",\"@id\":\"https:\/\/belectric-dev.3wm.de\/de\/#\/schema\/logo\/image\/\",\"url\":\"https:\/\/belectric-dev.3wm.de\/wp-content\/uploads\/2023\/09\/belectric_member_logo_rgb.svg\",\"contentUrl\":\"https:\/\/belectric-dev.3wm.de\/wp-content\/uploads\/2023\/09\/belectric_member_logo_rgb.svg\",\"width\":805,\"height\":100,\"caption\":\"BELECTRIC\"},\"image\":{\"@id\":\"https:\/\/belectric-dev.3wm.de\/de\/#\/schema\/logo\/image\/\"},\"sameAs\":[\"https:\/\/www.facebook.com\/belectric.solar\/\",\"https:\/\/www.xing.com\/pages\/belectric\",\"https:\/\/www.linkedin.com\/company\/belectric-gmbh\/\",\"https:\/\/www.instagram.com\/belectric_solar\/\",\"https:\/\/www.youtube.com\/@BELECTRIC_GmbH\/videos\"]}]}<\/script>\n<!-- \/ Yoast SEO plugin. -->","yoast_head_json":{"title":"Photovoltaik-Projekte: Erfolgsgeschichten - BELECTRIC","description":"Seit unserem Gr\u00fcndungsjahr 2001 haben wir bei BELECTRIC weltweit mehr als 500 Photovoltaik-Projekte umgesetzt.","robots":{"index":"noindex","follow":"follow","max-snippet":"max-snippet:-1","max-image-preview":"max-image-preview:large","max-video-preview":"max-video-preview:-1"},"og_locale":"de_DE","og_type":"article","og_title":"Photovoltaik-Projekte: Erfolgsgeschichten - BELECTRIC","og_description":"Seit unserem Gr\u00fcndungsjahr 2001 haben wir bei BELECTRIC weltweit mehr als 500 Photovoltaik-Projekte umgesetzt.","og_url":"https:\/\/belectric-dev.3wm.de\/de\/projekte\/","og_site_name":"BELECTRIC","article_publisher":"https:\/\/www.facebook.com\/belectric.solar\/","article_modified_time":"2025-12-09T09:50:37+00:00","og_image":[{"width":1400,"height":947,"url":"https:\/\/belectric-dev.3wm.de\/wp-content\/uploads\/2024\/07\/large-scale-photovoltaic-plants-floating-pv.png","type":"image\/png"}],"twitter_card":"summary_large_image","twitter_misc":{"Gesch\u00e4tzte Lesezeit":"1\u00a0Minute"},"schema":{"@context":"https:\/\/schema.org","@graph":[{"@type":"WebPage","@id":"https:\/\/belectric-dev.3wm.de\/de\/projekte\/","url":"https:\/\/belectric-dev.3wm.de\/de\/projekte\/","name":"Photovoltaik-Projekte: Erfolgsgeschichten - BELECTRIC","isPartOf":{"@id":"https:\/\/belectric-dev.3wm.de\/de\/#website"},"primaryImageOfPage":{"@id":"https:\/\/belectric-dev.3wm.de\/de\/projekte\/#primaryimage"},"image":{"@id":"https:\/\/belectric-dev.3wm.de\/de\/projekte\/#primaryimage"},"thumbnailUrl":"https:\/\/belectric-dev.3wm.de\/wp-content\/uploads\/2024\/07\/large-scale-photovoltaic-plants-floating-pv.png","datePublished":"2023-10-12T12:30:35+00:00","dateModified":"2025-12-09T09:50:37+00:00","description":"Seit unserem Gr\u00fcndungsjahr 2001 haben wir bei BELECTRIC weltweit mehr als 500 Photovoltaik-Projekte umgesetzt.","breadcrumb":{"@id":"https:\/\/belectric-dev.3wm.de\/de\/projekte\/#breadcrumb"},"inLanguage":"de","potentialAction":[{"@type":"ReadAction","target":["https:\/\/belectric-dev.3wm.de\/de\/projekte\/"]}]},{"@type":"ImageObject","inLanguage":"de","@id":"https:\/\/belectric-dev.3wm.de\/de\/projekte\/#primaryimage","url":"https:\/\/belectric-dev.3wm.de\/wp-content\/uploads\/2024\/07\/large-scale-photovoltaic-plants-floating-pv.png","contentUrl":"https:\/\/belectric-dev.3wm.de\/wp-content\/uploads\/2024\/07\/large-scale-photovoltaic-plants-floating-pv.png","width":1400,"height":947,"caption":"a large scale photovoltaic plant which is a floating PV"},{"@type":"BreadcrumbList","@id":"https:\/\/belectric-dev.3wm.de\/de\/projekte\/#breadcrumb","itemListElement":[{"@type":"ListItem","position":1,"name":"Startseite","item":"https:\/\/belectric-dev.3wm.de\/de\/"},{"@type":"ListItem","position":2,"name":"Photovoltaik-Projekte"}]},{"@type":"WebSite","@id":"https:\/\/belectric-dev.3wm.de\/de\/#website","url":"https:\/\/belectric-dev.3wm.de\/de\/","name":"BELECTRIC","description":"360\u00b0 solution for ground-mounted solar power plants","publisher":{"@id":"https:\/\/belectric-dev.3wm.de\/de\/#organization"},"potentialAction":[{"@type":"SearchAction","target":{"@type":"EntryPoint","urlTemplate":"https:\/\/belectric-dev.3wm.de\/de\/?s={search_term_string}"},"query-input":{"@type":"PropertyValueSpecification","valueRequired":true,"valueName":"search_term_string"}}],"inLanguage":"de"},{"@type":"Organization","@id":"https:\/\/belectric-dev.3wm.de\/de\/#organization","name":"BELECTRIC","url":"https:\/\/belectric-dev.3wm.de\/de\/","logo":{"@type":"ImageObject","inLanguage":"de","@id":"https:\/\/belectric-dev.3wm.de\/de\/#\/schema\/logo\/image\/","url":"https:\/\/belectric-dev.3wm.de\/wp-content\/uploads\/2023\/09\/belectric_member_logo_rgb.svg","contentUrl":"https:\/\/belectric-dev.3wm.de\/wp-content\/uploads\/2023\/09\/belectric_member_logo_rgb.svg","width":805,"height":100,"caption":"BELECTRIC"},"image":{"@id":"https:\/\/belectric-dev.3wm.de\/de\/#\/schema\/logo\/image\/"},"sameAs":["https:\/\/www.facebook.com\/belectric.solar\/","https:\/\/www.xing.com\/pages\/belectric","https:\/\/www.linkedin.com\/company\/belectric-gmbh\/","https:\/\/www.instagram.com\/belectric_solar\/","https:\/\/www.youtube.com\/@BELECTRIC_GmbH\/videos"]}]}},"_links":{"self":[{"href":"https:\/\/belectric-dev.3wm.de\/de\/wp-json\/wp\/v2\/pages\/1238","targetHints":{"allow":["GET"]}}],"collection":[{"href":"https:\/\/belectric-dev.3wm.de\/de\/wp-json\/wp\/v2\/pages"}],"about":[{"href":"https:\/\/belectric-dev.3wm.de\/de\/wp-json\/wp\/v2\/types\/page"}],"author":[{"embeddable":true,"href":"https:\/\/belectric-dev.3wm.de\/de\/wp-json\/wp\/v2\/users\/1"}],"replies":[{"embeddable":true,"href":"https:\/\/belectric-dev.3wm.de\/de\/wp-json\/wp\/v2\/comments?post=1238"}],"version-history":[{"count":9,"href":"https:\/\/belectric-dev.3wm.de\/de\/wp-json\/wp\/v2\/pages\/1238\/revisions"}],"predecessor-version":[{"id":15512,"href":"https:\/\/belectric-dev.3wm.de\/de\/wp-json\/wp\/v2\/pages\/1238\/revisions\/15512"}],"wp:featuredmedia":[{"embeddable":true,"href":"https:\/\/belectric-dev.3wm.de\/de\/wp-json\/wp\/v2\/media\/15511"}],"wp:attachment":[{"href":"https:\/\/belectric-dev.3wm.de\/de\/wp-json\/wp\/v2\/media?parent=1238"}],"curies":[{"name":"wp","href":"https:\/\/api.w.org\/{rel}","templated":true}]}}