{"id":1308,"date":"2023-10-12T14:31:02","date_gmt":"2023-10-12T12:31:02","guid":{"rendered":"https:\/\/www.belectric-relaunch.srv-3wm-007.de\/?page_id=1308"},"modified":"2024-10-25T10:45:54","modified_gmt":"2024-10-25T08:45:54","slug":"produkte","status":"publish","type":"page","link":"https:\/\/belectric-dev.3wm.de\/de\/produkte\/","title":{"rendered":"Produkte"},"content":{"rendered":"\n<p>F\u00fcr Kunden in ganz Europa planen und installieren wir Photovoltaik Gro\u00dfanlagen.&nbsp;<strong>Freifl\u00e4chenanlagen<\/strong>&nbsp;sowie&nbsp;<strong>schwimmende PV-Anlagen<\/strong>&nbsp;geh\u00f6ren ebenso zu unserem Portfolio wie Hybridanlagen mit&nbsp;<strong>Batteriespeichersystemen<\/strong>, eigenst\u00e4ndige Batteriespeicher oder&nbsp;<strong>Agri-PV-Systeme<\/strong>. Als zuverl\u00e4ssiger Partner f\u00fcr Gr\u00fcnstrom liefern wir nicht nur hochwertige Produkte, sondern stehen unseren Kunden zu jeder Zeit mit Rat und Tat zur Seite.<\/p>\n\n\n\n<div style=\"height:50px\" aria-hidden=\"true\" class=\"wp-block-spacer\"><\/div>\n\n\n\n<div class=\"wp-block-columns is-layout-flex wp-container-core-columns-is-layout-28f84493 wp-block-columns-is-layout-flex\">\n<div class=\"wp-block-column is-layout-flow wp-block-column-is-layout-flow\">\n<figure class=\"wp-block-image aligncenter size-full is-resized\"><img loading=\"lazy\" decoding=\"async\" width=\"100\" height=\"100\" src=\"https:\/\/belectric-dev.3wm.de\/wp-content\/uploads\/2024\/07\/BEL_Icon_Solarpark-Screen_pos.png\" alt=\"Icon in red and yellow that shows a solar farm with a sun rising behind it\" class=\"wp-image-2644\" style=\"object-fit:cover;width:100px;height:100px\"\/><\/figure>\n\n\n\n<h3 class=\"wp-block-heading has-text-align-center has-primary-color has-text-color has-link-color wp-elements-a723232afd344a2156068402dafa6ced\"><a href=\"\/de\/produkte\/solarparks\/\">Solarparks<\/a><\/h3>\n\n\n\n<p class=\"has-text-align-left\">Von wenigen Megawatt bis mehreren hundert \u2013 wir sind Experten im Bau aller Arten von Solarparks. Seit mehr als 20 Jahren geh\u00f6ren der Bau und die technische Betriebsf\u00fchrung von Photovoltaik Gro\u00dfanlagen zu unserem Kerngesch\u00e4ft. Mit gro\u00dfen Freifl\u00e4chenanlagen leisten wir einen wesentlichen Beitrag zur Erreichung globaler Klimaziele.<\/p>\n<\/div>\n\n\n\n<div class=\"wp-block-column is-layout-flow wp-block-column-is-layout-flow\">\n<figure class=\"wp-block-image size-large\"><a href=\"\/de\/produkte\/solarparks\/\"><img loading=\"lazy\" decoding=\"async\" width=\"1024\" height=\"693\" src=\"https:\/\/belectric-dev.3wm.de\/wp-content\/uploads\/2024\/09\/large-scale-photovoltaic-plants-ground-mounted-1024x693.jpg\" alt=\"A ground-mounted large-scale photovoltaic plant in northern Germany photographed from above\" class=\"wp-image-3924\" srcset=\"https:\/\/belectric-dev.3wm.de\/wp-content\/uploads\/2024\/09\/large-scale-photovoltaic-plants-ground-mounted-1024x693.jpg 1024w, https:\/\/belectric-dev.3wm.de\/wp-content\/uploads\/2024\/09\/large-scale-photovoltaic-plants-ground-mounted-300x203.jpg 300w, https:\/\/belectric-dev.3wm.de\/wp-content\/uploads\/2024\/09\/large-scale-photovoltaic-plants-ground-mounted-768x519.jpg 768w, https:\/\/belectric-dev.3wm.de\/wp-content\/uploads\/2024\/09\/large-scale-photovoltaic-plants-ground-mounted.jpg 1400w\" sizes=\"auto, (max-width: 1024px) 100vw, 1024px\" \/><\/a><\/figure>\n<\/div>\n<\/div>\n\n\n\n<div style=\"height:100px\" aria-hidden=\"true\" class=\"wp-block-spacer\"><\/div>\n\n\n\n<div class=\"wp-block-group alignfull has-light-grey-background-color has-background has-global-padding is-layout-constrained wp-block-group-is-layout-constrained\">\n<div class=\"wp-block-columns is-layout-flex wp-container-core-columns-is-layout-d64f3748 wp-block-columns-is-layout-flex\" style=\"margin-top:0;margin-bottom:0;padding-top:var(--wp--preset--spacing--60);padding-right:0;padding-bottom:var(--wp--preset--spacing--60);padding-left:0\">\n<div class=\"wp-block-column is-layout-flow wp-block-column-is-layout-flow\">\n<figure class=\"wp-block-image size-large\"><a href=\"\/de\/produkte\/hybridanlagen\/\"><img loading=\"lazy\" decoding=\"async\" width=\"1024\" height=\"693\" src=\"https:\/\/belectric-dev.3wm.de\/wp-content\/uploads\/2024\/07\/large-scale-photovoltaic-plants-hyprid-systems-1024x693.png\" alt=\"A Hyprid System with battery storage solution\" class=\"wp-image-2676\" srcset=\"https:\/\/belectric-dev.3wm.de\/wp-content\/uploads\/2024\/07\/large-scale-photovoltaic-plants-hyprid-systems-1024x693.png 1024w, https:\/\/belectric-dev.3wm.de\/wp-content\/uploads\/2024\/07\/large-scale-photovoltaic-plants-hyprid-systems-300x203.png 300w, https:\/\/belectric-dev.3wm.de\/wp-content\/uploads\/2024\/07\/large-scale-photovoltaic-plants-hyprid-systems-768x519.png 768w, https:\/\/belectric-dev.3wm.de\/wp-content\/uploads\/2024\/07\/large-scale-photovoltaic-plants-hyprid-systems.png 1400w\" sizes=\"auto, (max-width: 1024px) 100vw, 1024px\" \/><\/a><\/figure>\n<\/div>\n\n\n\n<div class=\"wp-block-column is-layout-flow wp-block-column-is-layout-flow\">\n<figure class=\"wp-block-image aligncenter size-full is-resized\"><img loading=\"lazy\" decoding=\"async\" width=\"100\" height=\"100\" src=\"https:\/\/belectric-dev.3wm.de\/wp-content\/uploads\/2024\/07\/BEL_Icon_Hybridanlage-Screen_pos.png\" alt=\"\" class=\"wp-image-2650\" style=\"width:100px\"\/><\/figure>\n\n\n\n<h3 class=\"wp-block-heading has-text-align-center has-primary-color has-text-color has-link-color wp-elements-4ee085590ffb0df3d0dcaf9c1e528758\"><a href=\"\/de\/produkte\/hybridanlagen\/\">Hybridanlagen<\/a><\/h3>\n\n\n\n<p class=\"has-text-align-left\">Wir stehen unseren Kunden nicht nur im Bereich Photovoltaik, sondern auch als Generalunternehmer im Engineering und Einkauf von Batteriespeicherl\u00f6sungen zur Seite. Dabei k\u00fcmmern wir uns gesamthaft um die Integration unterschiedlicher Speicherl\u00f6sungen in das hybride Gesamtsystem oder liefern eigenst\u00e4ndige Batterieprojekte.<\/p>\n<\/div>\n<\/div>\n<\/div>\n\n\n\n<div style=\"height:100px\" aria-hidden=\"true\" class=\"wp-block-spacer\"><\/div>\n\n\n\n<div class=\"wp-block-columns is-layout-flex wp-container-core-columns-is-layout-28f84493 wp-block-columns-is-layout-flex\">\n<div class=\"wp-block-column is-layout-flow wp-block-column-is-layout-flow\">\n<figure class=\"wp-block-image aligncenter size-full is-resized\"><img loading=\"lazy\" decoding=\"async\" width=\"100\" height=\"100\" src=\"https:\/\/belectric-dev.3wm.de\/wp-content\/uploads\/2024\/07\/BEL_Icon_Floating-PV-Screen_pos.png\" alt=\"Icon in red and yellow that shows a floating pv-system\" class=\"wp-image-2656\" style=\"object-fit:cover;width:100px;height:100px\"\/><\/figure>\n\n\n\n<h3 class=\"wp-block-heading has-text-align-center has-primary-color has-text-color has-link-color wp-elements-dcd205359b16664e255374a6f902d191\"><a href=\"\/de\/produkte\/floating-pv\/\">Floating PV<\/a><\/h3>\n\n\n\n<p class=\"has-text-align-left\">Wir bringen unser Know-how aus der Installation hunderter Photovoltaik Gro\u00dfanlagen aufs Wasser. Besonders in L\u00e4ndern mit einer hohen Bev\u00f6lkerungsdichte er\u00f6ffnen schwimmende PV-Anlagen v\u00f6llig neue M\u00f6glichkeiten.<\/p>\n<\/div>\n\n\n\n<div class=\"wp-block-column is-layout-flow wp-block-column-is-layout-flow\">\n<figure class=\"wp-block-image size-large\"><a href=\"\/de\/produkte\/floating-pv\/\"><img loading=\"lazy\" decoding=\"async\" width=\"1024\" height=\"693\" src=\"https:\/\/belectric-dev.3wm.de\/wp-content\/uploads\/2024\/07\/large-scale-photovoltaic-plants-floating-pv-1024x693.png\" alt=\"a large scale photovoltaic plant which is a floating PV\" class=\"wp-image-2682\" srcset=\"https:\/\/belectric-dev.3wm.de\/wp-content\/uploads\/2024\/07\/large-scale-photovoltaic-plants-floating-pv-1024x693.png 1024w, https:\/\/belectric-dev.3wm.de\/wp-content\/uploads\/2024\/07\/large-scale-photovoltaic-plants-floating-pv-300x203.png 300w, https:\/\/belectric-dev.3wm.de\/wp-content\/uploads\/2024\/07\/large-scale-photovoltaic-plants-floating-pv-768x519.png 768w, https:\/\/belectric-dev.3wm.de\/wp-content\/uploads\/2024\/07\/large-scale-photovoltaic-plants-floating-pv.png 1400w\" sizes=\"auto, (max-width: 1024px) 100vw, 1024px\" \/><\/a><\/figure>\n<\/div>\n<\/div>\n\n\n\n<div style=\"height:100px\" aria-hidden=\"true\" class=\"wp-block-spacer\"><\/div>\n\n\n\n<div class=\"wp-block-group alignfull has-light-grey-background-color has-background has-global-padding is-layout-constrained wp-block-group-is-layout-constrained\">\n<div class=\"wp-block-columns is-layout-flex wp-container-core-columns-is-layout-d64f3748 wp-block-columns-is-layout-flex\" style=\"margin-top:0;margin-bottom:0;padding-top:var(--wp--preset--spacing--60);padding-right:0;padding-bottom:var(--wp--preset--spacing--60);padding-left:0\">\n<div class=\"wp-block-column is-layout-flow wp-block-column-is-layout-flow\">\n<figure class=\"wp-block-image size-full\"><a href=\"\/de\/produkte\/agri-pv\/\"><img loading=\"lazy\" decoding=\"async\" width=\"1400\" height=\"947\" src=\"https:\/\/belectric-dev.3wm.de\/wp-content\/uploads\/2024\/09\/large-scale-photovoltaic-plants-agri-pv.jpg\" alt=\"An agrivoltaics solar farm where cows graze next to solar panels\" class=\"wp-image-3930\" srcset=\"https:\/\/belectric-dev.3wm.de\/wp-content\/uploads\/2024\/09\/large-scale-photovoltaic-plants-agri-pv.jpg 1400w, https:\/\/belectric-dev.3wm.de\/wp-content\/uploads\/2024\/09\/large-scale-photovoltaic-plants-agri-pv-300x203.jpg 300w, https:\/\/belectric-dev.3wm.de\/wp-content\/uploads\/2024\/09\/large-scale-photovoltaic-plants-agri-pv-1024x693.jpg 1024w, https:\/\/belectric-dev.3wm.de\/wp-content\/uploads\/2024\/09\/large-scale-photovoltaic-plants-agri-pv-768x519.jpg 768w\" sizes=\"auto, (max-width: 1400px) 100vw, 1400px\" \/><\/a><\/figure>\n<\/div>\n\n\n\n<div class=\"wp-block-column is-layout-flow wp-block-column-is-layout-flow\">\n<figure class=\"wp-block-image aligncenter size-full is-resized\"><img loading=\"lazy\" decoding=\"async\" width=\"100\" height=\"100\" src=\"https:\/\/belectric-dev.3wm.de\/wp-content\/uploads\/2024\/07\/BEL_Icon_Agri-PV-Screen_pos-1.png\" alt=\"Icon in red and yellow that shows a tractor with one pv system\" class=\"wp-image-2662\" style=\"width:100px\"\/><\/figure>\n\n\n\n<h3 class=\"wp-block-heading has-text-align-center has-primary-color has-text-color has-link-color wp-elements-dd5010ec215b9bf0fb38b18a85b803ff\"><a href=\"\/de\/produkte\/agri-pv\/\">Agrivoltaics<\/a><\/h3>\n\n\n\n<p class=\"has-text-align-left\">Im Bereich Agri-PV arbeiten wir mit Tracker-Systemen, die f\u00fcr eine landwirtschaftliche Nutzung zwischen den Modulreihen neben den Nutzpflanzen installiert werden. Dieser Ansatz steigert das Einkommen der Landwirtinnen und Landwirte und hilft ihnen dabei, einen rentablen und nachhaltigen Betrieb aufrechtzuerhalten.<\/p>\n<\/div>\n<\/div>\n<\/div>\n","protected":false},"excerpt":{"rendered":"<p>F\u00fcr Kunden in ganz Europa planen und installieren wir Photovoltaik Gro\u00dfanlagen.&nbsp;Freifl\u00e4chenanlagen&nbsp;sowie&nbsp;schwimmende PV-Anlagen&nbsp;geh\u00f6ren ebenso zu unserem Portfolio wie Hybridanlagen mit&nbsp;Batteriespeichersystemen, eigenst\u00e4ndige Batteriespeicher oder&nbsp;Agri-PV-Systeme. Als zuverl\u00e4ssiger Partner f\u00fcr Gr\u00fcnstrom liefern wir nicht nur hochwertige Produkte, sondern stehen unseren Kunden zu jeder Zeit mit Rat und Tat zur Seite. Solarparks Von wenigen Megawatt bis mehreren hundert \u2013 wir&#8230;<\/p>\n","protected":false},"author":1,"featured_media":3926,"parent":0,"menu_order":0,"comment_status":"closed","ping_status":"closed","template":"","meta":{"_acf_changed":false,"footnotes":""},"class_list":["post-1308","page","type-page","status-publish","has-post-thumbnail","hentry"],"acf":[],"yoast_head":"<!-- This site is optimized with the Yoast SEO plugin v27.2 - https:\/\/yoast.com\/product\/yoast-seo-wordpress\/ -->\n<title>Produkte: Photovoltaik-Gro\u00dfanlagen - BELECTRIC<\/title>\n<meta name=\"description\" content=\"Zum BELECTRIC Produktportfolio der Photovoltaik Gro\u00dfanlagen z\u00e4hlen Freifl\u00e4chenanlagen ebenso wie Floating PV oder Hybridanlagen mit Batteriespeichersystemen.\" \/>\n<meta name=\"robots\" content=\"noindex, follow, max-snippet:-1, max-image-preview:large, max-video-preview:-1\" \/>\n<meta property=\"og:locale\" content=\"de_DE\" \/>\n<meta property=\"og:type\" content=\"article\" \/>\n<meta property=\"og:title\" content=\"Produkte: Photovoltaik-Gro\u00dfanlagen - BELECTRIC\" \/>\n<meta property=\"og:description\" content=\"Zum BELECTRIC Produktportfolio der Photovoltaik Gro\u00dfanlagen z\u00e4hlen Freifl\u00e4chenanlagen ebenso wie Floating PV oder Hybridanlagen mit Batteriespeichersystemen.\" \/>\n<meta property=\"og:url\" content=\"https:\/\/belectric-dev.3wm.de\/de\/produkte\/\" \/>\n<meta property=\"og:site_name\" content=\"BELECTRIC\" \/>\n<meta property=\"article:publisher\" content=\"https:\/\/www.facebook.com\/belectric.solar\/\" \/>\n<meta property=\"article:modified_time\" content=\"2024-10-25T08:45:54+00:00\" \/>\n<meta property=\"og:image\" content=\"https:\/\/belectric-dev.3wm.de\/wp-content\/uploads\/2024\/09\/large-scale-photovoltaic-plants-ground-mounted.jpg\" \/>\n\t<meta property=\"og:image:width\" content=\"1400\" \/>\n\t<meta property=\"og:image:height\" content=\"947\" \/>\n\t<meta property=\"og:image:type\" content=\"image\/jpeg\" \/>\n<meta name=\"twitter:card\" content=\"summary_large_image\" \/>\n<meta name=\"twitter:label1\" content=\"Gesch\u00e4tzte Lesezeit\" \/>\n\t<meta name=\"twitter:data1\" content=\"3\u00a0Minuten\" \/>\n<script type=\"application\/ld+json\" class=\"yoast-schema-graph\">{\"@context\":\"https:\/\/schema.org\",\"@graph\":[{\"@type\":\"WebPage\",\"@id\":\"https:\/\/belectric-dev.3wm.de\/de\/produkte\/\",\"url\":\"https:\/\/belectric-dev.3wm.de\/de\/produkte\/\",\"name\":\"Produkte: Photovoltaik-Gro\u00dfanlagen - BELECTRIC\",\"isPartOf\":{\"@id\":\"https:\/\/belectric-dev.3wm.de\/de\/#website\"},\"primaryImageOfPage\":{\"@id\":\"https:\/\/belectric-dev.3wm.de\/de\/produkte\/#primaryimage\"},\"image\":{\"@id\":\"https:\/\/belectric-dev.3wm.de\/de\/produkte\/#primaryimage\"},\"thumbnailUrl\":\"https:\/\/belectric-dev.3wm.de\/wp-content\/uploads\/2024\/09\/large-scale-photovoltaic-plants-ground-mounted.jpg\",\"datePublished\":\"2023-10-12T12:31:02+00:00\",\"dateModified\":\"2024-10-25T08:45:54+00:00\",\"description\":\"Zum BELECTRIC Produktportfolio der Photovoltaik Gro\u00dfanlagen z\u00e4hlen Freifl\u00e4chenanlagen ebenso wie Floating PV oder Hybridanlagen mit Batteriespeichersystemen.\",\"breadcrumb\":{\"@id\":\"https:\/\/belectric-dev.3wm.de\/de\/produkte\/#breadcrumb\"},\"inLanguage\":\"de\",\"potentialAction\":[{\"@type\":\"ReadAction\",\"target\":[\"https:\/\/belectric-dev.3wm.de\/de\/produkte\/\"]}]},{\"@type\":\"ImageObject\",\"inLanguage\":\"de\",\"@id\":\"https:\/\/belectric-dev.3wm.de\/de\/produkte\/#primaryimage\",\"url\":\"https:\/\/belectric-dev.3wm.de\/wp-content\/uploads\/2024\/09\/large-scale-photovoltaic-plants-ground-mounted.jpg\",\"contentUrl\":\"https:\/\/belectric-dev.3wm.de\/wp-content\/uploads\/2024\/09\/large-scale-photovoltaic-plants-ground-mounted.jpg\",\"width\":1400,\"height\":947,\"caption\":\"A ground-mounted large-scale photovoltaic plant in northern Germany photographed from above\"},{\"@type\":\"BreadcrumbList\",\"@id\":\"https:\/\/belectric-dev.3wm.de\/de\/produkte\/#breadcrumb\",\"itemListElement\":[{\"@type\":\"ListItem\",\"position\":1,\"name\":\"Startseite\",\"item\":\"https:\/\/belectric-dev.3wm.de\/de\/\"},{\"@type\":\"ListItem\",\"position\":2,\"name\":\"Produkte\"}]},{\"@type\":\"WebSite\",\"@id\":\"https:\/\/belectric-dev.3wm.de\/de\/#website\",\"url\":\"https:\/\/belectric-dev.3wm.de\/de\/\",\"name\":\"BELECTRIC\",\"description\":\"360\u00b0 solution for ground-mounted solar power plants\",\"publisher\":{\"@id\":\"https:\/\/belectric-dev.3wm.de\/de\/#organization\"},\"potentialAction\":[{\"@type\":\"SearchAction\",\"target\":{\"@type\":\"EntryPoint\",\"urlTemplate\":\"https:\/\/belectric-dev.3wm.de\/de\/?s={search_term_string}\"},\"query-input\":{\"@type\":\"PropertyValueSpecification\",\"valueRequired\":true,\"valueName\":\"search_term_string\"}}],\"inLanguage\":\"de\"},{\"@type\":\"Organization\",\"@id\":\"https:\/\/belectric-dev.3wm.de\/de\/#organization\",\"name\":\"BELECTRIC\",\"url\":\"https:\/\/belectric-dev.3wm.de\/de\/\",\"logo\":{\"@type\":\"ImageObject\",\"inLanguage\":\"de\",\"@id\":\"https:\/\/belectric-dev.3wm.de\/de\/#\/schema\/logo\/image\/\",\"url\":\"https:\/\/belectric-dev.3wm.de\/wp-content\/uploads\/2023\/09\/belectric_member_logo_rgb.svg\",\"contentUrl\":\"https:\/\/belectric-dev.3wm.de\/wp-content\/uploads\/2023\/09\/belectric_member_logo_rgb.svg\",\"width\":805,\"height\":100,\"caption\":\"BELECTRIC\"},\"image\":{\"@id\":\"https:\/\/belectric-dev.3wm.de\/de\/#\/schema\/logo\/image\/\"},\"sameAs\":[\"https:\/\/www.facebook.com\/belectric.solar\/\",\"https:\/\/www.xing.com\/pages\/belectric\",\"https:\/\/www.linkedin.com\/company\/belectric-gmbh\/\",\"https:\/\/www.instagram.com\/belectric_solar\/\",\"https:\/\/www.youtube.com\/@BELECTRIC_GmbH\/videos\"]}]}<\/script>\n<!-- \/ Yoast SEO plugin. -->","yoast_head_json":{"title":"Produkte: Photovoltaik-Gro\u00dfanlagen - BELECTRIC","description":"Zum BELECTRIC Produktportfolio der Photovoltaik Gro\u00dfanlagen z\u00e4hlen Freifl\u00e4chenanlagen ebenso wie Floating PV oder Hybridanlagen mit Batteriespeichersystemen.","robots":{"index":"noindex","follow":"follow","max-snippet":"max-snippet:-1","max-image-preview":"max-image-preview:large","max-video-preview":"max-video-preview:-1"},"og_locale":"de_DE","og_type":"article","og_title":"Produkte: Photovoltaik-Gro\u00dfanlagen - BELECTRIC","og_description":"Zum BELECTRIC Produktportfolio der Photovoltaik Gro\u00dfanlagen z\u00e4hlen Freifl\u00e4chenanlagen ebenso wie Floating PV oder Hybridanlagen mit Batteriespeichersystemen.","og_url":"https:\/\/belectric-dev.3wm.de\/de\/produkte\/","og_site_name":"BELECTRIC","article_publisher":"https:\/\/www.facebook.com\/belectric.solar\/","article_modified_time":"2024-10-25T08:45:54+00:00","og_image":[{"width":1400,"height":947,"url":"https:\/\/belectric-dev.3wm.de\/wp-content\/uploads\/2024\/09\/large-scale-photovoltaic-plants-ground-mounted.jpg","type":"image\/jpeg"}],"twitter_card":"summary_large_image","twitter_misc":{"Gesch\u00e4tzte Lesezeit":"3\u00a0Minuten"},"schema":{"@context":"https:\/\/schema.org","@graph":[{"@type":"WebPage","@id":"https:\/\/belectric-dev.3wm.de\/de\/produkte\/","url":"https:\/\/belectric-dev.3wm.de\/de\/produkte\/","name":"Produkte: Photovoltaik-Gro\u00dfanlagen - BELECTRIC","isPartOf":{"@id":"https:\/\/belectric-dev.3wm.de\/de\/#website"},"primaryImageOfPage":{"@id":"https:\/\/belectric-dev.3wm.de\/de\/produkte\/#primaryimage"},"image":{"@id":"https:\/\/belectric-dev.3wm.de\/de\/produkte\/#primaryimage"},"thumbnailUrl":"https:\/\/belectric-dev.3wm.de\/wp-content\/uploads\/2024\/09\/large-scale-photovoltaic-plants-ground-mounted.jpg","datePublished":"2023-10-12T12:31:02+00:00","dateModified":"2024-10-25T08:45:54+00:00","description":"Zum BELECTRIC Produktportfolio der Photovoltaik Gro\u00dfanlagen z\u00e4hlen Freifl\u00e4chenanlagen ebenso wie Floating PV oder Hybridanlagen mit Batteriespeichersystemen.","breadcrumb":{"@id":"https:\/\/belectric-dev.3wm.de\/de\/produkte\/#breadcrumb"},"inLanguage":"de","potentialAction":[{"@type":"ReadAction","target":["https:\/\/belectric-dev.3wm.de\/de\/produkte\/"]}]},{"@type":"ImageObject","inLanguage":"de","@id":"https:\/\/belectric-dev.3wm.de\/de\/produkte\/#primaryimage","url":"https:\/\/belectric-dev.3wm.de\/wp-content\/uploads\/2024\/09\/large-scale-photovoltaic-plants-ground-mounted.jpg","contentUrl":"https:\/\/belectric-dev.3wm.de\/wp-content\/uploads\/2024\/09\/large-scale-photovoltaic-plants-ground-mounted.jpg","width":1400,"height":947,"caption":"A ground-mounted large-scale photovoltaic plant in northern Germany photographed from above"},{"@type":"BreadcrumbList","@id":"https:\/\/belectric-dev.3wm.de\/de\/produkte\/#breadcrumb","itemListElement":[{"@type":"ListItem","position":1,"name":"Startseite","item":"https:\/\/belectric-dev.3wm.de\/de\/"},{"@type":"ListItem","position":2,"name":"Produkte"}]},{"@type":"WebSite","@id":"https:\/\/belectric-dev.3wm.de\/de\/#website","url":"https:\/\/belectric-dev.3wm.de\/de\/","name":"BELECTRIC","description":"360\u00b0 solution for ground-mounted solar power plants","publisher":{"@id":"https:\/\/belectric-dev.3wm.de\/de\/#organization"},"potentialAction":[{"@type":"SearchAction","target":{"@type":"EntryPoint","urlTemplate":"https:\/\/belectric-dev.3wm.de\/de\/?s={search_term_string}"},"query-input":{"@type":"PropertyValueSpecification","valueRequired":true,"valueName":"search_term_string"}}],"inLanguage":"de"},{"@type":"Organization","@id":"https:\/\/belectric-dev.3wm.de\/de\/#organization","name":"BELECTRIC","url":"https:\/\/belectric-dev.3wm.de\/de\/","logo":{"@type":"ImageObject","inLanguage":"de","@id":"https:\/\/belectric-dev.3wm.de\/de\/#\/schema\/logo\/image\/","url":"https:\/\/belectric-dev.3wm.de\/wp-content\/uploads\/2023\/09\/belectric_member_logo_rgb.svg","contentUrl":"https:\/\/belectric-dev.3wm.de\/wp-content\/uploads\/2023\/09\/belectric_member_logo_rgb.svg","width":805,"height":100,"caption":"BELECTRIC"},"image":{"@id":"https:\/\/belectric-dev.3wm.de\/de\/#\/schema\/logo\/image\/"},"sameAs":["https:\/\/www.facebook.com\/belectric.solar\/","https:\/\/www.xing.com\/pages\/belectric","https:\/\/www.linkedin.com\/company\/belectric-gmbh\/","https:\/\/www.instagram.com\/belectric_solar\/","https:\/\/www.youtube.com\/@BELECTRIC_GmbH\/videos"]}]}},"_links":{"self":[{"href":"https:\/\/belectric-dev.3wm.de\/de\/wp-json\/wp\/v2\/pages\/1308","targetHints":{"allow":["GET"]}}],"collection":[{"href":"https:\/\/belectric-dev.3wm.de\/de\/wp-json\/wp\/v2\/pages"}],"about":[{"href":"https:\/\/belectric-dev.3wm.de\/de\/wp-json\/wp\/v2\/types\/page"}],"author":[{"embeddable":true,"href":"https:\/\/belectric-dev.3wm.de\/de\/wp-json\/wp\/v2\/users\/1"}],"replies":[{"embeddable":true,"href":"https:\/\/belectric-dev.3wm.de\/de\/wp-json\/wp\/v2\/comments?post=1308"}],"version-history":[{"count":5,"href":"https:\/\/belectric-dev.3wm.de\/de\/wp-json\/wp\/v2\/pages\/1308\/revisions"}],"predecessor-version":[{"id":8212,"href":"https:\/\/belectric-dev.3wm.de\/de\/wp-json\/wp\/v2\/pages\/1308\/revisions\/8212"}],"wp:featuredmedia":[{"embeddable":true,"href":"https:\/\/belectric-dev.3wm.de\/de\/wp-json\/wp\/v2\/media\/3926"}],"wp:attachment":[{"href":"https:\/\/belectric-dev.3wm.de\/de\/wp-json\/wp\/v2\/media?parent=1308"}],"curies":[{"name":"wp","href":"https:\/\/api.w.org\/{rel}","templated":true}]}}