{"id":1312,"date":"2023-10-19T12:56:09","date_gmt":"2023-10-19T10:56:09","guid":{"rendered":"https:\/\/www.belectric-relaunch.srv-3wm-007.de\/?page_id=1312"},"modified":"2025-11-05T09:40:18","modified_gmt":"2025-11-05T08:40:18","slug":"floating-pv","status":"publish","type":"page","link":"https:\/\/belectric-dev.3wm.de\/de\/produkte\/floating-pv\/","title":{"rendered":"Floating PV &#8211; schwimmende Photovoltaikanlagen"},"content":{"rendered":"\n<p>Schwimmende Photovoltaikanlagen liegen im Trend. Vom Aufbau her \u00e4hneln Floating PV Systems den Solarkraftwerken an Land. Allerdings m\u00fcssen die Module einzeln auf einer schwimmenden Plattform montiert werden. Die Anlage ist durch schwimmende, seewasserfeste Stromkabel mit dem Ufer verbunden. Ein System aus Ankern und Vert\u00e4uungen sorgt daf\u00fcr, dass das schwimmende Photovoltaik-Kraftwerk in Position gehalten wird.<\/p>\n\n\n\n<p>Mit&nbsp;<a href=\"https:\/\/belectric-dev.3wm.de\/de\/projekte\/\"><u>Benchmark-Projekten<\/u><\/a>&nbsp;wie unseren Floating PV Anlagen bei Gan HaShomron oder Ma\u2019ayan Tzvi stehen wir inzwischen an der Spitze einer schnell wachsenden Branche. Unsere Kunden profitieren von umfassendem Know-how sowie einer&nbsp;<strong>nachweislichen Erfolgsbilanz im Bereich Floating PV<\/strong>.<\/p>\n\n\n\n<div style=\"height:50px\" aria-hidden=\"true\" class=\"wp-block-spacer\"><\/div>\n\n\n\n<div class=\"wp-block-columns is-style-belectric-fadeInLeft-stairs-columns is-layout-flex wp-container-core-columns-is-layout-f5a44f5b wp-block-columns-is-layout-flex\">\n<div class=\"wp-block-column is-layout-flow wp-block-column-is-layout-flow\">\n<figure class=\"wp-block-image size-full\" id=\"engineering\"><img loading=\"lazy\" decoding=\"async\" width=\"357\" height=\"508\" src=\"https:\/\/belectric-dev.3wm.de\/wp-content\/uploads\/2024\/09\/floating-pv.jpg\" alt=\"A large-scale photovoltaic floating plant on a lake in Israel\" class=\"wp-image-4040\" srcset=\"https:\/\/belectric-dev.3wm.de\/wp-content\/uploads\/2024\/09\/floating-pv.jpg 357w, https:\/\/belectric-dev.3wm.de\/wp-content\/uploads\/2024\/09\/floating-pv-211x300.jpg 211w\" sizes=\"auto, (max-width: 357px) 100vw, 357px\" \/><\/figure>\n\n\n\n<h3 class=\"wp-block-heading has-primary-color has-text-color has-link-color wp-elements-2fa28c749bd8266983aace4a3b423662\">Erfahrung mit Erfolgsbilanz&nbsp;<\/h3>\n\n\n\n<p>Mit Floating PV Systems bringen wir unsere Erfahrungen als einer der f\u00fchrenden EPC-Anbieter von der Freifl\u00e4che auf das Wasser. Besonders in Israel, einem unserer Hauptm\u00e4rkte, haben wir uns mit mehreren Benchmark-Projekten an der Spitze einer schnell wachsenden Branche bewiesen. Von komplizierten Verh\u00e4ltnissen vor Ort bis zu unterschiedlichen schwimmenden Strukturen \u2013 unsere Experten bringen umfassendes Know-how rund um die logistischen Aspekte von Floating PV mit.<\/p>\n<\/div>\n\n\n\n<div class=\"wp-block-column is-layout-flow wp-block-column-is-layout-flow\">\n<figure class=\"wp-block-image size-full has-custom-border\" id=\"procurement\"><img loading=\"lazy\" decoding=\"async\" width=\"357\" height=\"509\" src=\"https:\/\/belectric-dev.3wm.de\/wp-content\/uploads\/2024\/09\/floating-pv-highest-yields.jpg\" alt=\"A close-up of a floating PV system on a lake\" class=\"wp-image-4034\" style=\"border-style:none;border-width:0px\" srcset=\"https:\/\/belectric-dev.3wm.de\/wp-content\/uploads\/2024\/09\/floating-pv-highest-yields.jpg 357w, https:\/\/belectric-dev.3wm.de\/wp-content\/uploads\/2024\/09\/floating-pv-highest-yields-210x300.jpg 210w\" sizes=\"auto, (max-width: 357px) 100vw, 357px\" \/><\/figure>\n\n\n\n<h3 class=\"wp-block-heading has-primary-color has-text-color has-link-color wp-elements-fc0208f65d5e7bb173a44626226220a7\">Designt f\u00fcr maximale Ertr\u00e4ge<\/h3>\n\n\n\n<p>Wir planen und installieren unsere Floating PV-Anlagen mit einem Ziel: Maximale und zuverl\u00e4ssige Stromertr\u00e4ge. Beispielsweise achten wir deshalb von Beginn an auf eine effiziente Positionierung von Wechselrichtern und Transformatoren. So sparen wir nicht nur Produktionskosten, wir verhindern auch Ertragseinbu\u00dfen. Unser System Design richtet sich immer spezifisch nach den Anforderungen des Kunden sowie den Gegebenheiten vor Ort.<\/p>\n<\/div>\n\n\n\n<div class=\"wp-block-column is-layout-flow wp-block-column-is-layout-flow\">\n<figure class=\"wp-block-image size-full\" id=\"construction\"><img loading=\"lazy\" decoding=\"async\" width=\"357\" height=\"508\" src=\"https:\/\/belectric-dev.3wm.de\/wp-content\/uploads\/2024\/09\/floating-pv-anchoring-design.png\" alt=\"A small floating PV system on a lake in Israel\" class=\"wp-image-4046\" srcset=\"https:\/\/belectric-dev.3wm.de\/wp-content\/uploads\/2024\/09\/floating-pv-anchoring-design.png 357w, https:\/\/belectric-dev.3wm.de\/wp-content\/uploads\/2024\/09\/floating-pv-anchoring-design-211x300.png 211w\" sizes=\"auto, (max-width: 357px) 100vw, 357px\" \/><\/figure>\n\n\n\n<h3 class=\"wp-block-heading has-primary-color has-text-color has-link-color wp-elements-b1c732a56f188ca076c6fe611f5f9a37\">Optimierte und sichere Verankerung<\/h3>\n\n\n\n<p>Wir setzen auf ein optimiertes und sichertes Verankerungsdesign. Ob unter oder \u00fcber Wasser \u2013 wir sind erfahren in der Verankerung der unterschiedlichsten Floating PV-Anlagen. W\u00e4hrend der Bauphase aber auch weit dar\u00fcber hinaus liegt uns die Gesundheit und Sicherheit aller Beteiligten besonders am Herzen. Durch alle Unternehmensprozesse zieht sich bei uns deshalb ein starker HSE-Fokus.<\/p>\n<\/div>\n<\/div>\n\n\n\n<div style=\"height:100px\" aria-hidden=\"true\" class=\"wp-block-spacer\"><\/div>\n\n\n\n<div class=\"wp-block-group alignfull has-light-grey-background-color has-background has-global-padding is-layout-constrained wp-container-core-group-is-layout-a47ab161 wp-block-group-is-layout-constrained\" style=\"padding-top:var(--wp--preset--spacing--60);padding-right:var(--wp--preset--spacing--50);padding-bottom:var(--wp--preset--spacing--60);padding-left:var(--wp--preset--spacing--50)\">\n<h3 class=\"wp-block-heading has-text-align-center has-primary-color has-text-color has-link-color wp-elements-da11056ab1d37a86023ce5bebbac4f9e\">Vorteile von Floating PV<\/h3>\n\n\n\n<div style=\"height:20px\" aria-hidden=\"true\" class=\"wp-block-spacer\"><\/div>\n\n\n\n<div class=\"wp-block-columns is-layout-flex wp-container-core-columns-is-layout-28f84493 wp-block-columns-is-layout-flex\">\n<div class=\"wp-block-column is-layout-flow wp-block-column-is-layout-flow\">\n<figure class=\"wp-block-image aligncenter size-full is-resized\"><img loading=\"lazy\" decoding=\"async\" width=\"34\" height=\"27\" src=\"https:\/\/belectric-dev.3wm.de\/wp-content\/uploads\/2024\/04\/proj_dev.svg\" alt=\"\" class=\"wp-image-1499\" style=\"width:100px\"\/><\/figure>\n\n\n\n<p class=\"has-text-align-center\"><strong>Keine Fl\u00e4chenkonkurrenz<\/strong><\/p>\n\n\n\n<p class=\"has-text-align-center\">F\u00fcr schwimmende PV-Anlagen muss im Gegensatz zu herk\u00f6mmlichen Solarkraftwerken kein Bauland erworben oder gepachtet werden. Die Anlagen konkurrieren demnach nicht mit der Lebens -und Futtermittelproduktion.<\/p>\n<\/div>\n\n\n\n<div class=\"wp-block-column is-layout-flow wp-block-column-is-layout-flow\">\n<figure class=\"wp-block-image aligncenter size-full is-resized\"><img loading=\"lazy\" decoding=\"async\" width=\"1000\" height=\"1000\" src=\"https:\/\/belectric-dev.3wm.de\/wp-content\/uploads\/2024\/09\/BEL_Icon_Kommune-Screen_pos.png\" alt=\"A red and yellow icon showing two buildings\" class=\"wp-image-4015\" style=\"width:100px\" srcset=\"https:\/\/belectric-dev.3wm.de\/wp-content\/uploads\/2024\/09\/BEL_Icon_Kommune-Screen_pos.png 1000w, https:\/\/belectric-dev.3wm.de\/wp-content\/uploads\/2024\/09\/BEL_Icon_Kommune-Screen_pos-300x300.png 300w, https:\/\/belectric-dev.3wm.de\/wp-content\/uploads\/2024\/09\/BEL_Icon_Kommune-Screen_pos-768x768.png 768w\" sizes=\"auto, (max-width: 1000px) 100vw, 1000px\" \/><\/figure>\n\n\n\n<p class=\"has-text-align-center\"><strong>Trotz hoher Bev\u00f6lkerungsdichte<\/strong><\/p>\n\n\n\n<p class=\"has-text-align-center\">Schwimmende PV-Anlagen er\u00f6ffnen Kunden in L\u00e4ndern mit einer hohen Bev\u00f6lkerungsdichte, wo das verf\u00fcgbare Bauland hart umk\u00e4mpft ist, v\u00f6llig neue M\u00f6glichkeiten f\u00fcr Solarenergie.<\/p>\n<\/div>\n\n\n\n<div class=\"wp-block-column is-layout-flow wp-block-column-is-layout-flow\">\n<figure class=\"wp-block-image aligncenter size-full is-resized\"><img loading=\"lazy\" decoding=\"async\" width=\"1000\" height=\"1000\" src=\"https:\/\/belectric-dev.3wm.de\/wp-content\/uploads\/2024\/09\/BEL_Icon_Zahnrad-Screen_pos.png\" alt=\"A red and yellow icon showing a gear\" class=\"wp-image-4027\" style=\"width:100px\" srcset=\"https:\/\/belectric-dev.3wm.de\/wp-content\/uploads\/2024\/09\/BEL_Icon_Zahnrad-Screen_pos.png 1000w, https:\/\/belectric-dev.3wm.de\/wp-content\/uploads\/2024\/09\/BEL_Icon_Zahnrad-Screen_pos-300x300.png 300w, https:\/\/belectric-dev.3wm.de\/wp-content\/uploads\/2024\/09\/BEL_Icon_Zahnrad-Screen_pos-768x768.png 768w\" sizes=\"auto, (max-width: 1000px) 100vw, 1000px\" \/><\/figure>\n\n\n\n<p class=\"has-text-align-center\"><strong>Erh\u00f6hte Effizienz<\/strong><\/p>\n\n\n\n<p class=\"has-text-align-center\">Das Wasser k\u00fchlt Solarmodule automatisch. Schwimmende Photovoltaikanlagen k\u00f6nnen so eine h\u00f6here Effizienz aufweisen als jene an Land.<\/p>\n<\/div>\n<\/div>\n\n\n\n<div style=\"height:30px\" aria-hidden=\"true\" class=\"wp-block-spacer\"><\/div>\n\n\n\n<div class=\"wp-block-columns is-layout-flex wp-container-core-columns-is-layout-28f84493 wp-block-columns-is-layout-flex\">\n<div class=\"wp-block-column is-layout-flow wp-block-column-is-layout-flow\">\n<figure class=\"wp-block-image aligncenter size-full is-resized\"><img loading=\"lazy\" decoding=\"async\" width=\"1000\" height=\"1000\" src=\"https:\/\/belectric-dev.3wm.de\/wp-content\/uploads\/2024\/09\/BEL_Icon_Minim_Wasserverdunstung-Screen_pos.png\" alt=\"A red and yellow icon that shows water and a solar module above it. In between, there are two arrows symbolising the fact that floating photovoltaic plants lead to less water evaporation.\" class=\"wp-image-4021\" style=\"width:100px\" srcset=\"https:\/\/belectric-dev.3wm.de\/wp-content\/uploads\/2024\/09\/BEL_Icon_Minim_Wasserverdunstung-Screen_pos.png 1000w, https:\/\/belectric-dev.3wm.de\/wp-content\/uploads\/2024\/09\/BEL_Icon_Minim_Wasserverdunstung-Screen_pos-300x300.png 300w, https:\/\/belectric-dev.3wm.de\/wp-content\/uploads\/2024\/09\/BEL_Icon_Minim_Wasserverdunstung-Screen_pos-768x768.png 768w\" sizes=\"auto, (max-width: 1000px) 100vw, 1000px\" \/><\/figure>\n\n\n\n<p class=\"has-text-align-center\"><strong>Minimierte Wasserverdunstung&nbsp;<\/strong><\/p>\n\n\n\n<p class=\"has-text-align-center\">Durch die Bedeckung der Wasserfl\u00e4chen k\u00f6nnen Solarmodule betroffene Gew\u00e4sser vor \u00fcberm\u00e4\u00dfiger Verdunstung sch\u00fctzen. Ein \u201eKippen\u201c von Gew\u00e4ssern kann so verhindert werden.<\/p>\n<\/div>\n\n\n\n<div class=\"wp-block-column is-layout-flow wp-block-column-is-layout-flow\">\n<figure class=\"wp-block-image aligncenter size-full is-resized\"><img loading=\"lazy\" decoding=\"async\" width=\"1000\" height=\"1000\" src=\"https:\/\/belectric-dev.3wm.de\/wp-content\/uploads\/2024\/07\/BEL_Icon_Sonne-Screen_pos.png\" alt=\"Icon in yellow and red that shows a smiling sun\" class=\"wp-image-2905\" style=\"width:100px\" srcset=\"https:\/\/belectric-dev.3wm.de\/wp-content\/uploads\/2024\/07\/BEL_Icon_Sonne-Screen_pos.png 1000w, https:\/\/belectric-dev.3wm.de\/wp-content\/uploads\/2024\/07\/BEL_Icon_Sonne-Screen_pos-300x300.png 300w, https:\/\/belectric-dev.3wm.de\/wp-content\/uploads\/2024\/07\/BEL_Icon_Sonne-Screen_pos-768x768.png 768w\" sizes=\"auto, (max-width: 1000px) 100vw, 1000px\" \/><\/figure>\n\n\n\n<p class=\"has-text-align-center\"><strong>Hohe Stromertr\u00e4ge<\/strong><\/p>\n\n\n\n<p class=\"has-text-align-center\">Schwimmende PV-Anlagen profitieren von einer deutlich geringeren Verschattung der Module als Anlagen an Land. Das sorgt f\u00fcr h\u00f6here Stromertr\u00e4ge.<\/p>\n<\/div>\n\n\n\n<div class=\"wp-block-column is-layout-flow wp-block-column-is-layout-flow\">\n<figure class=\"wp-block-image aligncenter size-full is-resized\"><img loading=\"lazy\" decoding=\"async\" width=\"1000\" height=\"1000\" src=\"https:\/\/belectric-dev.3wm.de\/wp-content\/uploads\/2024\/07\/BEL_Icon_Naturvertraeglichkeit-Screen_pos.png\" alt=\"Icon einer rotgelben Blume\" class=\"wp-image-1691\" style=\"width:100px\" srcset=\"https:\/\/belectric-dev.3wm.de\/wp-content\/uploads\/2024\/07\/BEL_Icon_Naturvertraeglichkeit-Screen_pos.png 1000w, https:\/\/belectric-dev.3wm.de\/wp-content\/uploads\/2024\/07\/BEL_Icon_Naturvertraeglichkeit-Screen_pos-300x300.png 300w, https:\/\/belectric-dev.3wm.de\/wp-content\/uploads\/2024\/07\/BEL_Icon_Naturvertraeglichkeit-Screen_pos-768x768.png 768w\" sizes=\"auto, (max-width: 1000px) 100vw, 1000px\" \/><\/figure>\n\n\n\n<p class=\"has-text-align-center\"><strong>Natur bleibt Natur<\/strong><\/p>\n\n\n\n<p class=\"has-text-align-center\">Floating PV-Anlagen entstehen in der Regel nicht in Naherholungsgebieten. Vielmehr werden Fl\u00e4chen genutzt, die f\u00fcr die \u00d6ffentlichkeit ohnehin nicht erlebbar sind. Dazu geh\u00f6ren etwa Baggerseen.<\/p>\n<\/div>\n<\/div>\n<\/div>\n\n\n\n<div style=\"height:100px\" aria-hidden=\"true\" class=\"wp-block-spacer\"><\/div>\n\n\n\n<div class=\"wp-block-columns is-layout-flex wp-container-core-columns-is-layout-28f84493 wp-block-columns-is-layout-flex\">\n<div class=\"wp-block-column is-layout-flow wp-block-column-is-layout-flow\" style=\"flex-basis:66.66%\">\n<figure class=\"wp-block-image size-full\"><img loading=\"lazy\" decoding=\"async\" width=\"1400\" height=\"947\" src=\"https:\/\/belectric-dev.3wm.de\/wp-content\/uploads\/2024\/07\/large-scale-photovoltaic-plants-floating-pv.png\" alt=\"a large scale photovoltaic plant which is a floating PV\" class=\"wp-image-2682\" srcset=\"https:\/\/belectric-dev.3wm.de\/wp-content\/uploads\/2024\/07\/large-scale-photovoltaic-plants-floating-pv.png 1400w, https:\/\/belectric-dev.3wm.de\/wp-content\/uploads\/2024\/07\/large-scale-photovoltaic-plants-floating-pv-300x203.png 300w, https:\/\/belectric-dev.3wm.de\/wp-content\/uploads\/2024\/07\/large-scale-photovoltaic-plants-floating-pv-1024x693.png 1024w, https:\/\/belectric-dev.3wm.de\/wp-content\/uploads\/2024\/07\/large-scale-photovoltaic-plants-floating-pv-768x519.png 768w\" sizes=\"auto, (max-width: 1400px) 100vw, 1400px\" \/><\/figure>\n<\/div>\n\n\n\n<div class=\"wp-block-column is-layout-flow wp-block-column-is-layout-flow\" style=\"flex-basis:33.33%\">\n<h3 class=\"wp-block-heading has-text-align-left has-primary-color has-text-color has-link-color wp-elements-411f812f5c8da9f4cd715d91f5c8277e\">Was uns ausmacht<\/h3>\n\n\n\n<p class=\"has-text-align-left\"><strong>Langj\u00e4hrige Erfahrung:&nbsp;<\/strong>In jedes Projekt bringen wir mehr als 20 Jahre Solar-Expertise ein.<\/p>\n\n\n\n<p><strong>Weltweit aktiv, in Unterfranken zuhause:&nbsp;<\/strong>Wir sind erfahren mit regionalen sowie internationalen Projekten.<\/p>\n\n\n\n<p><strong>Ganzheitlich:&nbsp;<\/strong>Bei uns stammen alle Schritte von der Entwicklung \u00fcber den Bau der Anlagen aus einer Hand.<\/p>\n\n\n\n<p><strong>Rundum sorglos:&nbsp;<\/strong>Wir \u00fcbernehmen die Wartung und Instandhaltung der Solaranlagen.<\/p>\n<\/div>\n<\/div>\n","protected":false},"excerpt":{"rendered":"<p>Schwimmende Photovoltaikanlagen liegen im Trend. Vom Aufbau her \u00e4hneln Floating PV Systems den Solarkraftwerken an Land. Allerdings m\u00fcssen die Module einzeln auf einer schwimmenden Plattform montiert werden. Die Anlage ist durch schwimmende, seewasserfeste Stromkabel mit dem Ufer verbunden. Ein System aus Ankern und Vert\u00e4uungen sorgt daf\u00fcr, dass das schwimmende Photovoltaik-Kraftwerk in Position gehalten wird. Mit&nbsp;Benchmark-Projekten&nbsp;wie&#8230;<\/p>\n","protected":false},"author":1,"featured_media":0,"parent":1308,"menu_order":0,"comment_status":"closed","ping_status":"closed","template":"","meta":{"_acf_changed":false,"footnotes":""},"class_list":["post-1312","page","type-page","status-publish","hentry"],"acf":[],"yoast_head":"<!-- This site is optimized with the Yoast SEO plugin v27.2 - https:\/\/yoast.com\/product\/yoast-seo-wordpress\/ -->\n<title>Floating PV - schwimmende Photovoltaikanlagen: Sonne und Wasser - ein starkes Duo - BELECTRIC<\/title>\n<meta name=\"description\" content=\"Floating PV -Anlagen boomen. Dank einiger Benchmark-Projekte steht BELECTRIC schon jetzt an der Spitze der schnell wachsenden Branche.\" \/>\n<meta name=\"robots\" content=\"noindex, follow, max-snippet:-1, max-image-preview:large, max-video-preview:-1\" \/>\n<meta property=\"og:locale\" content=\"de_DE\" \/>\n<meta property=\"og:type\" content=\"article\" \/>\n<meta property=\"og:title\" content=\"Floating PV - schwimmende Photovoltaikanlagen: Sonne und Wasser - ein starkes Duo - BELECTRIC\" \/>\n<meta property=\"og:description\" content=\"Floating PV -Anlagen boomen. Dank einiger Benchmark-Projekte steht BELECTRIC schon jetzt an der Spitze der schnell wachsenden Branche.\" \/>\n<meta property=\"og:url\" content=\"https:\/\/belectric-dev.3wm.de\/de\/produkte\/floating-pv\/\" \/>\n<meta property=\"og:site_name\" content=\"BELECTRIC\" \/>\n<meta property=\"article:publisher\" content=\"https:\/\/www.facebook.com\/belectric.solar\/\" \/>\n<meta property=\"article:modified_time\" content=\"2025-11-05T08:40:18+00:00\" \/>\n<meta property=\"og:image\" content=\"https:\/\/belectric-dev.3wm.de\/wp-content\/uploads\/2024\/07\/large-scale-photovoltaic-plants-floating-pv-1024x693.png\" \/>\n\t<meta property=\"og:image:width\" content=\"1024\" \/>\n\t<meta property=\"og:image:height\" content=\"693\" \/>\n\t<meta property=\"og:image:type\" content=\"image\/png\" \/>\n<meta name=\"twitter:card\" content=\"summary_large_image\" \/>\n<meta name=\"twitter:label1\" content=\"Gesch\u00e4tzte Lesezeit\" \/>\n\t<meta name=\"twitter:data1\" content=\"5\u00a0Minuten\" \/>\n<script type=\"application\/ld+json\" class=\"yoast-schema-graph\">{\"@context\":\"https:\/\/schema.org\",\"@graph\":[{\"@type\":\"WebPage\",\"@id\":\"https:\/\/belectric-dev.3wm.de\/de\/produkte\/floating-pv\/\",\"url\":\"https:\/\/belectric-dev.3wm.de\/de\/produkte\/floating-pv\/\",\"name\":\"Floating PV - schwimmende Photovoltaikanlagen: Sonne und Wasser - ein starkes Duo - BELECTRIC\",\"isPartOf\":{\"@id\":\"https:\/\/belectric-dev.3wm.de\/de\/#website\"},\"primaryImageOfPage\":{\"@id\":\"https:\/\/belectric-dev.3wm.de\/de\/produkte\/floating-pv\/#primaryimage\"},\"image\":{\"@id\":\"https:\/\/belectric-dev.3wm.de\/de\/produkte\/floating-pv\/#primaryimage\"},\"thumbnailUrl\":\"https:\/\/belectric-dev.3wm.de\/wp-content\/uploads\/2024\/09\/floating-pv.jpg\",\"datePublished\":\"2023-10-19T10:56:09+00:00\",\"dateModified\":\"2025-11-05T08:40:18+00:00\",\"description\":\"Floating PV -Anlagen boomen. Dank einiger Benchmark-Projekte steht BELECTRIC schon jetzt an der Spitze der schnell wachsenden Branche.\",\"breadcrumb\":{\"@id\":\"https:\/\/belectric-dev.3wm.de\/de\/produkte\/floating-pv\/#breadcrumb\"},\"inLanguage\":\"de\",\"potentialAction\":[{\"@type\":\"ReadAction\",\"target\":[\"https:\/\/belectric-dev.3wm.de\/de\/produkte\/floating-pv\/\"]}]},{\"@type\":\"ImageObject\",\"inLanguage\":\"de\",\"@id\":\"https:\/\/belectric-dev.3wm.de\/de\/produkte\/floating-pv\/#primaryimage\",\"url\":\"https:\/\/belectric-dev.3wm.de\/wp-content\/uploads\/2024\/09\/floating-pv.jpg\",\"contentUrl\":\"https:\/\/belectric-dev.3wm.de\/wp-content\/uploads\/2024\/09\/floating-pv.jpg\"},{\"@type\":\"BreadcrumbList\",\"@id\":\"https:\/\/belectric-dev.3wm.de\/de\/produkte\/floating-pv\/#breadcrumb\",\"itemListElement\":[{\"@type\":\"ListItem\",\"position\":1,\"name\":\"Startseite\",\"item\":\"https:\/\/belectric-dev.3wm.de\/de\/\"},{\"@type\":\"ListItem\",\"position\":2,\"name\":\"Produkte\",\"item\":\"https:\/\/belectric-dev.3wm.de\/de\/produkte\/\"},{\"@type\":\"ListItem\",\"position\":3,\"name\":\"Floating PV &#8211; schwimmende Photovoltaikanlagen\"}]},{\"@type\":\"WebSite\",\"@id\":\"https:\/\/belectric-dev.3wm.de\/de\/#website\",\"url\":\"https:\/\/belectric-dev.3wm.de\/de\/\",\"name\":\"BELECTRIC\",\"description\":\"360\u00b0 solution for ground-mounted solar power plants\",\"publisher\":{\"@id\":\"https:\/\/belectric-dev.3wm.de\/de\/#organization\"},\"potentialAction\":[{\"@type\":\"SearchAction\",\"target\":{\"@type\":\"EntryPoint\",\"urlTemplate\":\"https:\/\/belectric-dev.3wm.de\/de\/?s={search_term_string}\"},\"query-input\":{\"@type\":\"PropertyValueSpecification\",\"valueRequired\":true,\"valueName\":\"search_term_string\"}}],\"inLanguage\":\"de\"},{\"@type\":\"Organization\",\"@id\":\"https:\/\/belectric-dev.3wm.de\/de\/#organization\",\"name\":\"BELECTRIC\",\"url\":\"https:\/\/belectric-dev.3wm.de\/de\/\",\"logo\":{\"@type\":\"ImageObject\",\"inLanguage\":\"de\",\"@id\":\"https:\/\/belectric-dev.3wm.de\/de\/#\/schema\/logo\/image\/\",\"url\":\"https:\/\/belectric-dev.3wm.de\/wp-content\/uploads\/2023\/09\/belectric_member_logo_rgb.svg\",\"contentUrl\":\"https:\/\/belectric-dev.3wm.de\/wp-content\/uploads\/2023\/09\/belectric_member_logo_rgb.svg\",\"width\":805,\"height\":100,\"caption\":\"BELECTRIC\"},\"image\":{\"@id\":\"https:\/\/belectric-dev.3wm.de\/de\/#\/schema\/logo\/image\/\"},\"sameAs\":[\"https:\/\/www.facebook.com\/belectric.solar\/\",\"https:\/\/www.xing.com\/pages\/belectric\",\"https:\/\/www.linkedin.com\/company\/belectric-gmbh\/\",\"https:\/\/www.instagram.com\/belectric_solar\/\",\"https:\/\/www.youtube.com\/@BELECTRIC_GmbH\/videos\"]}]}<\/script>\n<!-- \/ Yoast SEO plugin. -->","yoast_head_json":{"title":"Floating PV - schwimmende Photovoltaikanlagen: Sonne und Wasser - ein starkes Duo - BELECTRIC","description":"Floating PV -Anlagen boomen. Dank einiger Benchmark-Projekte steht BELECTRIC schon jetzt an der Spitze der schnell wachsenden Branche.","robots":{"index":"noindex","follow":"follow","max-snippet":"max-snippet:-1","max-image-preview":"max-image-preview:large","max-video-preview":"max-video-preview:-1"},"og_locale":"de_DE","og_type":"article","og_title":"Floating PV - schwimmende Photovoltaikanlagen: Sonne und Wasser - ein starkes Duo - BELECTRIC","og_description":"Floating PV -Anlagen boomen. Dank einiger Benchmark-Projekte steht BELECTRIC schon jetzt an der Spitze der schnell wachsenden Branche.","og_url":"https:\/\/belectric-dev.3wm.de\/de\/produkte\/floating-pv\/","og_site_name":"BELECTRIC","article_publisher":"https:\/\/www.facebook.com\/belectric.solar\/","article_modified_time":"2025-11-05T08:40:18+00:00","og_image":[{"width":1024,"height":693,"url":"https:\/\/belectric-dev.3wm.de\/wp-content\/uploads\/2024\/07\/large-scale-photovoltaic-plants-floating-pv-1024x693.png","type":"image\/png"}],"twitter_card":"summary_large_image","twitter_misc":{"Gesch\u00e4tzte Lesezeit":"5\u00a0Minuten"},"schema":{"@context":"https:\/\/schema.org","@graph":[{"@type":"WebPage","@id":"https:\/\/belectric-dev.3wm.de\/de\/produkte\/floating-pv\/","url":"https:\/\/belectric-dev.3wm.de\/de\/produkte\/floating-pv\/","name":"Floating PV - schwimmende Photovoltaikanlagen: Sonne und Wasser - ein starkes Duo - BELECTRIC","isPartOf":{"@id":"https:\/\/belectric-dev.3wm.de\/de\/#website"},"primaryImageOfPage":{"@id":"https:\/\/belectric-dev.3wm.de\/de\/produkte\/floating-pv\/#primaryimage"},"image":{"@id":"https:\/\/belectric-dev.3wm.de\/de\/produkte\/floating-pv\/#primaryimage"},"thumbnailUrl":"https:\/\/belectric-dev.3wm.de\/wp-content\/uploads\/2024\/09\/floating-pv.jpg","datePublished":"2023-10-19T10:56:09+00:00","dateModified":"2025-11-05T08:40:18+00:00","description":"Floating PV -Anlagen boomen. Dank einiger Benchmark-Projekte steht BELECTRIC schon jetzt an der Spitze der schnell wachsenden Branche.","breadcrumb":{"@id":"https:\/\/belectric-dev.3wm.de\/de\/produkte\/floating-pv\/#breadcrumb"},"inLanguage":"de","potentialAction":[{"@type":"ReadAction","target":["https:\/\/belectric-dev.3wm.de\/de\/produkte\/floating-pv\/"]}]},{"@type":"ImageObject","inLanguage":"de","@id":"https:\/\/belectric-dev.3wm.de\/de\/produkte\/floating-pv\/#primaryimage","url":"https:\/\/belectric-dev.3wm.de\/wp-content\/uploads\/2024\/09\/floating-pv.jpg","contentUrl":"https:\/\/belectric-dev.3wm.de\/wp-content\/uploads\/2024\/09\/floating-pv.jpg"},{"@type":"BreadcrumbList","@id":"https:\/\/belectric-dev.3wm.de\/de\/produkte\/floating-pv\/#breadcrumb","itemListElement":[{"@type":"ListItem","position":1,"name":"Startseite","item":"https:\/\/belectric-dev.3wm.de\/de\/"},{"@type":"ListItem","position":2,"name":"Produkte","item":"https:\/\/belectric-dev.3wm.de\/de\/produkte\/"},{"@type":"ListItem","position":3,"name":"Floating PV &#8211; schwimmende Photovoltaikanlagen"}]},{"@type":"WebSite","@id":"https:\/\/belectric-dev.3wm.de\/de\/#website","url":"https:\/\/belectric-dev.3wm.de\/de\/","name":"BELECTRIC","description":"360\u00b0 solution for ground-mounted solar power plants","publisher":{"@id":"https:\/\/belectric-dev.3wm.de\/de\/#organization"},"potentialAction":[{"@type":"SearchAction","target":{"@type":"EntryPoint","urlTemplate":"https:\/\/belectric-dev.3wm.de\/de\/?s={search_term_string}"},"query-input":{"@type":"PropertyValueSpecification","valueRequired":true,"valueName":"search_term_string"}}],"inLanguage":"de"},{"@type":"Organization","@id":"https:\/\/belectric-dev.3wm.de\/de\/#organization","name":"BELECTRIC","url":"https:\/\/belectric-dev.3wm.de\/de\/","logo":{"@type":"ImageObject","inLanguage":"de","@id":"https:\/\/belectric-dev.3wm.de\/de\/#\/schema\/logo\/image\/","url":"https:\/\/belectric-dev.3wm.de\/wp-content\/uploads\/2023\/09\/belectric_member_logo_rgb.svg","contentUrl":"https:\/\/belectric-dev.3wm.de\/wp-content\/uploads\/2023\/09\/belectric_member_logo_rgb.svg","width":805,"height":100,"caption":"BELECTRIC"},"image":{"@id":"https:\/\/belectric-dev.3wm.de\/de\/#\/schema\/logo\/image\/"},"sameAs":["https:\/\/www.facebook.com\/belectric.solar\/","https:\/\/www.xing.com\/pages\/belectric","https:\/\/www.linkedin.com\/company\/belectric-gmbh\/","https:\/\/www.instagram.com\/belectric_solar\/","https:\/\/www.youtube.com\/@BELECTRIC_GmbH\/videos"]}]}},"_links":{"self":[{"href":"https:\/\/belectric-dev.3wm.de\/de\/wp-json\/wp\/v2\/pages\/1312","targetHints":{"allow":["GET"]}}],"collection":[{"href":"https:\/\/belectric-dev.3wm.de\/de\/wp-json\/wp\/v2\/pages"}],"about":[{"href":"https:\/\/belectric-dev.3wm.de\/de\/wp-json\/wp\/v2\/types\/page"}],"author":[{"embeddable":true,"href":"https:\/\/belectric-dev.3wm.de\/de\/wp-json\/wp\/v2\/users\/1"}],"replies":[{"embeddable":true,"href":"https:\/\/belectric-dev.3wm.de\/de\/wp-json\/wp\/v2\/comments?post=1312"}],"version-history":[{"count":6,"href":"https:\/\/belectric-dev.3wm.de\/de\/wp-json\/wp\/v2\/pages\/1312\/revisions"}],"predecessor-version":[{"id":15167,"href":"https:\/\/belectric-dev.3wm.de\/de\/wp-json\/wp\/v2\/pages\/1312\/revisions\/15167"}],"up":[{"embeddable":true,"href":"https:\/\/belectric-dev.3wm.de\/de\/wp-json\/wp\/v2\/pages\/1308"}],"wp:attachment":[{"href":"https:\/\/belectric-dev.3wm.de\/de\/wp-json\/wp\/v2\/media?parent=1312"}],"curies":[{"name":"wp","href":"https:\/\/api.w.org\/{rel}","templated":true}]}}