{"id":1314,"date":"2023-10-19T12:55:55","date_gmt":"2023-10-19T10:55:55","guid":{"rendered":"https:\/\/www.belectric-relaunch.srv-3wm-007.de\/?page_id=1314"},"modified":"2025-12-05T11:00:10","modified_gmt":"2025-12-05T10:00:10","slug":"hybridanlagen","status":"publish","type":"page","link":"https:\/\/belectric-dev.3wm.de\/de\/produkte\/hybridanlagen\/","title":{"rendered":"Hybridanlagen &#8211; die Synergie aus Photovoltaik und Batteriespeicher"},"content":{"rendered":"\n<p>Hybride PV-Anlagen sind weltweit der Schl\u00fcssel zu einer kosteneffizienten, stabilen und nachhaltigen Energieversorgung. Sie erm\u00f6glichen eine netzvertr\u00e4gliche Gestaltung der Energiewende. Deshalb stehen wir unseren Kunden nicht nur im Bereich Photovoltaik sondern auch als&nbsp;<strong>Generalunternehmer<\/strong>&nbsp;im Engineering und Einkauf von&nbsp;<strong>Batteriespeicher-L\u00f6sungen<\/strong>&nbsp;zur Seite.<\/p>\n\n\n\n<p>Wir k\u00fcmmern uns ganzheitlich um die Integration unterschiedlicher Speicherl\u00f6sungen in das hybride Gesamtsystem. Unser PV-Know-how flie\u00dft dabei vom Bau bis zum Netzanschluss in alle Teilbereiche der Integration ein. Wer also die Kombination aus neuster Solartechnologie und Batteriespeicher sucht, wird bei uns f\u00fcndig!<\/p>\n\n\n\n<div style=\"height:50px\" aria-hidden=\"true\" class=\"wp-block-spacer\"><\/div>\n\n\n\n<div class=\"wp-block-columns is-style-belectric-fadeInLeft-stairs-columns is-layout-flex wp-container-core-columns-is-layout-f5a44f5b wp-block-columns-is-layout-flex\">\n<div class=\"wp-block-column is-layout-flow wp-block-column-is-layout-flow\">\n<figure class=\"wp-block-image size-full\" id=\"engineering\"><img decoding=\"async\" src=\"https:\/\/belectric-dev.3wm.de\/wp-content\/uploads\/2024\/09\/battery-storage-integration.jpg\" alt=\"A battery storage system in front of a wind farm\" class=\"wp-image-3993\"\/><\/figure>\n\n\n\n<h3 class=\"wp-block-heading has-primary-color has-text-color has-link-color wp-elements-047e12c893ace72e73598d69fb191ef4\">Batteriespeicher-Integration in das Gesamtsystem<\/h3>\n\n\n\n<p>Als Generalunternehmer k\u00fcmmern wir uns ganzheitlich um die Integration unterschiedlicher Speicherl\u00f6sungen in das Gesamtsystem. Hierzu bedienen wir uns der g\u00e4ngigen, am Markt verf\u00fcgbaren Angebote. Unser PV-Know-how flie\u00dft vom Bau bis zum Netzanschluss in alle Teilbereiche der Integration ein. Immer im Blick haben wir dabei den f\u00fcr Sie optimalen Business Case. So stellen wir die Kombination aller Komponenten zu einem intelligenten Energiemanagementsystem sicher.<\/p>\n<\/div>\n\n\n\n<div class=\"wp-block-column is-layout-flow wp-block-column-is-layout-flow\">\n<figure class=\"wp-block-image size-full has-custom-border\" id=\"procurement\"><img decoding=\"async\" src=\"https:\/\/belectric-dev.3wm.de\/wp-content\/uploads\/2024\/09\/battery-storage-grid-services.jpg\" alt=\"A battery storage system shown from inside\" class=\"wp-image-3999\" style=\"border-style:none;border-width:0px\"\/><\/figure>\n\n\n\n<h3 class=\"wp-block-heading has-primary-color has-text-color has-link-color wp-elements-7a8805b6d182ecc508db43692e37c320\">Von der reinen Speicherung bis zur Netzdienstleistung&nbsp;<\/h3>\n\n\n\n<p>Ob AC- oder DC-gekoppelte Systeme \u2013 wir verf\u00fcgen \u00fcber langj\u00e4hrige Erfahrung mit Batteriespeichern und blicken auf eine Vielzahl erfolgreich&nbsp;<a href=\"https:\/\/belectric-dev.3wm.de\/de\/projekte\/\">umgesetzter Projekte<\/a>&nbsp;zur\u00fcck. Als kompetenter Generalunternehmer bieten wir wie auch bei PV-Anlagen den Anschluss an die Mittel- oder gar Hochspannung an. Hierf\u00fcr muss kein weiterer Dienstleister beauftragt werden. Au\u00dferdem erm\u00f6glichen unsere hybriden PV-Anlagen das Aufnehmen und Abgeben von Regelleistung zur Stabilisierung der Stromnetzfrequenz.<\/p>\n<\/div>\n\n\n\n<div class=\"wp-block-column is-layout-flow wp-block-column-is-layout-flow\">\n<figure class=\"wp-block-image size-full\" id=\"construction\"><img decoding=\"async\" src=\"https:\/\/belectric-dev.3wm.de\/wp-content\/uploads\/2024\/09\/battery-storage-system.jpg\" alt=\"A battery storage system photographed from above\" class=\"wp-image-3987\"\/><\/figure>\n\n\n\n<h3 class=\"wp-block-heading has-primary-color has-text-color has-link-color wp-elements-7951fc34e5e644a29c8d6a3382f698d9\">Schnittstelle zu Dienstleistern und Energieversorgern<\/h3>\n\n\n\n<p>Als starker EPC-Dienstleister mit eigenem SCADA-Team nehmen wir eine Schnittstellenfunktion zu allen beteiligten Partnern wahr. Besonders bei sicherheitsrelevanten Fragen stehen wir in engem Kontakt mit unseren Dienstleistern. Dar\u00fcber hinaus \u00fcbernehmen wir s\u00e4mtliche Abstimmungen mit dem jeweiligen Energieversorger beziehungsweise dem Direktvermarkter.<\/p>\n<\/div>\n<\/div>\n\n\n\n<div style=\"height:100px\" aria-hidden=\"true\" class=\"wp-block-spacer\"><\/div>\n\n\n\n<div class=\"wp-block-group alignfull has-light-grey-background-color has-background has-global-padding is-layout-constrained wp-container-core-group-is-layout-a47ab161 wp-block-group-is-layout-constrained\" style=\"padding-top:var(--wp--preset--spacing--60);padding-right:var(--wp--preset--spacing--50);padding-bottom:var(--wp--preset--spacing--60);padding-left:var(--wp--preset--spacing--50)\">\n<h3 class=\"wp-block-heading has-text-align-center has-primary-color has-text-color has-link-color wp-elements-d8446994ddd79be1c9171f2ab6eff391\">Vorteile von Hybridanlagen<\/h3>\n\n\n\n<div style=\"height:20px\" aria-hidden=\"true\" class=\"wp-block-spacer\"><\/div>\n\n\n\n<div class=\"wp-block-columns is-layout-flex wp-container-core-columns-is-layout-28f84493 wp-block-columns-is-layout-flex\">\n<div class=\"wp-block-column is-layout-flow wp-block-column-is-layout-flow\">\n<figure class=\"wp-block-image aligncenter size-full is-resized\"><img loading=\"lazy\" decoding=\"async\" width=\"1000\" height=\"1000\" src=\"https:\/\/belectric-dev.3wm.de\/wp-content\/uploads\/2024\/09\/BEL_Icon_Netzstecker-Screen_pos.png\" alt=\"A red and yellow icon showing a power plug\" class=\"wp-image-3970\" style=\"width:100px\" srcset=\"https:\/\/belectric-dev.3wm.de\/wp-content\/uploads\/2024\/09\/BEL_Icon_Netzstecker-Screen_pos.png 1000w, https:\/\/belectric-dev.3wm.de\/wp-content\/uploads\/2024\/09\/BEL_Icon_Netzstecker-Screen_pos-300x300.png 300w, https:\/\/belectric-dev.3wm.de\/wp-content\/uploads\/2024\/09\/BEL_Icon_Netzstecker-Screen_pos-768x768.png 768w\" sizes=\"auto, (max-width: 1000px) 100vw, 1000px\" \/><\/figure>\n\n\n\n<p class=\"has-text-align-center\"><strong>Netzvertr\u00e4gliche Energieerzeugung<\/strong><\/p>\n\n\n\n<p class=\"has-text-align-center\">Eine Kombination von Solarenergie und Batteriespeicher erm\u00f6glicht es, die Erneuerbaren Energien netzvertr\u00e4glich zu gestalten. Der erzeugte Strom kann je nach Bedarf eingespeist werden, was das Produktionsprofil verbessert.<\/p>\n<\/div>\n\n\n\n<div class=\"wp-block-column is-layout-flow wp-block-column-is-layout-flow\">\n<figure class=\"wp-block-image aligncenter size-full is-resized\"><img loading=\"lazy\" decoding=\"async\" width=\"1000\" height=\"1000\" src=\"https:\/\/belectric-dev.3wm.de\/wp-content\/uploads\/2024\/07\/BEL_Icon_Geld-Screen_pos.png\" alt=\"Icon in red and yellow that shows a Euro coin\" class=\"wp-image-2522\" style=\"width:100px\" srcset=\"https:\/\/belectric-dev.3wm.de\/wp-content\/uploads\/2024\/07\/BEL_Icon_Geld-Screen_pos.png 1000w, https:\/\/belectric-dev.3wm.de\/wp-content\/uploads\/2024\/07\/BEL_Icon_Geld-Screen_pos-300x300.png 300w, https:\/\/belectric-dev.3wm.de\/wp-content\/uploads\/2024\/07\/BEL_Icon_Geld-Screen_pos-768x768.png 768w\" sizes=\"auto, (max-width: 1000px) 100vw, 1000px\" \/><\/figure>\n\n\n\n<p class=\"has-text-align-center\"><strong>Lukrativer Investment-Case<\/strong><\/p>\n\n\n\n<p class=\"has-text-align-center\">Wir passen unsere hybriden PV-Anlagen an Ihren Investment- und Business Case an. Sie entsprechen unter anderem den Anforderungen der deutschen Innovationsausschreibung.<\/p>\n<\/div>\n\n\n\n<div class=\"wp-block-column is-layout-flow wp-block-column-is-layout-flow\">\n<figure class=\"wp-block-image aligncenter size-full is-resized\"><img loading=\"lazy\" decoding=\"async\" width=\"1000\" height=\"1000\" src=\"https:\/\/belectric-dev.3wm.de\/wp-content\/uploads\/2024\/09\/BEL_Icon_Netzstabilitaet-Screen_pos.png\" alt=\"A red and yellow icon that shows a power line\" class=\"wp-image-3976\" style=\"width:100px\" srcset=\"https:\/\/belectric-dev.3wm.de\/wp-content\/uploads\/2024\/09\/BEL_Icon_Netzstabilitaet-Screen_pos.png 1000w, https:\/\/belectric-dev.3wm.de\/wp-content\/uploads\/2024\/09\/BEL_Icon_Netzstabilitaet-Screen_pos-300x300.png 300w, https:\/\/belectric-dev.3wm.de\/wp-content\/uploads\/2024\/09\/BEL_Icon_Netzstabilitaet-Screen_pos-768x768.png 768w\" sizes=\"auto, (max-width: 1000px) 100vw, 1000px\" \/><\/figure>\n\n\n\n<p class=\"has-text-align-center\"><strong>Erbringung von Netzdienstleistungen<\/strong><\/p>\n\n\n\n<p class=\"has-text-align-center\">Batteriespeicher k\u00f6nnen nicht nur Energie speichern und wieder an das Netz abgeben, sondern helfen auch dabei, die Netzfrequenz stabil zu halten. Das sorgt f\u00fcr zus\u00e4tzliche Einnahmen f\u00fcr unsere Kunden.<\/p>\n<\/div>\n<\/div>\n<\/div>\n\n\n\n<div style=\"height:100px\" aria-hidden=\"true\" class=\"wp-block-spacer\"><\/div>\n\n\n\n<div class=\"wp-block-columns is-layout-flex wp-container-core-columns-is-layout-28f84493 wp-block-columns-is-layout-flex\">\n<div class=\"wp-block-column is-layout-flow wp-block-column-is-layout-flow\" style=\"flex-basis:66.66%\">\n<figure class=\"wp-block-image size-full\"><img loading=\"lazy\" decoding=\"async\" width=\"1400\" height=\"947\" src=\"https:\/\/belectric-dev.3wm.de\/wp-content\/uploads\/2024\/09\/battery-storage-container.jpg\" alt=\"\" class=\"wp-image-4006\" srcset=\"https:\/\/belectric-dev.3wm.de\/wp-content\/uploads\/2024\/09\/battery-storage-container.jpg 1400w, https:\/\/belectric-dev.3wm.de\/wp-content\/uploads\/2024\/09\/battery-storage-container-300x203.jpg 300w, https:\/\/belectric-dev.3wm.de\/wp-content\/uploads\/2024\/09\/battery-storage-container-1024x693.jpg 1024w, https:\/\/belectric-dev.3wm.de\/wp-content\/uploads\/2024\/09\/battery-storage-container-768x519.jpg 768w\" sizes=\"auto, (max-width: 1400px) 100vw, 1400px\" \/><\/figure>\n<\/div>\n\n\n\n<div class=\"wp-block-column is-layout-flow wp-block-column-is-layout-flow\" style=\"flex-basis:33.33%\">\n<h3 class=\"wp-block-heading has-text-align-left has-primary-color has-text-color has-link-color wp-elements-411f812f5c8da9f4cd715d91f5c8277e\">Was uns ausmacht<\/h3>\n\n\n\n<p class=\"has-text-align-left\"><strong>Langj\u00e4hrige Erfahrung:&nbsp;<\/strong>In jedes Projekt bringen wir mehr als 20 Jahre Solar-Expertise ein.<\/p>\n\n\n\n<p><strong>Weltweit aktiv, in Unterfranken zuhause:&nbsp;<\/strong>Wir sind erfahren mit regionalen sowie internationalen Projekten.<\/p>\n\n\n\n<p><strong>Ganzheitlich:&nbsp;<\/strong>Bei uns stammen alle Schritte von der Entwicklung \u00fcber den Bau der Anlagen aus einer Hand.<\/p>\n\n\n\n<p><strong>Rundum sorglos:&nbsp;<\/strong>Wir \u00fcbernehmen die Wartung und Instandhaltung der Solaranlagen.<\/p>\n<\/div>\n<\/div>\n","protected":false},"excerpt":{"rendered":"<p>Hybride PV-Anlagen sind weltweit der Schl\u00fcssel zu einer kosteneffizienten, stabilen und nachhaltigen Energieversorgung. Sie erm\u00f6glichen eine netzvertr\u00e4gliche Gestaltung der Energiewende. Deshalb stehen wir unseren Kunden nicht nur im Bereich Photovoltaik sondern auch als&nbsp;Generalunternehmer&nbsp;im Engineering und Einkauf von&nbsp;Batteriespeicher-L\u00f6sungen&nbsp;zur Seite. Wir k\u00fcmmern uns ganzheitlich um die Integration unterschiedlicher Speicherl\u00f6sungen in das hybride Gesamtsystem. Unser PV-Know-how flie\u00dft dabei&#8230;<\/p>\n","protected":false},"author":1,"featured_media":2678,"parent":1308,"menu_order":0,"comment_status":"closed","ping_status":"closed","template":"","meta":{"_acf_changed":false,"footnotes":""},"class_list":["post-1314","page","type-page","status-publish","has-post-thumbnail","hentry"],"acf":[],"yoast_head":"<!-- This site is optimized with the Yoast SEO plugin v27.2 - https:\/\/yoast.com\/product\/yoast-seo-wordpress\/ -->\n<title>Hybridanlagen - die Synergie aus Photovoltaik und Batteriespeicher: Batteriespeicher trifft PV - BELECTRIC<\/title>\n<meta name=\"description\" content=\"Die Hybride PV-Anlagen von BELECTRIC vereinen neuste Solartechnologie und passende Batteriespeicher-L\u00f6sungen.\" \/>\n<meta name=\"robots\" content=\"noindex, follow, max-snippet:-1, max-image-preview:large, max-video-preview:-1\" \/>\n<meta property=\"og:locale\" content=\"de_DE\" \/>\n<meta property=\"og:type\" content=\"article\" \/>\n<meta property=\"og:title\" content=\"Hybridanlagen - die Synergie aus Photovoltaik und Batteriespeicher: Batteriespeicher trifft PV - BELECTRIC\" \/>\n<meta property=\"og:description\" content=\"Die Hybride PV-Anlagen von BELECTRIC vereinen neuste Solartechnologie und passende Batteriespeicher-L\u00f6sungen.\" \/>\n<meta property=\"og:url\" content=\"https:\/\/belectric-dev.3wm.de\/de\/produkte\/hybridanlagen\/\" \/>\n<meta property=\"og:site_name\" content=\"BELECTRIC\" \/>\n<meta property=\"article:publisher\" content=\"https:\/\/www.facebook.com\/belectric.solar\/\" \/>\n<meta property=\"article:modified_time\" content=\"2025-12-05T10:00:10+00:00\" \/>\n<meta property=\"og:image\" content=\"https:\/\/belectric-dev.3wm.de\/wp-content\/uploads\/2024\/07\/large-scale-photovoltaic-plants-hyprid-systems-1024x693.png\" \/>\n\t<meta property=\"og:image:width\" content=\"1024\" \/>\n\t<meta property=\"og:image:height\" content=\"693\" \/>\n\t<meta property=\"og:image:type\" content=\"image\/png\" \/>\n<meta name=\"twitter:card\" content=\"summary_large_image\" \/>\n<meta name=\"twitter:label1\" content=\"Gesch\u00e4tzte Lesezeit\" \/>\n\t<meta name=\"twitter:data1\" content=\"4\u00a0Minuten\" \/>\n<script type=\"application\/ld+json\" class=\"yoast-schema-graph\">{\"@context\":\"https:\/\/schema.org\",\"@graph\":[{\"@type\":\"WebPage\",\"@id\":\"https:\/\/belectric-dev.3wm.de\/de\/produkte\/hybridanlagen\/\",\"url\":\"https:\/\/belectric-dev.3wm.de\/de\/produkte\/hybridanlagen\/\",\"name\":\"Hybridanlagen - die Synergie aus Photovoltaik und Batteriespeicher: Batteriespeicher trifft PV - BELECTRIC\",\"isPartOf\":{\"@id\":\"https:\/\/belectric-dev.3wm.de\/de\/#website\"},\"primaryImageOfPage\":{\"@id\":\"https:\/\/belectric-dev.3wm.de\/de\/produkte\/hybridanlagen\/#primaryimage\"},\"image\":{\"@id\":\"https:\/\/belectric-dev.3wm.de\/de\/produkte\/hybridanlagen\/#primaryimage\"},\"thumbnailUrl\":\"https:\/\/belectric-dev.3wm.de\/wp-content\/uploads\/2024\/07\/large-scale-photovoltaic-plants-hyprid-systems.png\",\"datePublished\":\"2023-10-19T10:55:55+00:00\",\"dateModified\":\"2025-12-05T10:00:10+00:00\",\"description\":\"Die Hybride PV-Anlagen von BELECTRIC vereinen neuste Solartechnologie und passende Batteriespeicher-L\u00f6sungen.\",\"breadcrumb\":{\"@id\":\"https:\/\/belectric-dev.3wm.de\/de\/produkte\/hybridanlagen\/#breadcrumb\"},\"inLanguage\":\"de\",\"potentialAction\":[{\"@type\":\"ReadAction\",\"target\":[\"https:\/\/belectric-dev.3wm.de\/de\/produkte\/hybridanlagen\/\"]}]},{\"@type\":\"ImageObject\",\"inLanguage\":\"de\",\"@id\":\"https:\/\/belectric-dev.3wm.de\/de\/produkte\/hybridanlagen\/#primaryimage\",\"url\":\"https:\/\/belectric-dev.3wm.de\/wp-content\/uploads\/2024\/07\/large-scale-photovoltaic-plants-hyprid-systems.png\",\"contentUrl\":\"https:\/\/belectric-dev.3wm.de\/wp-content\/uploads\/2024\/07\/large-scale-photovoltaic-plants-hyprid-systems.png\",\"width\":1400,\"height\":947,\"caption\":\"A Hyprid Systems\"},{\"@type\":\"BreadcrumbList\",\"@id\":\"https:\/\/belectric-dev.3wm.de\/de\/produkte\/hybridanlagen\/#breadcrumb\",\"itemListElement\":[{\"@type\":\"ListItem\",\"position\":1,\"name\":\"Startseite\",\"item\":\"https:\/\/belectric-dev.3wm.de\/de\/\"},{\"@type\":\"ListItem\",\"position\":2,\"name\":\"Produkte\",\"item\":\"https:\/\/belectric-dev.3wm.de\/de\/produkte\/\"},{\"@type\":\"ListItem\",\"position\":3,\"name\":\"Hybridanlagen &#8211; die Synergie aus Photovoltaik und Batteriespeicher\"}]},{\"@type\":\"WebSite\",\"@id\":\"https:\/\/belectric-dev.3wm.de\/de\/#website\",\"url\":\"https:\/\/belectric-dev.3wm.de\/de\/\",\"name\":\"BELECTRIC\",\"description\":\"360\u00b0 solution for ground-mounted solar power plants\",\"publisher\":{\"@id\":\"https:\/\/belectric-dev.3wm.de\/de\/#organization\"},\"potentialAction\":[{\"@type\":\"SearchAction\",\"target\":{\"@type\":\"EntryPoint\",\"urlTemplate\":\"https:\/\/belectric-dev.3wm.de\/de\/?s={search_term_string}\"},\"query-input\":{\"@type\":\"PropertyValueSpecification\",\"valueRequired\":true,\"valueName\":\"search_term_string\"}}],\"inLanguage\":\"de\"},{\"@type\":\"Organization\",\"@id\":\"https:\/\/belectric-dev.3wm.de\/de\/#organization\",\"name\":\"BELECTRIC\",\"url\":\"https:\/\/belectric-dev.3wm.de\/de\/\",\"logo\":{\"@type\":\"ImageObject\",\"inLanguage\":\"de\",\"@id\":\"https:\/\/belectric-dev.3wm.de\/de\/#\/schema\/logo\/image\/\",\"url\":\"https:\/\/belectric-dev.3wm.de\/wp-content\/uploads\/2023\/09\/belectric_member_logo_rgb.svg\",\"contentUrl\":\"https:\/\/belectric-dev.3wm.de\/wp-content\/uploads\/2023\/09\/belectric_member_logo_rgb.svg\",\"width\":805,\"height\":100,\"caption\":\"BELECTRIC\"},\"image\":{\"@id\":\"https:\/\/belectric-dev.3wm.de\/de\/#\/schema\/logo\/image\/\"},\"sameAs\":[\"https:\/\/www.facebook.com\/belectric.solar\/\",\"https:\/\/www.xing.com\/pages\/belectric\",\"https:\/\/www.linkedin.com\/company\/belectric-gmbh\/\",\"https:\/\/www.instagram.com\/belectric_solar\/\",\"https:\/\/www.youtube.com\/@BELECTRIC_GmbH\/videos\"]}]}<\/script>\n<!-- \/ Yoast SEO plugin. -->","yoast_head_json":{"title":"Hybridanlagen - die Synergie aus Photovoltaik und Batteriespeicher: Batteriespeicher trifft PV - BELECTRIC","description":"Die Hybride PV-Anlagen von BELECTRIC vereinen neuste Solartechnologie und passende Batteriespeicher-L\u00f6sungen.","robots":{"index":"noindex","follow":"follow","max-snippet":"max-snippet:-1","max-image-preview":"max-image-preview:large","max-video-preview":"max-video-preview:-1"},"og_locale":"de_DE","og_type":"article","og_title":"Hybridanlagen - die Synergie aus Photovoltaik und Batteriespeicher: Batteriespeicher trifft PV - BELECTRIC","og_description":"Die Hybride PV-Anlagen von BELECTRIC vereinen neuste Solartechnologie und passende Batteriespeicher-L\u00f6sungen.","og_url":"https:\/\/belectric-dev.3wm.de\/de\/produkte\/hybridanlagen\/","og_site_name":"BELECTRIC","article_publisher":"https:\/\/www.facebook.com\/belectric.solar\/","article_modified_time":"2025-12-05T10:00:10+00:00","og_image":[{"width":1024,"height":693,"url":"https:\/\/belectric-dev.3wm.de\/wp-content\/uploads\/2024\/07\/large-scale-photovoltaic-plants-hyprid-systems-1024x693.png","type":"image\/png"}],"twitter_card":"summary_large_image","twitter_misc":{"Gesch\u00e4tzte Lesezeit":"4\u00a0Minuten"},"schema":{"@context":"https:\/\/schema.org","@graph":[{"@type":"WebPage","@id":"https:\/\/belectric-dev.3wm.de\/de\/produkte\/hybridanlagen\/","url":"https:\/\/belectric-dev.3wm.de\/de\/produkte\/hybridanlagen\/","name":"Hybridanlagen - die Synergie aus Photovoltaik und Batteriespeicher: Batteriespeicher trifft PV - BELECTRIC","isPartOf":{"@id":"https:\/\/belectric-dev.3wm.de\/de\/#website"},"primaryImageOfPage":{"@id":"https:\/\/belectric-dev.3wm.de\/de\/produkte\/hybridanlagen\/#primaryimage"},"image":{"@id":"https:\/\/belectric-dev.3wm.de\/de\/produkte\/hybridanlagen\/#primaryimage"},"thumbnailUrl":"https:\/\/belectric-dev.3wm.de\/wp-content\/uploads\/2024\/07\/large-scale-photovoltaic-plants-hyprid-systems.png","datePublished":"2023-10-19T10:55:55+00:00","dateModified":"2025-12-05T10:00:10+00:00","description":"Die Hybride PV-Anlagen von BELECTRIC vereinen neuste Solartechnologie und passende Batteriespeicher-L\u00f6sungen.","breadcrumb":{"@id":"https:\/\/belectric-dev.3wm.de\/de\/produkte\/hybridanlagen\/#breadcrumb"},"inLanguage":"de","potentialAction":[{"@type":"ReadAction","target":["https:\/\/belectric-dev.3wm.de\/de\/produkte\/hybridanlagen\/"]}]},{"@type":"ImageObject","inLanguage":"de","@id":"https:\/\/belectric-dev.3wm.de\/de\/produkte\/hybridanlagen\/#primaryimage","url":"https:\/\/belectric-dev.3wm.de\/wp-content\/uploads\/2024\/07\/large-scale-photovoltaic-plants-hyprid-systems.png","contentUrl":"https:\/\/belectric-dev.3wm.de\/wp-content\/uploads\/2024\/07\/large-scale-photovoltaic-plants-hyprid-systems.png","width":1400,"height":947,"caption":"A Hyprid Systems"},{"@type":"BreadcrumbList","@id":"https:\/\/belectric-dev.3wm.de\/de\/produkte\/hybridanlagen\/#breadcrumb","itemListElement":[{"@type":"ListItem","position":1,"name":"Startseite","item":"https:\/\/belectric-dev.3wm.de\/de\/"},{"@type":"ListItem","position":2,"name":"Produkte","item":"https:\/\/belectric-dev.3wm.de\/de\/produkte\/"},{"@type":"ListItem","position":3,"name":"Hybridanlagen &#8211; die Synergie aus Photovoltaik und Batteriespeicher"}]},{"@type":"WebSite","@id":"https:\/\/belectric-dev.3wm.de\/de\/#website","url":"https:\/\/belectric-dev.3wm.de\/de\/","name":"BELECTRIC","description":"360\u00b0 solution for ground-mounted solar power plants","publisher":{"@id":"https:\/\/belectric-dev.3wm.de\/de\/#organization"},"potentialAction":[{"@type":"SearchAction","target":{"@type":"EntryPoint","urlTemplate":"https:\/\/belectric-dev.3wm.de\/de\/?s={search_term_string}"},"query-input":{"@type":"PropertyValueSpecification","valueRequired":true,"valueName":"search_term_string"}}],"inLanguage":"de"},{"@type":"Organization","@id":"https:\/\/belectric-dev.3wm.de\/de\/#organization","name":"BELECTRIC","url":"https:\/\/belectric-dev.3wm.de\/de\/","logo":{"@type":"ImageObject","inLanguage":"de","@id":"https:\/\/belectric-dev.3wm.de\/de\/#\/schema\/logo\/image\/","url":"https:\/\/belectric-dev.3wm.de\/wp-content\/uploads\/2023\/09\/belectric_member_logo_rgb.svg","contentUrl":"https:\/\/belectric-dev.3wm.de\/wp-content\/uploads\/2023\/09\/belectric_member_logo_rgb.svg","width":805,"height":100,"caption":"BELECTRIC"},"image":{"@id":"https:\/\/belectric-dev.3wm.de\/de\/#\/schema\/logo\/image\/"},"sameAs":["https:\/\/www.facebook.com\/belectric.solar\/","https:\/\/www.xing.com\/pages\/belectric","https:\/\/www.linkedin.com\/company\/belectric-gmbh\/","https:\/\/www.instagram.com\/belectric_solar\/","https:\/\/www.youtube.com\/@BELECTRIC_GmbH\/videos"]}]}},"_links":{"self":[{"href":"https:\/\/belectric-dev.3wm.de\/de\/wp-json\/wp\/v2\/pages\/1314","targetHints":{"allow":["GET"]}}],"collection":[{"href":"https:\/\/belectric-dev.3wm.de\/de\/wp-json\/wp\/v2\/pages"}],"about":[{"href":"https:\/\/belectric-dev.3wm.de\/de\/wp-json\/wp\/v2\/types\/page"}],"author":[{"embeddable":true,"href":"https:\/\/belectric-dev.3wm.de\/de\/wp-json\/wp\/v2\/users\/1"}],"replies":[{"embeddable":true,"href":"https:\/\/belectric-dev.3wm.de\/de\/wp-json\/wp\/v2\/comments?post=1314"}],"version-history":[{"count":8,"href":"https:\/\/belectric-dev.3wm.de\/de\/wp-json\/wp\/v2\/pages\/1314\/revisions"}],"predecessor-version":[{"id":15497,"href":"https:\/\/belectric-dev.3wm.de\/de\/wp-json\/wp\/v2\/pages\/1314\/revisions\/15497"}],"up":[{"embeddable":true,"href":"https:\/\/belectric-dev.3wm.de\/de\/wp-json\/wp\/v2\/pages\/1308"}],"wp:featuredmedia":[{"embeddable":true,"href":"https:\/\/belectric-dev.3wm.de\/de\/wp-json\/wp\/v2\/media\/2678"}],"wp:attachment":[{"href":"https:\/\/belectric-dev.3wm.de\/de\/wp-json\/wp\/v2\/media?parent=1314"}],"curies":[{"name":"wp","href":"https:\/\/api.w.org\/{rel}","templated":true}]}}