{"id":1316,"date":"2023-10-19T12:55:28","date_gmt":"2023-10-19T10:55:28","guid":{"rendered":"https:\/\/www.belectric-relaunch.srv-3wm-007.de\/?page_id=1316"},"modified":"2025-12-05T11:38:50","modified_gmt":"2025-12-05T10:38:50","slug":"solarparks","status":"publish","type":"page","link":"https:\/\/belectric-dev.3wm.de\/de\/produkte\/solarparks\/","title":{"rendered":"Wir bauen europaweit Solarparks auf freier Fl\u00e4che"},"content":{"rendered":"\n<p>Wir sind Mittelstand, aber wir k\u00f6nnen auch ganz gro\u00df. Seit unserer Firmengr\u00fcndung im Jahr 2001 sind wir spezialisiert auf die&nbsp;<strong>Entwicklung<\/strong>, den&nbsp;<strong>Bau<\/strong>&nbsp;und die&nbsp;<strong>Betriebsf\u00fchrung<\/strong>&nbsp;von gro\u00dfen Solarparks. Mit Aktivit\u00e4ten in acht L\u00e4ndern und einem breiten Netzwerk an Lieferanten und Partnern bauen wir f\u00fcr unsere Kunden nun seit mehr als zwei Jahrzehnten Kraftwerke nach dem neusten Stand der Technik. Wir sind Ihr kompetenter Ansprechpartner, wenn Sie einen Solarpark bauen oder sich \u00fcber die Solarpark-Kosten informieren m\u00f6chten.<\/p>\n\n\n\n<p>Als \u201eEarly Mover\u201c haben wir uns sehr fr\u00fch dem europ\u00e4ischen und schnell dem au\u00dfereurop\u00e4ischen Markt zugewandt. Seither sind wir mit unseren Solarparks \u00fcberall in der Welt zuhause. Im Jahr 2012 erreichten wir als erstes Unternehmen weltweit den historischen Meilenstein von einem Gigawatt installierter Leistung. Heute geh\u00f6ren wir seit fast zwei Jahrzehnten zu den f\u00fchrenden EPC-Dienstleistern f\u00fcr Solarparks weltweit.<\/p>\n\n\n\n<div style=\"height:50px\" aria-hidden=\"true\" class=\"wp-block-spacer\"><\/div>\n\n\n\n<div class=\"wp-block-columns is-style-belectric-fadeInLeft-stairs-columns is-layout-flex wp-container-core-columns-is-layout-f5a44f5b wp-block-columns-is-layout-flex\">\n<div class=\"wp-block-column is-layout-flow wp-block-column-is-layout-flow\">\n<figure class=\"wp-block-image size-full\" id=\"engineering\"><img loading=\"lazy\" decoding=\"async\" width=\"357\" height=\"508\" src=\"https:\/\/belectric-dev.3wm.de\/wp-content\/uploads\/2024\/07\/solar-farm-pioneer.jpg\" alt=\"grand solar farm with PV-Modules\" class=\"wp-image-2737\" srcset=\"https:\/\/belectric-dev.3wm.de\/wp-content\/uploads\/2024\/07\/solar-farm-pioneer.jpg 357w, https:\/\/belectric-dev.3wm.de\/wp-content\/uploads\/2024\/07\/solar-farm-pioneer-211x300.jpg 211w\" sizes=\"auto, (max-width: 357px) 100vw, 357px\" \/><\/figure>\n\n\n\n<h3 class=\"wp-block-heading has-primary-color has-text-color has-link-color wp-elements-4bb154f99885b62ad09466a085012d06\">Solarpark-Pionier in Deutschland<\/h3>\n\n\n\n<p>Deutschland war und ist unserer Kernmarkt. Bereits im Jahr 2012 haben wir mit 128 MWp den bis dato gr\u00f6\u00dften Solarpark Deutschlands gebaut. Unser neustes Gro\u00dfprojekt in Tramm-G\u00f6then im Norden des Landes misst 172 MWp und geh\u00f6rt damit abermals zu den gr\u00f6\u00dften unabh\u00e4ngigen Solarkraftwerken im Land. Was uns in unserem Heimatmarkt zudem ausmacht? Wir&nbsp;<a href=\"https:\/\/belectric-dev.3wm.de\/de\/leistungen\/projektentwicklung\/\">entwickeln Projekte<\/a>&nbsp;selbst. So stammen alle Schritte von der Planung bis zur Wartung aus einer Hand. Kunden, die einen Solarpark kaufen wollen, profitieren von einem festen Ansprechpartner.<\/p>\n<\/div>\n\n\n\n<div class=\"wp-block-column is-layout-flow wp-block-column-is-layout-flow\">\n<figure class=\"wp-block-image size-full has-custom-border\" id=\"procurement\"><img loading=\"lazy\" decoding=\"async\" width=\"356\" height=\"508\" src=\"https:\/\/belectric-dev.3wm.de\/wp-content\/uploads\/2024\/07\/solar-farms-worldwide.png\" alt=\"Large Solar Farm with green ground and blue sky\" class=\"wp-image-2745\" style=\"border-style:none;border-width:0px\" srcset=\"https:\/\/belectric-dev.3wm.de\/wp-content\/uploads\/2024\/07\/solar-farms-worldwide.png 356w, https:\/\/belectric-dev.3wm.de\/wp-content\/uploads\/2024\/07\/solar-farms-worldwide-210x300.png 210w\" sizes=\"auto, (max-width: 356px) 100vw, 356px\" \/><\/figure>\n\n\n\n<h3 class=\"wp-block-heading has-primary-color has-text-color has-link-color wp-elements-9b7a98506239799e2861589628b66085\">Individuelle Projektkonzeption<\/h3>\n\n\n\n<p>Ob Australien, Israel oder Deutschland \u2013 wir haben bereits in den unterschiedlichsten Ecken der Welt Solarparks bauen d\u00fcrfen. Das Klima sowie knifflige Gegebenheiten vor Ort sind f\u00fcr uns kein Hindernis, sondern vielmehr ein Ansporn. Unsere Projekte konzipieren wir individuell je nach Business Case und Partner und stimmen sie stets auf die Anforderungen und Gegebenheiten vor Ort ab. Dank\u00a0<a href=\"https:\/\/belectric-dev.3wm.de\/de\/leistungen\/innovation-system-design\/\">innovativem System Design<\/a>\u00a0holen wir somit die maximal m\u00f6glichen Ertr\u00e4ge aus jeder Fl\u00e4che. Das beweisen mehr als 500 installierte PV-Systeme mit einer Gesamtleistung von \u00fcber 5,6 GW weltweit.<\/p>\n<\/div>\n\n\n\n<div class=\"wp-block-column is-layout-flow wp-block-column-is-layout-flow\">\n<figure class=\"wp-block-image size-full\" id=\"construction\"><img loading=\"lazy\" decoding=\"async\" width=\"356\" height=\"508\" src=\"https:\/\/belectric-dev.3wm.de\/wp-content\/uploads\/2024\/07\/solar-farm-nature-friendly.png\" alt=\"close up of a plant in front of a solar farm\" class=\"wp-image-2754\" srcset=\"https:\/\/belectric-dev.3wm.de\/wp-content\/uploads\/2024\/07\/solar-farm-nature-friendly.png 356w, https:\/\/belectric-dev.3wm.de\/wp-content\/uploads\/2024\/07\/solar-farm-nature-friendly-210x300.png 210w\" sizes=\"auto, (max-width: 356px) 100vw, 356px\" \/><\/figure>\n\n\n\n<h3 class=\"wp-block-heading has-primary-color has-text-color has-link-color wp-elements-eb6a32306df98bddf96dcc113b86c04f\">Umweltfreundliche Umsetzung<\/h3>\n\n\n\n<p>Wir legen gro\u00dfen Wert auf eine&nbsp;<a href=\"https:\/\/belectric-dev.3wm.de\/de\/leistungen\/umweltfreundlichkeit\/\">umweltfreundliche Umsetzung<\/a>&nbsp;unserer Solarparks. Unsere Anlagen integrieren wir stets in das bestehende Landschaftsbild. Zudem schaffen wir durch wertvolle Ausgleichsma\u00dfnahmen R\u00fcckzugsorte f\u00fcr bedrohte Tier- und Pflanzenarten. Dass Solarparks so zur Artenvielfalt beitragen k\u00f6nnen, best\u00e4tigt ebenfalls eine Studie des Bundesverbandes Neue Energiewirtschaft (bne).<\/p>\n<\/div>\n<\/div>\n\n\n\n<div style=\"height:100px\" aria-hidden=\"true\" class=\"wp-block-spacer\"><\/div>\n\n\n\n<div class=\"wp-block-columns is-layout-flex wp-container-core-columns-is-layout-28f84493 wp-block-columns-is-layout-flex\">\n<div class=\"wp-block-column is-layout-flow wp-block-column-is-layout-flow\" style=\"flex-basis:66.66%\">\n<figure class=\"wp-block-image size-full\"><img loading=\"lazy\" decoding=\"async\" width=\"1400\" height=\"947\" src=\"https:\/\/belectric-dev.3wm.de\/wp-content\/uploads\/2024\/09\/large-scale-photovoltaic-plants-Borrentin-1.jpg\" alt=\"Die Photovoltaik-Gro\u00dfanlage bei Borrentin in Norddeutschland in der Bauphase. Auf der H\u00e4lfte der Anlage wurden bereits Module montiert. Auf der anderen H\u00e4lfte ist lediglich die Unterkonstruktion zu sehen.\" class=\"wp-image-3961\" srcset=\"https:\/\/belectric-dev.3wm.de\/wp-content\/uploads\/2024\/09\/large-scale-photovoltaic-plants-Borrentin-1.jpg 1400w, https:\/\/belectric-dev.3wm.de\/wp-content\/uploads\/2024\/09\/large-scale-photovoltaic-plants-Borrentin-1-300x203.jpg 300w, https:\/\/belectric-dev.3wm.de\/wp-content\/uploads\/2024\/09\/large-scale-photovoltaic-plants-Borrentin-1-1024x693.jpg 1024w, https:\/\/belectric-dev.3wm.de\/wp-content\/uploads\/2024\/09\/large-scale-photovoltaic-plants-Borrentin-1-768x519.jpg 768w\" sizes=\"auto, (max-width: 1400px) 100vw, 1400px\" \/><\/figure>\n<\/div>\n\n\n\n<div class=\"wp-block-column is-layout-flow wp-block-column-is-layout-flow\" style=\"flex-basis:33.33%\">\n<h3 class=\"wp-block-heading has-text-align-left has-primary-color has-text-color has-link-color wp-elements-411f812f5c8da9f4cd715d91f5c8277e\">Was uns ausmacht<\/h3>\n\n\n\n<p class=\"has-text-align-left\"><strong>Langj\u00e4hrige Erfahrung:<\/strong>&nbsp;In jedes Projekt bringen wir mehr als 20 Jahre Solar-Expertise ein.<\/p>\n\n\n\n<p><strong>Weltweit aktiv, in Unterfranken zuhause:<\/strong>&nbsp;Wir sind erfahren mit regionalen sowie internationalen Projekten.<\/p>\n\n\n\n<p><strong>Ganzheitlich:<\/strong>&nbsp;Bei uns stammen alle Schritte von der Entwicklung \u00fcber den Bau der Anlagen aus einer Hand.<\/p>\n\n\n\n<p><strong>Rundum sorglos:&nbsp;<\/strong>Wir \u00fcbernehmen die Wartung und Instandhaltung der Solaranlagen<\/p>\n<\/div>\n<\/div>\n","protected":false},"excerpt":{"rendered":"<p>Wir sind Mittelstand, aber wir k\u00f6nnen auch ganz gro\u00df. Seit unserer Firmengr\u00fcndung im Jahr 2001 sind wir spezialisiert auf die&nbsp;Entwicklung, den&nbsp;Bau&nbsp;und die&nbsp;Betriebsf\u00fchrung&nbsp;von gro\u00dfen Solarparks. Mit Aktivit\u00e4ten in acht L\u00e4ndern und einem breiten Netzwerk an Lieferanten und Partnern bauen wir f\u00fcr unsere Kunden nun seit mehr als zwei Jahrzehnten Kraftwerke nach dem neusten Stand der Technik&#8230;.<\/p>\n","protected":false},"author":1,"featured_media":3952,"parent":1308,"menu_order":0,"comment_status":"closed","ping_status":"closed","template":"","meta":{"_acf_changed":false,"footnotes":""},"class_list":["post-1316","page","type-page","status-publish","has-post-thumbnail","hentry"],"acf":[],"yoast_head":"<!-- This site is optimized with the Yoast SEO plugin v27.2 - https:\/\/yoast.com\/product\/yoast-seo-wordpress\/ -->\n<title>Wir bauen europaweit Solarparks auf freier Fl\u00e4che: Von Entwicklung bis O&amp;M - BELECTRIC<\/title>\n<meta name=\"description\" content=\"BELECTRIC geh\u00f6rt seit \u00fcber 20 Jahren zu den f\u00fchrenden EPC-Dienstleistern f\u00fcr Solarparks weltweit.\" \/>\n<meta name=\"robots\" content=\"noindex, follow, max-snippet:-1, max-image-preview:large, max-video-preview:-1\" \/>\n<meta property=\"og:locale\" content=\"de_DE\" \/>\n<meta property=\"og:type\" content=\"article\" \/>\n<meta property=\"og:title\" content=\"Wir bauen europaweit Solarparks auf freier Fl\u00e4che: Von Entwicklung bis O&amp;M - BELECTRIC\" \/>\n<meta property=\"og:description\" content=\"BELECTRIC geh\u00f6rt seit \u00fcber 20 Jahren zu den f\u00fchrenden EPC-Dienstleistern f\u00fcr Solarparks weltweit.\" \/>\n<meta property=\"og:url\" content=\"https:\/\/belectric-dev.3wm.de\/de\/produkte\/solarparks\/\" \/>\n<meta property=\"og:site_name\" content=\"BELECTRIC\" \/>\n<meta property=\"article:publisher\" content=\"https:\/\/www.facebook.com\/belectric.solar\/\" \/>\n<meta property=\"article:modified_time\" content=\"2025-12-05T10:38:50+00:00\" \/>\n<meta property=\"og:image\" content=\"https:\/\/belectric-dev.3wm.de\/wp-content\/uploads\/2024\/09\/large-scale-photovoltaic-plants-Borrentin.jpg\" \/>\n\t<meta property=\"og:image:width\" content=\"1400\" \/>\n\t<meta property=\"og:image:height\" content=\"947\" \/>\n\t<meta property=\"og:image:type\" content=\"image\/jpeg\" \/>\n<meta name=\"twitter:card\" content=\"summary_large_image\" \/>\n<meta name=\"twitter:label1\" content=\"Gesch\u00e4tzte Lesezeit\" \/>\n\t<meta name=\"twitter:data1\" content=\"4\u00a0Minuten\" \/>\n<script type=\"application\/ld+json\" class=\"yoast-schema-graph\">{\"@context\":\"https:\/\/schema.org\",\"@graph\":[{\"@type\":\"WebPage\",\"@id\":\"https:\/\/belectric-dev.3wm.de\/de\/produkte\/solarparks\/\",\"url\":\"https:\/\/belectric-dev.3wm.de\/de\/produkte\/solarparks\/\",\"name\":\"Wir bauen europaweit Solarparks auf freier Fl\u00e4che: Von Entwicklung bis O&M - BELECTRIC\",\"isPartOf\":{\"@id\":\"https:\/\/belectric-dev.3wm.de\/de\/#website\"},\"primaryImageOfPage\":{\"@id\":\"https:\/\/belectric-dev.3wm.de\/de\/produkte\/solarparks\/#primaryimage\"},\"image\":{\"@id\":\"https:\/\/belectric-dev.3wm.de\/de\/produkte\/solarparks\/#primaryimage\"},\"thumbnailUrl\":\"https:\/\/belectric-dev.3wm.de\/wp-content\/uploads\/2024\/09\/large-scale-photovoltaic-plants-Borrentin.jpg\",\"datePublished\":\"2023-10-19T10:55:28+00:00\",\"dateModified\":\"2025-12-05T10:38:50+00:00\",\"description\":\"BELECTRIC geh\u00f6rt seit \u00fcber 20 Jahren zu den f\u00fchrenden EPC-Dienstleistern f\u00fcr Solarparks weltweit.\",\"breadcrumb\":{\"@id\":\"https:\/\/belectric-dev.3wm.de\/de\/produkte\/solarparks\/#breadcrumb\"},\"inLanguage\":\"de\",\"potentialAction\":[{\"@type\":\"ReadAction\",\"target\":[\"https:\/\/belectric-dev.3wm.de\/de\/produkte\/solarparks\/\"]}]},{\"@type\":\"ImageObject\",\"inLanguage\":\"de\",\"@id\":\"https:\/\/belectric-dev.3wm.de\/de\/produkte\/solarparks\/#primaryimage\",\"url\":\"https:\/\/belectric-dev.3wm.de\/wp-content\/uploads\/2024\/09\/large-scale-photovoltaic-plants-Borrentin.jpg\",\"contentUrl\":\"https:\/\/belectric-dev.3wm.de\/wp-content\/uploads\/2024\/09\/large-scale-photovoltaic-plants-Borrentin.jpg\",\"width\":1400,\"height\":947},{\"@type\":\"BreadcrumbList\",\"@id\":\"https:\/\/belectric-dev.3wm.de\/de\/produkte\/solarparks\/#breadcrumb\",\"itemListElement\":[{\"@type\":\"ListItem\",\"position\":1,\"name\":\"Startseite\",\"item\":\"https:\/\/belectric-dev.3wm.de\/de\/\"},{\"@type\":\"ListItem\",\"position\":2,\"name\":\"Produkte\",\"item\":\"https:\/\/belectric-dev.3wm.de\/de\/produkte\/\"},{\"@type\":\"ListItem\",\"position\":3,\"name\":\"Wir bauen europaweit Solarparks auf freier Fl\u00e4che\"}]},{\"@type\":\"WebSite\",\"@id\":\"https:\/\/belectric-dev.3wm.de\/de\/#website\",\"url\":\"https:\/\/belectric-dev.3wm.de\/de\/\",\"name\":\"BELECTRIC\",\"description\":\"360\u00b0 solution for ground-mounted solar power plants\",\"publisher\":{\"@id\":\"https:\/\/belectric-dev.3wm.de\/de\/#organization\"},\"potentialAction\":[{\"@type\":\"SearchAction\",\"target\":{\"@type\":\"EntryPoint\",\"urlTemplate\":\"https:\/\/belectric-dev.3wm.de\/de\/?s={search_term_string}\"},\"query-input\":{\"@type\":\"PropertyValueSpecification\",\"valueRequired\":true,\"valueName\":\"search_term_string\"}}],\"inLanguage\":\"de\"},{\"@type\":\"Organization\",\"@id\":\"https:\/\/belectric-dev.3wm.de\/de\/#organization\",\"name\":\"BELECTRIC\",\"url\":\"https:\/\/belectric-dev.3wm.de\/de\/\",\"logo\":{\"@type\":\"ImageObject\",\"inLanguage\":\"de\",\"@id\":\"https:\/\/belectric-dev.3wm.de\/de\/#\/schema\/logo\/image\/\",\"url\":\"https:\/\/belectric-dev.3wm.de\/wp-content\/uploads\/2023\/09\/belectric_member_logo_rgb.svg\",\"contentUrl\":\"https:\/\/belectric-dev.3wm.de\/wp-content\/uploads\/2023\/09\/belectric_member_logo_rgb.svg\",\"width\":805,\"height\":100,\"caption\":\"BELECTRIC\"},\"image\":{\"@id\":\"https:\/\/belectric-dev.3wm.de\/de\/#\/schema\/logo\/image\/\"},\"sameAs\":[\"https:\/\/www.facebook.com\/belectric.solar\/\",\"https:\/\/www.xing.com\/pages\/belectric\",\"https:\/\/www.linkedin.com\/company\/belectric-gmbh\/\",\"https:\/\/www.instagram.com\/belectric_solar\/\",\"https:\/\/www.youtube.com\/@BELECTRIC_GmbH\/videos\"]}]}<\/script>\n<!-- \/ Yoast SEO plugin. -->","yoast_head_json":{"title":"Wir bauen europaweit Solarparks auf freier Fl\u00e4che: Von Entwicklung bis O&M - BELECTRIC","description":"BELECTRIC geh\u00f6rt seit \u00fcber 20 Jahren zu den f\u00fchrenden EPC-Dienstleistern f\u00fcr Solarparks weltweit.","robots":{"index":"noindex","follow":"follow","max-snippet":"max-snippet:-1","max-image-preview":"max-image-preview:large","max-video-preview":"max-video-preview:-1"},"og_locale":"de_DE","og_type":"article","og_title":"Wir bauen europaweit Solarparks auf freier Fl\u00e4che: Von Entwicklung bis O&M - BELECTRIC","og_description":"BELECTRIC geh\u00f6rt seit \u00fcber 20 Jahren zu den f\u00fchrenden EPC-Dienstleistern f\u00fcr Solarparks weltweit.","og_url":"https:\/\/belectric-dev.3wm.de\/de\/produkte\/solarparks\/","og_site_name":"BELECTRIC","article_publisher":"https:\/\/www.facebook.com\/belectric.solar\/","article_modified_time":"2025-12-05T10:38:50+00:00","og_image":[{"width":1400,"height":947,"url":"https:\/\/belectric-dev.3wm.de\/wp-content\/uploads\/2024\/09\/large-scale-photovoltaic-plants-Borrentin.jpg","type":"image\/jpeg"}],"twitter_card":"summary_large_image","twitter_misc":{"Gesch\u00e4tzte Lesezeit":"4\u00a0Minuten"},"schema":{"@context":"https:\/\/schema.org","@graph":[{"@type":"WebPage","@id":"https:\/\/belectric-dev.3wm.de\/de\/produkte\/solarparks\/","url":"https:\/\/belectric-dev.3wm.de\/de\/produkte\/solarparks\/","name":"Wir bauen europaweit Solarparks auf freier Fl\u00e4che: Von Entwicklung bis O&M - BELECTRIC","isPartOf":{"@id":"https:\/\/belectric-dev.3wm.de\/de\/#website"},"primaryImageOfPage":{"@id":"https:\/\/belectric-dev.3wm.de\/de\/produkte\/solarparks\/#primaryimage"},"image":{"@id":"https:\/\/belectric-dev.3wm.de\/de\/produkte\/solarparks\/#primaryimage"},"thumbnailUrl":"https:\/\/belectric-dev.3wm.de\/wp-content\/uploads\/2024\/09\/large-scale-photovoltaic-plants-Borrentin.jpg","datePublished":"2023-10-19T10:55:28+00:00","dateModified":"2025-12-05T10:38:50+00:00","description":"BELECTRIC geh\u00f6rt seit \u00fcber 20 Jahren zu den f\u00fchrenden EPC-Dienstleistern f\u00fcr Solarparks weltweit.","breadcrumb":{"@id":"https:\/\/belectric-dev.3wm.de\/de\/produkte\/solarparks\/#breadcrumb"},"inLanguage":"de","potentialAction":[{"@type":"ReadAction","target":["https:\/\/belectric-dev.3wm.de\/de\/produkte\/solarparks\/"]}]},{"@type":"ImageObject","inLanguage":"de","@id":"https:\/\/belectric-dev.3wm.de\/de\/produkte\/solarparks\/#primaryimage","url":"https:\/\/belectric-dev.3wm.de\/wp-content\/uploads\/2024\/09\/large-scale-photovoltaic-plants-Borrentin.jpg","contentUrl":"https:\/\/belectric-dev.3wm.de\/wp-content\/uploads\/2024\/09\/large-scale-photovoltaic-plants-Borrentin.jpg","width":1400,"height":947},{"@type":"BreadcrumbList","@id":"https:\/\/belectric-dev.3wm.de\/de\/produkte\/solarparks\/#breadcrumb","itemListElement":[{"@type":"ListItem","position":1,"name":"Startseite","item":"https:\/\/belectric-dev.3wm.de\/de\/"},{"@type":"ListItem","position":2,"name":"Produkte","item":"https:\/\/belectric-dev.3wm.de\/de\/produkte\/"},{"@type":"ListItem","position":3,"name":"Wir bauen europaweit Solarparks auf freier Fl\u00e4che"}]},{"@type":"WebSite","@id":"https:\/\/belectric-dev.3wm.de\/de\/#website","url":"https:\/\/belectric-dev.3wm.de\/de\/","name":"BELECTRIC","description":"360\u00b0 solution for ground-mounted solar power plants","publisher":{"@id":"https:\/\/belectric-dev.3wm.de\/de\/#organization"},"potentialAction":[{"@type":"SearchAction","target":{"@type":"EntryPoint","urlTemplate":"https:\/\/belectric-dev.3wm.de\/de\/?s={search_term_string}"},"query-input":{"@type":"PropertyValueSpecification","valueRequired":true,"valueName":"search_term_string"}}],"inLanguage":"de"},{"@type":"Organization","@id":"https:\/\/belectric-dev.3wm.de\/de\/#organization","name":"BELECTRIC","url":"https:\/\/belectric-dev.3wm.de\/de\/","logo":{"@type":"ImageObject","inLanguage":"de","@id":"https:\/\/belectric-dev.3wm.de\/de\/#\/schema\/logo\/image\/","url":"https:\/\/belectric-dev.3wm.de\/wp-content\/uploads\/2023\/09\/belectric_member_logo_rgb.svg","contentUrl":"https:\/\/belectric-dev.3wm.de\/wp-content\/uploads\/2023\/09\/belectric_member_logo_rgb.svg","width":805,"height":100,"caption":"BELECTRIC"},"image":{"@id":"https:\/\/belectric-dev.3wm.de\/de\/#\/schema\/logo\/image\/"},"sameAs":["https:\/\/www.facebook.com\/belectric.solar\/","https:\/\/www.xing.com\/pages\/belectric","https:\/\/www.linkedin.com\/company\/belectric-gmbh\/","https:\/\/www.instagram.com\/belectric_solar\/","https:\/\/www.youtube.com\/@BELECTRIC_GmbH\/videos"]}]}},"_links":{"self":[{"href":"https:\/\/belectric-dev.3wm.de\/de\/wp-json\/wp\/v2\/pages\/1316","targetHints":{"allow":["GET"]}}],"collection":[{"href":"https:\/\/belectric-dev.3wm.de\/de\/wp-json\/wp\/v2\/pages"}],"about":[{"href":"https:\/\/belectric-dev.3wm.de\/de\/wp-json\/wp\/v2\/types\/page"}],"author":[{"embeddable":true,"href":"https:\/\/belectric-dev.3wm.de\/de\/wp-json\/wp\/v2\/users\/1"}],"replies":[{"embeddable":true,"href":"https:\/\/belectric-dev.3wm.de\/de\/wp-json\/wp\/v2\/comments?post=1316"}],"version-history":[{"count":10,"href":"https:\/\/belectric-dev.3wm.de\/de\/wp-json\/wp\/v2\/pages\/1316\/revisions"}],"predecessor-version":[{"id":15510,"href":"https:\/\/belectric-dev.3wm.de\/de\/wp-json\/wp\/v2\/pages\/1316\/revisions\/15510"}],"up":[{"embeddable":true,"href":"https:\/\/belectric-dev.3wm.de\/de\/wp-json\/wp\/v2\/pages\/1308"}],"wp:featuredmedia":[{"embeddable":true,"href":"https:\/\/belectric-dev.3wm.de\/de\/wp-json\/wp\/v2\/media\/3952"}],"wp:attachment":[{"href":"https:\/\/belectric-dev.3wm.de\/de\/wp-json\/wp\/v2\/media?parent=1316"}],"curies":[{"name":"wp","href":"https:\/\/api.w.org\/{rel}","templated":true}]}}