{"id":1332,"date":"2023-10-19T12:59:32","date_gmt":"2023-10-19T10:59:32","guid":{"rendered":"https:\/\/www.belectric-relaunch.srv-3wm-007.de\/?page_id=1332"},"modified":"2025-02-03T12:58:33","modified_gmt":"2025-02-03T11:58:33","slug":"compliance","status":"publish","type":"page","link":"https:\/\/belectric-dev.3wm.de\/de\/unternehmen\/compliance\/","title":{"rendered":"Compliance"},"content":{"rendered":"\n<p class=\"has-secondary-color has-text-color has-link-color wp-elements-509a5eb53407b9c8fa162dde52090b54\">Wir sind uns unserer Rolle in der Gesellschaft und der Verantwortung gegen\u00fcber Kunden und Gesch\u00e4ftspartnern sowie Mitarbeitenden bewusst. In unserem&nbsp;<strong>BELECTRIC&nbsp;<\/strong><a href=\"https:\/\/belectric-dev.3wm.de\/wp-content\/uploads\/2024\/12\/Code-of-Conduct_DE.pdf\" target=\"_blank\" rel=\"noreferrer noopener\"><strong><u>Verhaltenskodex<\/u><\/strong><\/a>&nbsp;haben wir daher klare Grunds\u00e4tze festgelegt, die den Rahmen f\u00fcr unser unternehmerisches wie gesellschaftliches Handeln bilden. Gleiches erwarten wir von unseren Gesch\u00e4ftspartnern. BELECTRIC Compliance \u2013 das sind Verhaltensgrunds\u00e4tze, die auch Basis f\u00fcr die Etablierung gemeinsamer Standards sind und daher in die Vertragsbeziehungen bei der Zusammenarbeit mit Gesch\u00e4ftspartnern und Lieferanten aufgenommen werden.<\/p>\n\n\n\n<div style=\"height:50px\" aria-hidden=\"true\" class=\"wp-block-spacer\"><\/div>\n\n\n\n<div class=\"wp-block-columns is-style-belectric-fadeInLeft-stairs-columns is-layout-flex wp-container-core-columns-is-layout-f5a44f5b wp-block-columns-is-layout-flex\">\n<div class=\"wp-block-column is-layout-flow wp-block-column-is-layout-flow\">\n<figure class=\"wp-block-image size-full\" id=\"engineering\"><img loading=\"lazy\" decoding=\"async\" width=\"356\" height=\"508\" src=\"https:\/\/belectric-dev.3wm.de\/wp-content\/uploads\/2024\/08\/company-compliance-role-model.jpg\" alt=\"Two employees in front of a solar park read the BELECTRIC compliance guidelines on their laptop\" class=\"wp-image-3150\" srcset=\"https:\/\/belectric-dev.3wm.de\/wp-content\/uploads\/2024\/08\/company-compliance-role-model.jpg 356w, https:\/\/belectric-dev.3wm.de\/wp-content\/uploads\/2024\/08\/company-compliance-role-model-210x300.jpg 210w\" sizes=\"auto, (max-width: 356px) 100vw, 356px\" \/><\/figure>\n\n\n\n<h3 class=\"wp-block-heading has-primary-color has-text-color has-link-color wp-elements-44395dbb6fa7771ecdf1600126e2b992\">Unsere Vorbildfunktion<\/h3>\n\n\n\n<p>Wie ein Leuchtturm versuchen wir stets Wegweiser zu sein und denen, die zu uns aufsehen, Orientierung zu geben. Uns ist die Verantwortung dessen bewusst. Daher haben wir ein Regelwerk, das uns Halt gibt und nach dem wir unser Handeln ausrichten: unseren BELECTRIC\u00a0<a href=\"https:\/\/belectric-dev.3wm.de\/wp-content\/uploads\/2024\/12\/Code-of-Conduct_DE.pdf\" target=\"_blank\" rel=\"noreferrer noopener\">Verhaltenskodex<\/a>. Im Rahmen der BELECTRIC Compliance verpflichten wir uns zu Regeltreue und Integrit\u00e4t &#8211; den Menschen und der Umwelt gegen\u00fcber, aber auch in Bezug auf die Entwicklung nachhaltiger Beziehungen. Auch die Zahlung gesetzm\u00e4\u00dfiger Steuern verstehen wir als Teil unserer gesellschaftlichen Verantwortung und als fairen Beitrag zur Finanzierung und Entwicklung des Gemeinwesens in all den L\u00e4ndern und Kommunen, in denen wir unternehmerisch erfolgreich sind. Deshalb gestalten wir unser steuerliches Handeln so transparent wie m\u00f6glich.<\/p>\n<\/div>\n\n\n\n<div class=\"wp-block-column is-layout-flow wp-block-column-is-layout-flow\">\n<figure class=\"wp-block-image size-full has-custom-border\" id=\"procurement\"><img loading=\"lazy\" decoding=\"async\" width=\"357\" height=\"508\" src=\"https:\/\/belectric-dev.3wm.de\/wp-content\/uploads\/2024\/09\/company-compliance-global-tax-policy.jpg\" alt=\"Employee reading through the BELECTRIC Compliance Guidelines\" class=\"wp-image-6482\" style=\"border-style:none;border-width:0px\" srcset=\"https:\/\/belectric-dev.3wm.de\/wp-content\/uploads\/2024\/09\/company-compliance-global-tax-policy.jpg 357w, https:\/\/belectric-dev.3wm.de\/wp-content\/uploads\/2024\/09\/company-compliance-global-tax-policy-211x300.jpg 211w\" sizes=\"auto, (max-width: 357px) 100vw, 357px\" \/><\/figure>\n\n\n\n<h3 class=\"wp-block-heading has-primary-color has-text-color has-link-color wp-elements-a017963161560ae785cb9ccd7856f995\"><strong>Unser Anspruch an Lieferanten<\/strong><\/h3>\n\n\n\n<p class=\"has-secondary-color has-text-color has-link-color wp-elements-b0cc495882730bdd94361e91dcc5b6e0\">Im Einklang mit unserer Vorbildfunktion und unseren Werten achten wir darauf, dass nicht nur wir bei BELECTRIC sondern auch unsere Partnerunternehmen die ethischen und rechtlichen Standards einhalten. Diese Verpflichtung zu ethischem Handeln ist in unserem <a href=\"https:\/\/belectric-dev.3wm.de\/wp-content\/uploads\/2025\/01\/Supplier_Code-of-Conduct.pdf\">Code of Conduct f\u00fcr Supplier<\/a> festgehalten. Mit dem Eingehen einer vertraglichen Beziehung verpflichten sich unsere Lieferanten, den Code of Conduct einzuhalten und BELECTRIC sowie unserem Shareholder Elevion Group jede zur \u00dcberpr\u00fcfung dieser Verpflichtung erforderliche Zusammenarbeit zu gew\u00e4hren.<\/p>\n<\/div>\n\n\n\n<div class=\"wp-block-column is-layout-flow wp-block-column-is-layout-flow\">\n<figure class=\"wp-block-image size-full\" id=\"construction\"><img loading=\"lazy\" decoding=\"async\" width=\"357\" height=\"510\" src=\"https:\/\/belectric-dev.3wm.de\/wp-content\/uploads\/2024\/08\/compliance-code-of-conduct.jpg\" alt=\"Employee shows a colleague the BELECTRIC Compliance Guideline digitally on a laptop\" class=\"wp-image-3174\" srcset=\"https:\/\/belectric-dev.3wm.de\/wp-content\/uploads\/2024\/08\/compliance-code-of-conduct.jpg 357w, https:\/\/belectric-dev.3wm.de\/wp-content\/uploads\/2024\/08\/compliance-code-of-conduct-210x300.jpg 210w\" sizes=\"auto, (max-width: 357px) 100vw, 357px\" \/><\/figure>\n\n\n\n<h3 class=\"wp-block-heading has-primary-color has-text-color has-link-color wp-elements-883da9bcdc7ec0c2d6ab8efa8ecb5a22\">Melden, wenn etwas auff\u00e4llt!<\/h3>\n\n\n\n<p class=\"has-secondary-color has-text-color has-link-color wp-elements-9a3a76755c05622bbbc6bd347eae42ec\">Ob Kunde, Gesch\u00e4ftspartnerinnen und -partner oder Mitarbeitende von BELECTRIC: F\u00e4llt Ihnen etwas auf, das nicht dem BELECTRIC\u00a0Verhaltenskodex\u00a0entspricht, bitten wir ausdr\u00fccklich um Ihre Mithilfe. Melden Sie Dinge, die Ihnen merkw\u00fcrdig erscheinen oder verd\u00e4chtig vorkommen. Das geht entweder direkt bei unserem BELECTRIC Compliance-Bereich (compliance@belectric.com), bei unserem externen, neutralen Ombudsmann Rechtsanwalt Dr. Johannes Dilling (+49 221 933 107 40, info@ra-dilling.de), bei dem Whistleblowing-Tool unserer Muttergesellschaft Elevion Group (<a href=\"https:\/\/www.nntb.cz\/c\/eleviongroup\">FaceUp<\/a>) oder bei den externen Meldestellen. In allen F\u00e4llen ist absolute Vertraulichkeit und Diskretion sichergestellt. Das Anliegen wird sorgf\u00e4ltig gepr\u00fcft und auf Wunsch kann auch Anonymit\u00e4t gewahrt werden.<\/p>\n\n\n\n<p class=\"has-secondary-color has-text-color has-link-color wp-elements-969f2e12ff3befee05212990c90dbae1\"><a href=\"https:\/\/belectric-dev.3wm.de\/wp-content\/uploads\/2024\/11\/BELECTRIC_Hinweisgebersystem_DE.pdf\" target=\"_blank\" rel=\"noreferrer noopener\"><u>&gt; Hier geht es zum Beschwerdeverfahren<\/u><\/a><\/p>\n<\/div>\n<\/div>\n\n\n\n<div style=\"height:50px\" aria-hidden=\"true\" class=\"wp-block-spacer\"><\/div>\n\n\n\n<div class=\"wp-block-columns is-layout-flex wp-container-core-columns-is-layout-28f84493 wp-block-columns-is-layout-flex\">\n<div class=\"wp-block-column is-layout-flow wp-block-column-is-layout-flow\">\n<figure class=\"wp-block-image size-large is-resized\"><img loading=\"lazy\" decoding=\"async\" width=\"1024\" height=\"683\" src=\"https:\/\/belectric-dev.3wm.de\/wp-content\/uploads\/2024\/08\/company-compliance-1024x683.jpg\" alt=\"\" class=\"wp-image-3192\" style=\"object-fit:cover;width:559px;height:250px\" srcset=\"https:\/\/belectric-dev.3wm.de\/wp-content\/uploads\/2024\/08\/company-compliance-1024x683.jpg 1024w, https:\/\/belectric-dev.3wm.de\/wp-content\/uploads\/2024\/08\/company-compliance-300x200.jpg 300w, https:\/\/belectric-dev.3wm.de\/wp-content\/uploads\/2024\/08\/company-compliance-768x512.jpg 768w, https:\/\/belectric-dev.3wm.de\/wp-content\/uploads\/2024\/08\/company-compliance.jpg 1500w\" sizes=\"auto, (max-width: 1024px) 100vw, 1024px\" \/><\/figure>\n<\/div>\n\n\n\n<div class=\"wp-block-column has-light-grey-background-color has-background is-layout-flow wp-block-column-is-layout-flow\">\n<div style=\"height:25px\" aria-hidden=\"true\" class=\"wp-block-spacer\"><\/div>\n\n\n\n<h3 class=\"wp-block-heading has-text-align-center has-primary-color has-text-color has-link-color wp-elements-0c51c6fb330eed47401efddc1b94629f\"><strong>Kontakt aufnehmen<\/strong><\/h3>\n\n\n\n<p class=\"has-text-align-center\">BELECTRIC-Compliance-Department<br><br><a href=\"mailto:compliance@belectric.com\">\u00a0E-Mail<\/a><\/p>\n<\/div>\n<\/div>\n\n\n\n<p><\/p>\n","protected":false},"excerpt":{"rendered":"<p>Wir sind uns unserer Rolle in der Gesellschaft und der Verantwortung gegen\u00fcber Kunden und Gesch\u00e4ftspartnern sowie Mitarbeitenden bewusst. In unserem&nbsp;BELECTRIC&nbsp;Verhaltenskodex&nbsp;haben wir daher klare Grunds\u00e4tze festgelegt, die den Rahmen f\u00fcr unser unternehmerisches wie gesellschaftliches Handeln bilden. Gleiches erwarten wir von unseren Gesch\u00e4ftspartnern. BELECTRIC Compliance \u2013 das sind Verhaltensgrunds\u00e4tze, die auch Basis f\u00fcr die Etablierung gemeinsamer Standards&#8230;<\/p>\n","protected":false},"author":1,"featured_media":3150,"parent":1330,"menu_order":0,"comment_status":"closed","ping_status":"closed","template":"","meta":{"_acf_changed":false,"footnotes":""},"class_list":["post-1332","page","type-page","status-publish","has-post-thumbnail","hentry"],"acf":[],"yoast_head":"<!-- This site is optimized with the Yoast SEO plugin v27.2 - https:\/\/yoast.com\/product\/yoast-seo-wordpress\/ -->\n<title>Compliance: Unser Code of Conduct - BELECTRIC<\/title>\n<meta name=\"description\" content=\"Der BELECTRIC Compliance Verhaltenskodex legt Leits\u00e4tze fest, die unser Handeln regeln und Basis unserer Vertragsbeziehungen sind.\" \/>\n<meta name=\"robots\" content=\"noindex, follow, max-snippet:-1, max-image-preview:large, max-video-preview:-1\" \/>\n<meta property=\"og:locale\" content=\"de_DE\" \/>\n<meta property=\"og:type\" content=\"article\" \/>\n<meta property=\"og:title\" content=\"Compliance: Unser Code of Conduct - BELECTRIC\" \/>\n<meta property=\"og:description\" content=\"Der BELECTRIC Compliance Verhaltenskodex legt Leits\u00e4tze fest, die unser Handeln regeln und Basis unserer Vertragsbeziehungen sind.\" \/>\n<meta property=\"og:url\" content=\"https:\/\/belectric-dev.3wm.de\/de\/unternehmen\/compliance\/\" \/>\n<meta property=\"og:site_name\" content=\"BELECTRIC\" \/>\n<meta property=\"article:publisher\" content=\"https:\/\/www.facebook.com\/belectric.solar\/\" \/>\n<meta property=\"article:modified_time\" content=\"2025-02-03T11:58:33+00:00\" \/>\n<meta property=\"og:image\" content=\"https:\/\/belectric-dev.3wm.de\/wp-content\/uploads\/2024\/08\/company-compliance-role-model.jpg\" \/>\n\t<meta property=\"og:image:width\" content=\"356\" \/>\n\t<meta property=\"og:image:height\" content=\"508\" \/>\n\t<meta property=\"og:image:type\" content=\"image\/jpeg\" \/>\n<meta name=\"twitter:card\" content=\"summary_large_image\" \/>\n<meta name=\"twitter:label1\" content=\"Gesch\u00e4tzte Lesezeit\" \/>\n\t<meta name=\"twitter:data1\" content=\"3\u00a0Minuten\" \/>\n<script type=\"application\/ld+json\" class=\"yoast-schema-graph\">{\"@context\":\"https:\/\/schema.org\",\"@graph\":[{\"@type\":\"WebPage\",\"@id\":\"https:\/\/belectric-dev.3wm.de\/de\/unternehmen\/compliance\/\",\"url\":\"https:\/\/belectric-dev.3wm.de\/de\/unternehmen\/compliance\/\",\"name\":\"Compliance: Unser Code of Conduct - BELECTRIC\",\"isPartOf\":{\"@id\":\"https:\/\/belectric-dev.3wm.de\/de\/#website\"},\"primaryImageOfPage\":{\"@id\":\"https:\/\/belectric-dev.3wm.de\/de\/unternehmen\/compliance\/#primaryimage\"},\"image\":{\"@id\":\"https:\/\/belectric-dev.3wm.de\/de\/unternehmen\/compliance\/#primaryimage\"},\"thumbnailUrl\":\"https:\/\/belectric-dev.3wm.de\/wp-content\/uploads\/2024\/08\/company-compliance-role-model.jpg\",\"datePublished\":\"2023-10-19T10:59:32+00:00\",\"dateModified\":\"2025-02-03T11:58:33+00:00\",\"description\":\"Der BELECTRIC Compliance Verhaltenskodex legt Leits\u00e4tze fest, die unser Handeln regeln und Basis unserer Vertragsbeziehungen sind.\",\"breadcrumb\":{\"@id\":\"https:\/\/belectric-dev.3wm.de\/de\/unternehmen\/compliance\/#breadcrumb\"},\"inLanguage\":\"de\",\"potentialAction\":[{\"@type\":\"ReadAction\",\"target\":[\"https:\/\/belectric-dev.3wm.de\/de\/unternehmen\/compliance\/\"]}]},{\"@type\":\"ImageObject\",\"inLanguage\":\"de\",\"@id\":\"https:\/\/belectric-dev.3wm.de\/de\/unternehmen\/compliance\/#primaryimage\",\"url\":\"https:\/\/belectric-dev.3wm.de\/wp-content\/uploads\/2024\/08\/company-compliance-role-model.jpg\",\"contentUrl\":\"https:\/\/belectric-dev.3wm.de\/wp-content\/uploads\/2024\/08\/company-compliance-role-model.jpg\",\"width\":356,\"height\":508,\"caption\":\"Two employees in front of a solar park read the BELECTRIC compliance guidelines on their laptop\"},{\"@type\":\"BreadcrumbList\",\"@id\":\"https:\/\/belectric-dev.3wm.de\/de\/unternehmen\/compliance\/#breadcrumb\",\"itemListElement\":[{\"@type\":\"ListItem\",\"position\":1,\"name\":\"Startseite\",\"item\":\"https:\/\/belectric-dev.3wm.de\/de\/\"},{\"@type\":\"ListItem\",\"position\":2,\"name\":\"Unternehmen\",\"item\":\"https:\/\/belectric-dev.3wm.de\/de\/unternehmen\/\"},{\"@type\":\"ListItem\",\"position\":3,\"name\":\"Compliance\"}]},{\"@type\":\"WebSite\",\"@id\":\"https:\/\/belectric-dev.3wm.de\/de\/#website\",\"url\":\"https:\/\/belectric-dev.3wm.de\/de\/\",\"name\":\"BELECTRIC\",\"description\":\"360\u00b0 solution for ground-mounted solar power plants\",\"publisher\":{\"@id\":\"https:\/\/belectric-dev.3wm.de\/de\/#organization\"},\"potentialAction\":[{\"@type\":\"SearchAction\",\"target\":{\"@type\":\"EntryPoint\",\"urlTemplate\":\"https:\/\/belectric-dev.3wm.de\/de\/?s={search_term_string}\"},\"query-input\":{\"@type\":\"PropertyValueSpecification\",\"valueRequired\":true,\"valueName\":\"search_term_string\"}}],\"inLanguage\":\"de\"},{\"@type\":\"Organization\",\"@id\":\"https:\/\/belectric-dev.3wm.de\/de\/#organization\",\"name\":\"BELECTRIC\",\"url\":\"https:\/\/belectric-dev.3wm.de\/de\/\",\"logo\":{\"@type\":\"ImageObject\",\"inLanguage\":\"de\",\"@id\":\"https:\/\/belectric-dev.3wm.de\/de\/#\/schema\/logo\/image\/\",\"url\":\"https:\/\/belectric-dev.3wm.de\/wp-content\/uploads\/2023\/09\/belectric_member_logo_rgb.svg\",\"contentUrl\":\"https:\/\/belectric-dev.3wm.de\/wp-content\/uploads\/2023\/09\/belectric_member_logo_rgb.svg\",\"width\":805,\"height\":100,\"caption\":\"BELECTRIC\"},\"image\":{\"@id\":\"https:\/\/belectric-dev.3wm.de\/de\/#\/schema\/logo\/image\/\"},\"sameAs\":[\"https:\/\/www.facebook.com\/belectric.solar\/\",\"https:\/\/www.xing.com\/pages\/belectric\",\"https:\/\/www.linkedin.com\/company\/belectric-gmbh\/\",\"https:\/\/www.instagram.com\/belectric_solar\/\",\"https:\/\/www.youtube.com\/@BELECTRIC_GmbH\/videos\"]}]}<\/script>\n<!-- \/ Yoast SEO plugin. -->","yoast_head_json":{"title":"Compliance: Unser Code of Conduct - BELECTRIC","description":"Der BELECTRIC Compliance Verhaltenskodex legt Leits\u00e4tze fest, die unser Handeln regeln und Basis unserer Vertragsbeziehungen sind.","robots":{"index":"noindex","follow":"follow","max-snippet":"max-snippet:-1","max-image-preview":"max-image-preview:large","max-video-preview":"max-video-preview:-1"},"og_locale":"de_DE","og_type":"article","og_title":"Compliance: Unser Code of Conduct - BELECTRIC","og_description":"Der BELECTRIC Compliance Verhaltenskodex legt Leits\u00e4tze fest, die unser Handeln regeln und Basis unserer Vertragsbeziehungen sind.","og_url":"https:\/\/belectric-dev.3wm.de\/de\/unternehmen\/compliance\/","og_site_name":"BELECTRIC","article_publisher":"https:\/\/www.facebook.com\/belectric.solar\/","article_modified_time":"2025-02-03T11:58:33+00:00","og_image":[{"width":356,"height":508,"url":"https:\/\/belectric-dev.3wm.de\/wp-content\/uploads\/2024\/08\/company-compliance-role-model.jpg","type":"image\/jpeg"}],"twitter_card":"summary_large_image","twitter_misc":{"Gesch\u00e4tzte Lesezeit":"3\u00a0Minuten"},"schema":{"@context":"https:\/\/schema.org","@graph":[{"@type":"WebPage","@id":"https:\/\/belectric-dev.3wm.de\/de\/unternehmen\/compliance\/","url":"https:\/\/belectric-dev.3wm.de\/de\/unternehmen\/compliance\/","name":"Compliance: Unser Code of Conduct - BELECTRIC","isPartOf":{"@id":"https:\/\/belectric-dev.3wm.de\/de\/#website"},"primaryImageOfPage":{"@id":"https:\/\/belectric-dev.3wm.de\/de\/unternehmen\/compliance\/#primaryimage"},"image":{"@id":"https:\/\/belectric-dev.3wm.de\/de\/unternehmen\/compliance\/#primaryimage"},"thumbnailUrl":"https:\/\/belectric-dev.3wm.de\/wp-content\/uploads\/2024\/08\/company-compliance-role-model.jpg","datePublished":"2023-10-19T10:59:32+00:00","dateModified":"2025-02-03T11:58:33+00:00","description":"Der BELECTRIC Compliance Verhaltenskodex legt Leits\u00e4tze fest, die unser Handeln regeln und Basis unserer Vertragsbeziehungen sind.","breadcrumb":{"@id":"https:\/\/belectric-dev.3wm.de\/de\/unternehmen\/compliance\/#breadcrumb"},"inLanguage":"de","potentialAction":[{"@type":"ReadAction","target":["https:\/\/belectric-dev.3wm.de\/de\/unternehmen\/compliance\/"]}]},{"@type":"ImageObject","inLanguage":"de","@id":"https:\/\/belectric-dev.3wm.de\/de\/unternehmen\/compliance\/#primaryimage","url":"https:\/\/belectric-dev.3wm.de\/wp-content\/uploads\/2024\/08\/company-compliance-role-model.jpg","contentUrl":"https:\/\/belectric-dev.3wm.de\/wp-content\/uploads\/2024\/08\/company-compliance-role-model.jpg","width":356,"height":508,"caption":"Two employees in front of a solar park read the BELECTRIC compliance guidelines on their laptop"},{"@type":"BreadcrumbList","@id":"https:\/\/belectric-dev.3wm.de\/de\/unternehmen\/compliance\/#breadcrumb","itemListElement":[{"@type":"ListItem","position":1,"name":"Startseite","item":"https:\/\/belectric-dev.3wm.de\/de\/"},{"@type":"ListItem","position":2,"name":"Unternehmen","item":"https:\/\/belectric-dev.3wm.de\/de\/unternehmen\/"},{"@type":"ListItem","position":3,"name":"Compliance"}]},{"@type":"WebSite","@id":"https:\/\/belectric-dev.3wm.de\/de\/#website","url":"https:\/\/belectric-dev.3wm.de\/de\/","name":"BELECTRIC","description":"360\u00b0 solution for ground-mounted solar power plants","publisher":{"@id":"https:\/\/belectric-dev.3wm.de\/de\/#organization"},"potentialAction":[{"@type":"SearchAction","target":{"@type":"EntryPoint","urlTemplate":"https:\/\/belectric-dev.3wm.de\/de\/?s={search_term_string}"},"query-input":{"@type":"PropertyValueSpecification","valueRequired":true,"valueName":"search_term_string"}}],"inLanguage":"de"},{"@type":"Organization","@id":"https:\/\/belectric-dev.3wm.de\/de\/#organization","name":"BELECTRIC","url":"https:\/\/belectric-dev.3wm.de\/de\/","logo":{"@type":"ImageObject","inLanguage":"de","@id":"https:\/\/belectric-dev.3wm.de\/de\/#\/schema\/logo\/image\/","url":"https:\/\/belectric-dev.3wm.de\/wp-content\/uploads\/2023\/09\/belectric_member_logo_rgb.svg","contentUrl":"https:\/\/belectric-dev.3wm.de\/wp-content\/uploads\/2023\/09\/belectric_member_logo_rgb.svg","width":805,"height":100,"caption":"BELECTRIC"},"image":{"@id":"https:\/\/belectric-dev.3wm.de\/de\/#\/schema\/logo\/image\/"},"sameAs":["https:\/\/www.facebook.com\/belectric.solar\/","https:\/\/www.xing.com\/pages\/belectric","https:\/\/www.linkedin.com\/company\/belectric-gmbh\/","https:\/\/www.instagram.com\/belectric_solar\/","https:\/\/www.youtube.com\/@BELECTRIC_GmbH\/videos"]}]}},"_links":{"self":[{"href":"https:\/\/belectric-dev.3wm.de\/de\/wp-json\/wp\/v2\/pages\/1332","targetHints":{"allow":["GET"]}}],"collection":[{"href":"https:\/\/belectric-dev.3wm.de\/de\/wp-json\/wp\/v2\/pages"}],"about":[{"href":"https:\/\/belectric-dev.3wm.de\/de\/wp-json\/wp\/v2\/types\/page"}],"author":[{"embeddable":true,"href":"https:\/\/belectric-dev.3wm.de\/de\/wp-json\/wp\/v2\/users\/1"}],"replies":[{"embeddable":true,"href":"https:\/\/belectric-dev.3wm.de\/de\/wp-json\/wp\/v2\/comments?post=1332"}],"version-history":[{"count":9,"href":"https:\/\/belectric-dev.3wm.de\/de\/wp-json\/wp\/v2\/pages\/1332\/revisions"}],"predecessor-version":[{"id":9811,"href":"https:\/\/belectric-dev.3wm.de\/de\/wp-json\/wp\/v2\/pages\/1332\/revisions\/9811"}],"up":[{"embeddable":true,"href":"https:\/\/belectric-dev.3wm.de\/de\/wp-json\/wp\/v2\/pages\/1330"}],"wp:featuredmedia":[{"embeddable":true,"href":"https:\/\/belectric-dev.3wm.de\/de\/wp-json\/wp\/v2\/media\/3150"}],"wp:attachment":[{"href":"https:\/\/belectric-dev.3wm.de\/de\/wp-json\/wp\/v2\/media?parent=1332"}],"curies":[{"name":"wp","href":"https:\/\/api.w.org\/{rel}","templated":true}]}}