{"id":1334,"date":"2023-10-19T13:00:09","date_gmt":"2023-10-19T11:00:09","guid":{"rendered":"https:\/\/www.belectric-relaunch.srv-3wm-007.de\/?page_id=1334"},"modified":"2025-10-22T10:47:37","modified_gmt":"2025-10-22T08:47:37","slug":"belectric-messen","status":"publish","type":"page","link":"https:\/\/belectric-dev.3wm.de\/de\/unternehmen\/belectric-messen\/","title":{"rendered":"Meet BELECTRIC"},"content":{"rendered":"\n<div class=\"wp-block-columns is-layout-flex wp-container-core-columns-is-layout-28f84493 wp-block-columns-is-layout-flex\">\n<div class=\"wp-block-column is-layout-flow wp-block-column-is-layout-flow\" style=\"flex-basis:66.66%\">\n<p>Jetzt vormerken: Die j\u00e4hrliche&nbsp;Solar Solutions Amsterdam in Amsterdam, auf der wir von BELECTRIC regelm\u00e4\u00dfig ausstellen. Dies ist die perfekte Gelegenheit, unser Team pers\u00f6nlich zu treffen und mit Expertinnen und Experten auf dem Gebiet der erneuerbaren Energien zu diskutieren. Auf der Solar Solutions Amsterdam k\u00f6nnen Sie mit dem offiziellen Partner der Sonne in Kontakt treten: Mit uns. BELECTRIC.<\/p>\n\n\n\n<p>Unter dem Motto der&nbsp;<strong>\u201e360-Grad PV- &amp; BESS-L\u00f6sung\u201c<\/strong>&nbsp;stellen wir umfassende Dienstleistungen entlang der gesamten Wertsch\u00f6pfungskette eines PV-Parks vor. Von der Projektentwicklung und Systemdesign-Optimierung \u00fcber Engineering, Procurement und Construction (EPC) bis hin zu Operations and Maintenance (O&amp;M) bieten wir unseren Kunden s\u00e4mtliche Dienstleistungen aus einer Hand an. Dar\u00fcber hinaus k\u00f6nnen Sie mehr \u00fcber unsere Batterie-Energiespeichersysteme (BESS) und unsere Agri-PV-L\u00f6sungen erfahren die nachhaltige Energieerzeugung mit landwirtschaftlicher Fl\u00e4chennutzung verbinden.<\/p>\n\n\n\n<p>Erleben Sie uns live! Hier geht\u2019s zu den Informationen der Messe: <a href=\"https:\/\/en.solarsolutions.nl\/\"><strong>Solar Solutions Amsterdam<\/strong><\/a><\/p>\n\n\n\n<p class=\"has-secondary-color has-text-color has-link-color wp-elements-a93fd03fc5ccf0bb9065670ac6fef8f8\">Sie m\u00f6chten einen<strong>&nbsp;Termin auf der Solar Solutions Amsterdam&nbsp;<\/strong>mit uns vereinbaren?&nbsp;Gerne arrangieren wir Ihnen einen Termin auf der Messe mit unseren Expertinnen und Experten. Kontaktieren Sie uns hierzu einfach:&nbsp;<a href=\"http:\/\/+4993855489000\/\">+49 9385 5489-000<\/a>&nbsp;oder&nbsp;<a href=\"mailto:sales@belectric.com\">sales@belectric.com<\/a><\/p>\n<\/div>\n\n\n\n<div class=\"wp-block-column is-layout-flow wp-block-column-is-layout-flow\" style=\"flex-basis:33.33%\">\n<figure class=\"wp-block-image size-large is-resized\"><img loading=\"lazy\" decoding=\"async\" width=\"768\" height=\"1024\" src=\"https:\/\/belectric-dev.3wm.de\/wp-content\/uploads\/2025\/05\/IMG_2338-768x1024.jpg\" alt=\"Four employees at one of BELECTRIC's trade fair appearances smile into the camera.\" class=\"wp-image-12341\" style=\"aspect-ratio:0.819672131147541;object-fit:cover;width:363px\" srcset=\"https:\/\/belectric-dev.3wm.de\/wp-content\/uploads\/2025\/05\/IMG_2338-768x1024.jpg 768w, https:\/\/belectric-dev.3wm.de\/wp-content\/uploads\/2025\/05\/IMG_2338-225x300.jpg 225w, https:\/\/belectric-dev.3wm.de\/wp-content\/uploads\/2025\/05\/IMG_2338-1152x1536.jpg 1152w, https:\/\/belectric-dev.3wm.de\/wp-content\/uploads\/2025\/05\/IMG_2338-1536x2048.jpg 1536w, https:\/\/belectric-dev.3wm.de\/wp-content\/uploads\/2025\/05\/IMG_2338-scaled.jpg 1920w\" sizes=\"auto, (max-width: 768px) 100vw, 768px\" \/><\/figure>\n<\/div>\n<\/div>\n\n\n\n<div style=\"height:50px\" aria-hidden=\"true\" class=\"wp-block-spacer\"><\/div>\n\n\n\n<figure class=\"wp-block-image aligncenter size-large is-resized\"><img loading=\"lazy\" decoding=\"async\" width=\"1024\" height=\"683\" src=\"https:\/\/belectric-dev.3wm.de\/wp-content\/uploads\/2025\/10\/IMG_2114-1-1024x683.jpg\" alt=\"\" class=\"wp-image-14813\" style=\"width:933px;height:auto\" srcset=\"https:\/\/belectric-dev.3wm.de\/wp-content\/uploads\/2025\/10\/IMG_2114-1-1024x683.jpg 1024w, https:\/\/belectric-dev.3wm.de\/wp-content\/uploads\/2025\/10\/IMG_2114-1-300x200.jpg 300w, https:\/\/belectric-dev.3wm.de\/wp-content\/uploads\/2025\/10\/IMG_2114-1-768x512.jpg 768w, https:\/\/belectric-dev.3wm.de\/wp-content\/uploads\/2025\/10\/IMG_2114-1-1536x1024.jpg 1536w, https:\/\/belectric-dev.3wm.de\/wp-content\/uploads\/2025\/10\/IMG_2114-1-2048x1365.jpg 2048w, https:\/\/belectric-dev.3wm.de\/wp-content\/uploads\/2025\/10\/IMG_2114-1-scaled.jpg 1920w\" sizes=\"auto, (max-width: 1024px) 100vw, 1024px\" \/><\/figure>\n\n\n\n<div style=\"height:50px\" aria-hidden=\"true\" class=\"wp-block-spacer\"><\/div>\n\n\n\n<div class=\"wp-block-columns alignfull has-light-grey-background-color has-background is-layout-flex wp-container-core-columns-is-layout-d64f3748 wp-block-columns-is-layout-flex\" style=\"margin-top:0;margin-bottom:0;padding-top:var(--wp--preset--spacing--60);padding-right:0;padding-bottom:var(--wp--preset--spacing--60);padding-left:0\">\n<div class=\"wp-block-column is-layout-flow wp-block-column-is-layout-flow\">\n<figure class=\"wp-block-image aligncenter size-full is-resized\"><img loading=\"lazy\" decoding=\"async\" width=\"1000\" height=\"1000\" src=\"https:\/\/belectric-dev.3wm.de\/wp-content\/uploads\/2024\/07\/BEL_Icon_Partnerschaft-Screen_pos.png\" alt=\"A red and yellow icon showing two hands that shake\" class=\"wp-image-2911\" style=\"width:100px\" srcset=\"https:\/\/belectric-dev.3wm.de\/wp-content\/uploads\/2024\/07\/BEL_Icon_Partnerschaft-Screen_pos.png 1000w, https:\/\/belectric-dev.3wm.de\/wp-content\/uploads\/2024\/07\/BEL_Icon_Partnerschaft-Screen_pos-300x300.png 300w, https:\/\/belectric-dev.3wm.de\/wp-content\/uploads\/2024\/07\/BEL_Icon_Partnerschaft-Screen_pos-768x768.png 768w\" sizes=\"auto, (max-width: 1000px) 100vw, 1000px\" \/><\/figure>\n\n\n\n<h3 class=\"wp-block-heading has-text-align-center has-primary-color has-text-color has-link-color wp-elements-a42f32b536fec4b8b522f8d84641d269\"><a href=\"https:\/\/belectric-dev.3wm.de\/de\/leistungen\/\"><\/a><strong><a href=\"https:\/\/app.cituro.com\/booking\/6826394\"><\/a>Sie <strong>k\u00f6nnen nicht auf die Solar Solutions Amsterdam kommen?<\/strong><\/strong><div class=\"wpb_text_column wpb_content_element\" style=\"box-sizing: border-box; margin-bottom: 35px; color: rgb(96, 96, 91); font-family: Clan, &quot;Open Sans&quot;, &quot;sans-serif&quot;; font-size: 16px; font-weight: 300; text-align: start; white-space-collapse: collapse;\"><div class=\"wpb_wrapper\" style=\"box-sizing: border-box; margin-bottom: 0px;\"><\/div><div class=\"wpb_wrapper\" style=\"box-sizing: border-box; margin-bottom: 0px;\"><\/div><\/div><\/h3>\n\n\n\n<p class=\"has-text-align-center\">Kein Problem, wir sind auch per E-Mail oder Telefon jederzeit f\u00fcr Sie erreichbar und<br>vereinbaren gerne einen Beratungstermin au\u00dferhalb der Messe.<\/p>\n\n\n\n<p class=\"has-text-align-center has-secondary-color has-text-color has-link-color wp-elements-342ec64b82955aa3d69a966e6413a0a7\"><strong>BELECTRIC GmbH<\/strong><br><a href=\"tel:+4993855489000\"><u>+49 9385 5489-000<\/u><\/a><br><a href=\"mailto:sales@belectric.com\"><u>sales@belectric.com<\/u><\/a><\/p>\n<\/div>\n<\/div>\n\n\n\n<div style=\"height:50px\" aria-hidden=\"true\" class=\"wp-block-spacer\"><\/div>\n\n\n\n<div class=\"wp-block-columns has-base-background-color has-background is-layout-flex wp-container-core-columns-is-layout-d64f3748 wp-block-columns-is-layout-flex\" style=\"margin-top:0;margin-bottom:0;padding-top:var(--wp--preset--spacing--60);padding-right:0;padding-bottom:var(--wp--preset--spacing--60);padding-left:0\">\n<div class=\"wp-block-column is-layout-flow wp-block-column-is-layout-flow\">\n<figure class=\"wp-block-image aligncenter size-full is-resized\"><img loading=\"lazy\" decoding=\"async\" width=\"1000\" height=\"1000\" src=\"https:\/\/belectric-dev.3wm.de\/wp-content\/uploads\/2024\/07\/BEL_Icon_Termin-Screen_pos.png\" alt=\"Icon in red and yellow that shows a calendar and a clock\" class=\"wp-image-2510\" style=\"width:100px\" srcset=\"https:\/\/belectric-dev.3wm.de\/wp-content\/uploads\/2024\/07\/BEL_Icon_Termin-Screen_pos.png 1000w, https:\/\/belectric-dev.3wm.de\/wp-content\/uploads\/2024\/07\/BEL_Icon_Termin-Screen_pos-300x300.png 300w, https:\/\/belectric-dev.3wm.de\/wp-content\/uploads\/2024\/07\/BEL_Icon_Termin-Screen_pos-768x768.png 768w\" sizes=\"auto, (max-width: 1000px) 100vw, 1000px\" \/><\/figure>\n\n\n\n<h3 class=\"wp-block-heading has-text-align-center has-primary-color has-text-color has-link-color wp-elements-032d94a4d7fd5981175bebefb29559c8\">Unsere n\u00e4chsten Messe-Termine<div class=\"wpb_text_column wpb_content_element\" style=\"box-sizing: border-box; margin-bottom: 35px; color: rgb(96, 96, 91); font-family: Clan, &quot;Open Sans&quot;, &quot;sans-serif&quot;; font-size: 16px; font-weight: 300; text-align: start; white-space-collapse: collapse;\"><div class=\"wpb_wrapper\" style=\"box-sizing: border-box; margin-bottom: 0px;\"><\/div><div class=\"wpb_wrapper\" style=\"box-sizing: border-box; margin-bottom: 0px;\"><\/div><\/div><\/h3>\n\n\n\n<p class=\"has-text-align-center has-primary-color has-text-color has-link-color wp-elements-ff16d5d147ea25a1c4295a5d60be5227\"><strong><a href=\"https:\/\/www.pv-magazine.com\/pv-magazine-events\/pv-magazine-week-europe-2025\/\">pv magazine Week Europe 2025<\/a><\/strong><\/p>\n\n\n\n<p class=\"has-text-align-center\">01. -04. Dezember 2025, Virtuell<\/p>\n\n\n\n<p class=\"has-text-align-center\"><a href=\"https:\/\/en.solarsolutions.nl\/\" target=\"_blank\" rel=\"noreferrer noopener\"><\/a><strong><strong><strong><a href=\"https:\/\/en.solarsolutions.nl\/\" target=\"_blank\" rel=\"noreferrer noopener\">Solar Solutions<\/a><\/strong><\/strong><mark style=\"background-color:rgba(0, 0, 0, 0)\" class=\"has-inline-color has-primary-color\"><a href=\"https:\/\/en.solarsolutions.nl\/\" target=\"_blank\" rel=\"noreferrer noopener\"> <\/a>Amsterdam<\/mark><\/strong><\/p>\n\n\n\n<p class=\"has-text-align-center\">10. \u2013 12. M\u00e4rz 2026, Amsterdam<\/p>\n\n\n\n<p class=\"has-text-align-center has-primary-color has-text-color has-link-color wp-elements-6aa5801d0e5f77a6b31a09c3af7ed46c\"><strong><a href=\"https:\/\/www.intersolar.de\/messe-kompakt\" target=\"_blank\" rel=\"noreferrer noopener\">Intersolar<\/a><\/strong> <strong>Europe<\/strong><\/p>\n\n\n\n<p class=\"has-text-align-center\">23. &#8211; 25. Juni 2026, M\u00fcnchen<\/p>\n<\/div>\n<\/div>\n\n\n\n<p><\/p>\n","protected":false},"excerpt":{"rendered":"<p>Jetzt vormerken: Die j\u00e4hrliche&nbsp;Solar Solutions Amsterdam in Amsterdam, auf der wir von BELECTRIC regelm\u00e4\u00dfig ausstellen. Dies ist die perfekte Gelegenheit, unser Team pers\u00f6nlich zu treffen und mit Expertinnen und Experten auf dem Gebiet der erneuerbaren Energien zu diskutieren. Auf der Solar Solutions Amsterdam k\u00f6nnen Sie mit dem offiziellen Partner der Sonne in Kontakt treten: Mit&#8230;<\/p>\n","protected":false},"author":1,"featured_media":10500,"parent":1330,"menu_order":0,"comment_status":"closed","ping_status":"closed","template":"","meta":{"_acf_changed":false,"footnotes":""},"class_list":["post-1334","page","type-page","status-publish","has-post-thumbnail","hentry"],"acf":[],"yoast_head":"<!-- This site is optimized with the Yoast SEO plugin v27.2 - https:\/\/yoast.com\/product\/yoast-seo-wordpress\/ -->\n<title>Meet BELECTRIC: Auf Fachmessen in ganz Europa - BELECTRIC<\/title>\n<meta name=\"description\" content=\"Auf Fachmessen in ganz Europa beraten wir an unserem BELECTRIC Messe-Stand ausf\u00fchrlich zu allen Fragen rund um das Thema Solar.\" \/>\n<meta name=\"robots\" content=\"noindex, follow, max-snippet:-1, max-image-preview:large, max-video-preview:-1\" \/>\n<meta property=\"og:locale\" content=\"de_DE\" \/>\n<meta property=\"og:type\" content=\"article\" \/>\n<meta property=\"og:title\" content=\"Meet BELECTRIC: Auf Fachmessen in ganz Europa - BELECTRIC\" \/>\n<meta property=\"og:description\" content=\"Auf Fachmessen in ganz Europa beraten wir an unserem BELECTRIC Messe-Stand ausf\u00fchrlich zu allen Fragen rund um das Thema Solar.\" \/>\n<meta property=\"og:url\" content=\"https:\/\/belectric-dev.3wm.de\/de\/unternehmen\/belectric-messen\/\" \/>\n<meta property=\"og:site_name\" content=\"BELECTRIC\" \/>\n<meta property=\"article:publisher\" content=\"https:\/\/www.facebook.com\/belectric.solar\/\" \/>\n<meta property=\"article:modified_time\" content=\"2025-10-22T08:47:37+00:00\" \/>\n<meta property=\"og:image\" content=\"https:\/\/belectric-dev.3wm.de\/wp-content\/uploads\/2025\/03\/IMG_0921.jpg\" \/>\n\t<meta property=\"og:image:width\" content=\"1336\" \/>\n\t<meta property=\"og:image:height\" content=\"1781\" \/>\n\t<meta property=\"og:image:type\" content=\"image\/jpeg\" \/>\n<meta name=\"twitter:card\" content=\"summary_large_image\" \/>\n<meta name=\"twitter:label1\" content=\"Gesch\u00e4tzte Lesezeit\" \/>\n\t<meta name=\"twitter:data1\" content=\"3\u00a0Minuten\" \/>\n<script type=\"application\/ld+json\" class=\"yoast-schema-graph\">{\"@context\":\"https:\/\/schema.org\",\"@graph\":[{\"@type\":\"WebPage\",\"@id\":\"https:\/\/belectric-dev.3wm.de\/de\/unternehmen\/belectric-messen\/\",\"url\":\"https:\/\/belectric-dev.3wm.de\/de\/unternehmen\/belectric-messen\/\",\"name\":\"Meet BELECTRIC: Auf Fachmessen in ganz Europa - BELECTRIC\",\"isPartOf\":{\"@id\":\"https:\/\/belectric-dev.3wm.de\/de\/#website\"},\"primaryImageOfPage\":{\"@id\":\"https:\/\/belectric-dev.3wm.de\/de\/unternehmen\/belectric-messen\/#primaryimage\"},\"image\":{\"@id\":\"https:\/\/belectric-dev.3wm.de\/de\/unternehmen\/belectric-messen\/#primaryimage\"},\"thumbnailUrl\":\"https:\/\/belectric-dev.3wm.de\/wp-content\/uploads\/2025\/03\/IMG_0921.jpg\",\"datePublished\":\"2023-10-19T11:00:09+00:00\",\"dateModified\":\"2025-10-22T08:47:37+00:00\",\"description\":\"Auf Fachmessen in ganz Europa beraten wir an unserem BELECTRIC Messe-Stand ausf\u00fchrlich zu allen Fragen rund um das Thema Solar.\",\"breadcrumb\":{\"@id\":\"https:\/\/belectric-dev.3wm.de\/de\/unternehmen\/belectric-messen\/#breadcrumb\"},\"inLanguage\":\"de\",\"potentialAction\":[{\"@type\":\"ReadAction\",\"target\":[\"https:\/\/belectric-dev.3wm.de\/de\/unternehmen\/belectric-messen\/\"]}]},{\"@type\":\"ImageObject\",\"inLanguage\":\"de\",\"@id\":\"https:\/\/belectric-dev.3wm.de\/de\/unternehmen\/belectric-messen\/#primaryimage\",\"url\":\"https:\/\/belectric-dev.3wm.de\/wp-content\/uploads\/2025\/03\/IMG_0921.jpg\",\"contentUrl\":\"https:\/\/belectric-dev.3wm.de\/wp-content\/uploads\/2025\/03\/IMG_0921.jpg\",\"width\":1336,\"height\":1781,\"caption\":\"Two employees at one of BELECTRIC's trade fair appearances smile into the camera.\"},{\"@type\":\"BreadcrumbList\",\"@id\":\"https:\/\/belectric-dev.3wm.de\/de\/unternehmen\/belectric-messen\/#breadcrumb\",\"itemListElement\":[{\"@type\":\"ListItem\",\"position\":1,\"name\":\"Startseite\",\"item\":\"https:\/\/belectric-dev.3wm.de\/de\/\"},{\"@type\":\"ListItem\",\"position\":2,\"name\":\"Unternehmen\",\"item\":\"https:\/\/belectric-dev.3wm.de\/de\/unternehmen\/\"},{\"@type\":\"ListItem\",\"position\":3,\"name\":\"Meet BELECTRIC\"}]},{\"@type\":\"WebSite\",\"@id\":\"https:\/\/belectric-dev.3wm.de\/de\/#website\",\"url\":\"https:\/\/belectric-dev.3wm.de\/de\/\",\"name\":\"BELECTRIC\",\"description\":\"360\u00b0 solution for ground-mounted solar power plants\",\"publisher\":{\"@id\":\"https:\/\/belectric-dev.3wm.de\/de\/#organization\"},\"potentialAction\":[{\"@type\":\"SearchAction\",\"target\":{\"@type\":\"EntryPoint\",\"urlTemplate\":\"https:\/\/belectric-dev.3wm.de\/de\/?s={search_term_string}\"},\"query-input\":{\"@type\":\"PropertyValueSpecification\",\"valueRequired\":true,\"valueName\":\"search_term_string\"}}],\"inLanguage\":\"de\"},{\"@type\":\"Organization\",\"@id\":\"https:\/\/belectric-dev.3wm.de\/de\/#organization\",\"name\":\"BELECTRIC\",\"url\":\"https:\/\/belectric-dev.3wm.de\/de\/\",\"logo\":{\"@type\":\"ImageObject\",\"inLanguage\":\"de\",\"@id\":\"https:\/\/belectric-dev.3wm.de\/de\/#\/schema\/logo\/image\/\",\"url\":\"https:\/\/belectric-dev.3wm.de\/wp-content\/uploads\/2023\/09\/belectric_member_logo_rgb.svg\",\"contentUrl\":\"https:\/\/belectric-dev.3wm.de\/wp-content\/uploads\/2023\/09\/belectric_member_logo_rgb.svg\",\"width\":805,\"height\":100,\"caption\":\"BELECTRIC\"},\"image\":{\"@id\":\"https:\/\/belectric-dev.3wm.de\/de\/#\/schema\/logo\/image\/\"},\"sameAs\":[\"https:\/\/www.facebook.com\/belectric.solar\/\",\"https:\/\/www.xing.com\/pages\/belectric\",\"https:\/\/www.linkedin.com\/company\/belectric-gmbh\/\",\"https:\/\/www.instagram.com\/belectric_solar\/\",\"https:\/\/www.youtube.com\/@BELECTRIC_GmbH\/videos\"]}]}<\/script>\n<!-- \/ Yoast SEO plugin. -->","yoast_head_json":{"title":"Meet BELECTRIC: Auf Fachmessen in ganz Europa - BELECTRIC","description":"Auf Fachmessen in ganz Europa beraten wir an unserem BELECTRIC Messe-Stand ausf\u00fchrlich zu allen Fragen rund um das Thema Solar.","robots":{"index":"noindex","follow":"follow","max-snippet":"max-snippet:-1","max-image-preview":"max-image-preview:large","max-video-preview":"max-video-preview:-1"},"og_locale":"de_DE","og_type":"article","og_title":"Meet BELECTRIC: Auf Fachmessen in ganz Europa - BELECTRIC","og_description":"Auf Fachmessen in ganz Europa beraten wir an unserem BELECTRIC Messe-Stand ausf\u00fchrlich zu allen Fragen rund um das Thema Solar.","og_url":"https:\/\/belectric-dev.3wm.de\/de\/unternehmen\/belectric-messen\/","og_site_name":"BELECTRIC","article_publisher":"https:\/\/www.facebook.com\/belectric.solar\/","article_modified_time":"2025-10-22T08:47:37+00:00","og_image":[{"width":1336,"height":1781,"url":"https:\/\/belectric-dev.3wm.de\/wp-content\/uploads\/2025\/03\/IMG_0921.jpg","type":"image\/jpeg"}],"twitter_card":"summary_large_image","twitter_misc":{"Gesch\u00e4tzte Lesezeit":"3\u00a0Minuten"},"schema":{"@context":"https:\/\/schema.org","@graph":[{"@type":"WebPage","@id":"https:\/\/belectric-dev.3wm.de\/de\/unternehmen\/belectric-messen\/","url":"https:\/\/belectric-dev.3wm.de\/de\/unternehmen\/belectric-messen\/","name":"Meet BELECTRIC: Auf Fachmessen in ganz Europa - BELECTRIC","isPartOf":{"@id":"https:\/\/belectric-dev.3wm.de\/de\/#website"},"primaryImageOfPage":{"@id":"https:\/\/belectric-dev.3wm.de\/de\/unternehmen\/belectric-messen\/#primaryimage"},"image":{"@id":"https:\/\/belectric-dev.3wm.de\/de\/unternehmen\/belectric-messen\/#primaryimage"},"thumbnailUrl":"https:\/\/belectric-dev.3wm.de\/wp-content\/uploads\/2025\/03\/IMG_0921.jpg","datePublished":"2023-10-19T11:00:09+00:00","dateModified":"2025-10-22T08:47:37+00:00","description":"Auf Fachmessen in ganz Europa beraten wir an unserem BELECTRIC Messe-Stand ausf\u00fchrlich zu allen Fragen rund um das Thema Solar.","breadcrumb":{"@id":"https:\/\/belectric-dev.3wm.de\/de\/unternehmen\/belectric-messen\/#breadcrumb"},"inLanguage":"de","potentialAction":[{"@type":"ReadAction","target":["https:\/\/belectric-dev.3wm.de\/de\/unternehmen\/belectric-messen\/"]}]},{"@type":"ImageObject","inLanguage":"de","@id":"https:\/\/belectric-dev.3wm.de\/de\/unternehmen\/belectric-messen\/#primaryimage","url":"https:\/\/belectric-dev.3wm.de\/wp-content\/uploads\/2025\/03\/IMG_0921.jpg","contentUrl":"https:\/\/belectric-dev.3wm.de\/wp-content\/uploads\/2025\/03\/IMG_0921.jpg","width":1336,"height":1781,"caption":"Two employees at one of BELECTRIC's trade fair appearances smile into the camera."},{"@type":"BreadcrumbList","@id":"https:\/\/belectric-dev.3wm.de\/de\/unternehmen\/belectric-messen\/#breadcrumb","itemListElement":[{"@type":"ListItem","position":1,"name":"Startseite","item":"https:\/\/belectric-dev.3wm.de\/de\/"},{"@type":"ListItem","position":2,"name":"Unternehmen","item":"https:\/\/belectric-dev.3wm.de\/de\/unternehmen\/"},{"@type":"ListItem","position":3,"name":"Meet BELECTRIC"}]},{"@type":"WebSite","@id":"https:\/\/belectric-dev.3wm.de\/de\/#website","url":"https:\/\/belectric-dev.3wm.de\/de\/","name":"BELECTRIC","description":"360\u00b0 solution for ground-mounted solar power plants","publisher":{"@id":"https:\/\/belectric-dev.3wm.de\/de\/#organization"},"potentialAction":[{"@type":"SearchAction","target":{"@type":"EntryPoint","urlTemplate":"https:\/\/belectric-dev.3wm.de\/de\/?s={search_term_string}"},"query-input":{"@type":"PropertyValueSpecification","valueRequired":true,"valueName":"search_term_string"}}],"inLanguage":"de"},{"@type":"Organization","@id":"https:\/\/belectric-dev.3wm.de\/de\/#organization","name":"BELECTRIC","url":"https:\/\/belectric-dev.3wm.de\/de\/","logo":{"@type":"ImageObject","inLanguage":"de","@id":"https:\/\/belectric-dev.3wm.de\/de\/#\/schema\/logo\/image\/","url":"https:\/\/belectric-dev.3wm.de\/wp-content\/uploads\/2023\/09\/belectric_member_logo_rgb.svg","contentUrl":"https:\/\/belectric-dev.3wm.de\/wp-content\/uploads\/2023\/09\/belectric_member_logo_rgb.svg","width":805,"height":100,"caption":"BELECTRIC"},"image":{"@id":"https:\/\/belectric-dev.3wm.de\/de\/#\/schema\/logo\/image\/"},"sameAs":["https:\/\/www.facebook.com\/belectric.solar\/","https:\/\/www.xing.com\/pages\/belectric","https:\/\/www.linkedin.com\/company\/belectric-gmbh\/","https:\/\/www.instagram.com\/belectric_solar\/","https:\/\/www.youtube.com\/@BELECTRIC_GmbH\/videos"]}]}},"_links":{"self":[{"href":"https:\/\/belectric-dev.3wm.de\/de\/wp-json\/wp\/v2\/pages\/1334","targetHints":{"allow":["GET"]}}],"collection":[{"href":"https:\/\/belectric-dev.3wm.de\/de\/wp-json\/wp\/v2\/pages"}],"about":[{"href":"https:\/\/belectric-dev.3wm.de\/de\/wp-json\/wp\/v2\/types\/page"}],"author":[{"embeddable":true,"href":"https:\/\/belectric-dev.3wm.de\/de\/wp-json\/wp\/v2\/users\/1"}],"replies":[{"embeddable":true,"href":"https:\/\/belectric-dev.3wm.de\/de\/wp-json\/wp\/v2\/comments?post=1334"}],"version-history":[{"count":10,"href":"https:\/\/belectric-dev.3wm.de\/de\/wp-json\/wp\/v2\/pages\/1334\/revisions"}],"predecessor-version":[{"id":15088,"href":"https:\/\/belectric-dev.3wm.de\/de\/wp-json\/wp\/v2\/pages\/1334\/revisions\/15088"}],"up":[{"embeddable":true,"href":"https:\/\/belectric-dev.3wm.de\/de\/wp-json\/wp\/v2\/pages\/1330"}],"wp:featuredmedia":[{"embeddable":true,"href":"https:\/\/belectric-dev.3wm.de\/de\/wp-json\/wp\/v2\/media\/10500"}],"wp:attachment":[{"href":"https:\/\/belectric-dev.3wm.de\/de\/wp-json\/wp\/v2\/media?parent=1334"}],"curies":[{"name":"wp","href":"https:\/\/api.w.org\/{rel}","templated":true}]}}