{"id":1336,"date":"2023-10-19T12:59:17","date_gmt":"2023-10-19T10:59:17","guid":{"rendered":"https:\/\/www.belectric-relaunch.srv-3wm-007.de\/?page_id=1336"},"modified":"2025-07-08T11:43:20","modified_gmt":"2025-07-08T09:43:20","slug":"member-of-elevion-group","status":"publish","type":"page","link":"https:\/\/belectric-dev.3wm.de\/de\/unternehmen\/member-of-elevion-group\/","title":{"rendered":"Energy. Solutions. Together."},"content":{"rendered":"\n<p>Die <a href=\"https:\/\/www.eleviongroup.com\/de\/\">Elevion Group<\/a> geh\u00f6rt zu Europas&nbsp;<strong>f\u00fchrenden Anbietern f\u00fcr End-to-End-L\u00f6sungen zur Dekarbonisierung<\/strong>&nbsp;und Erh\u00f6hung der Energieeffizienz. Sie steht f\u00fcr Pioniergeist und eine einzigartige Struktur, dank der sich die Kompetenzen der Gruppe problemlos f\u00fcr verschiedenste Projektgr\u00f6\u00dfen, -umf\u00e4nge, Anforderungen und Expertisen skalieren lassen.<\/p>\n\n\n\n<p>Die Elevion Group ist in mehr als dreizehn europ\u00e4ischen M\u00e4rkten (wie z.B. den Niederlanden, Deutschland, \u00d6sterreich, Italien, Polen, Rum\u00e4nien oder Ungarn) und mit mehr als 80 hochspezialisierten, unabh\u00e4ngigen Unternehmen t\u00e4tig \u2013 welche im Verbund \u00fcber die Finanzkraft eines internationalen Konzerns verf\u00fcgen.<\/p>\n\n\n\n<p>BELECTRIC &amp; Elevion gehen seit Dezember 2021 gemeinsame Wege im Bereich moderner Energiel\u00f6sungen.<\/p>\n\n\n\n<p>Wissenswertes und Aktuelles \u00fcber die Elevion Group finden Sie auf&nbsp;<a href=\"http:\/\/www.eleviongroup.com\/\" target=\"_blank\" rel=\"noreferrer noopener\"><u>www.eleviongroup.com<\/u><\/a><\/p>\n\n\n\n<p><\/p>\n\n\n\n<figure class=\"wp-block-image size-medium is-resized\"><img loading=\"lazy\" decoding=\"async\" width=\"300\" height=\"151\" src=\"https:\/\/belectric-dev.3wm.de\/wp-content\/uploads\/2024\/09\/Elevion-Logo_Farbe_BELECTRIC-300x151.png\" alt=\"\" class=\"wp-image-6424\" style=\"width:200px\" srcset=\"https:\/\/belectric-dev.3wm.de\/wp-content\/uploads\/2024\/09\/Elevion-Logo_Farbe_BELECTRIC-300x151.png 300w, https:\/\/belectric-dev.3wm.de\/wp-content\/uploads\/2024\/09\/Elevion-Logo_Farbe_BELECTRIC-1024x515.png 1024w, https:\/\/belectric-dev.3wm.de\/wp-content\/uploads\/2024\/09\/Elevion-Logo_Farbe_BELECTRIC-768x386.png 768w, https:\/\/belectric-dev.3wm.de\/wp-content\/uploads\/2024\/09\/Elevion-Logo_Farbe_BELECTRIC.png 1183w\" sizes=\"auto, (max-width: 300px) 100vw, 300px\" \/><\/figure>\n","protected":false},"excerpt":{"rendered":"<p>Die Elevion Group geh\u00f6rt zu Europas&nbsp;f\u00fchrenden Anbietern f\u00fcr End-to-End-L\u00f6sungen zur Dekarbonisierung&nbsp;und Erh\u00f6hung der Energieeffizienz. Sie steht f\u00fcr Pioniergeist und eine einzigartige Struktur, dank der sich die Kompetenzen der Gruppe problemlos f\u00fcr verschiedenste Projektgr\u00f6\u00dfen, -umf\u00e4nge, Anforderungen und Expertisen skalieren lassen. Die Elevion Group ist in mehr als dreizehn europ\u00e4ischen M\u00e4rkten (wie z.B. den Niederlanden, Deutschland, \u00d6sterreich,&#8230;<\/p>\n","protected":false},"author":1,"featured_media":3188,"parent":1330,"menu_order":0,"comment_status":"closed","ping_status":"closed","template":"","meta":{"_acf_changed":false,"footnotes":""},"class_list":["post-1336","page","type-page","status-publish","has-post-thumbnail","hentry"],"acf":[],"yoast_head":"<!-- This site is optimized with the Yoast SEO plugin v27.2 - https:\/\/yoast.com\/product\/yoast-seo-wordpress\/ -->\n<title>Energy. Solutions. Together.: Teil einer starken Gruppe - BELECTRIC<\/title>\n<meta name=\"description\" content=\"BELECTRIC ist Teil der Elevion Group. Die finanzstarke Muttergesellschaft ist ein f\u00fchrender Anbieter im Bereich Dekarbonisierung.\" \/>\n<meta name=\"robots\" content=\"noindex, follow, max-snippet:-1, max-image-preview:large, max-video-preview:-1\" \/>\n<meta property=\"og:locale\" content=\"de_DE\" \/>\n<meta property=\"og:type\" content=\"article\" \/>\n<meta property=\"og:title\" content=\"Energy. Solutions. Together.: Teil einer starken Gruppe - BELECTRIC\" \/>\n<meta property=\"og:description\" content=\"BELECTRIC ist Teil der Elevion Group. Die finanzstarke Muttergesellschaft ist ein f\u00fchrender Anbieter im Bereich Dekarbonisierung.\" \/>\n<meta property=\"og:url\" content=\"https:\/\/belectric-dev.3wm.de\/de\/unternehmen\/member-of-elevion-group\/\" \/>\n<meta property=\"og:site_name\" content=\"BELECTRIC\" \/>\n<meta property=\"article:publisher\" content=\"https:\/\/www.facebook.com\/belectric.solar\/\" \/>\n<meta property=\"article:modified_time\" content=\"2025-07-08T09:43:20+00:00\" \/>\n<meta property=\"og:image\" content=\"https:\/\/belectric-dev.3wm.de\/wp-content\/uploads\/2024\/08\/company-member-of-elevion-group.jpg\" \/>\n\t<meta property=\"og:image:width\" content=\"1500\" \/>\n\t<meta property=\"og:image:height\" content=\"1000\" \/>\n\t<meta property=\"og:image:type\" content=\"image\/jpeg\" \/>\n<meta name=\"twitter:card\" content=\"summary_large_image\" \/>\n<meta name=\"twitter:label1\" content=\"Gesch\u00e4tzte Lesezeit\" \/>\n\t<meta name=\"twitter:data1\" content=\"1\u00a0Minute\" \/>\n<script type=\"application\/ld+json\" class=\"yoast-schema-graph\">{\"@context\":\"https:\/\/schema.org\",\"@graph\":[{\"@type\":\"WebPage\",\"@id\":\"https:\/\/belectric-dev.3wm.de\/de\/unternehmen\/member-of-elevion-group\/\",\"url\":\"https:\/\/belectric-dev.3wm.de\/de\/unternehmen\/member-of-elevion-group\/\",\"name\":\"Energy. Solutions. Together.: Teil einer starken Gruppe - BELECTRIC\",\"isPartOf\":{\"@id\":\"https:\/\/belectric-dev.3wm.de\/de\/#website\"},\"primaryImageOfPage\":{\"@id\":\"https:\/\/belectric-dev.3wm.de\/de\/unternehmen\/member-of-elevion-group\/#primaryimage\"},\"image\":{\"@id\":\"https:\/\/belectric-dev.3wm.de\/de\/unternehmen\/member-of-elevion-group\/#primaryimage\"},\"thumbnailUrl\":\"https:\/\/belectric-dev.3wm.de\/wp-content\/uploads\/2024\/08\/company-member-of-elevion-group.jpg\",\"datePublished\":\"2023-10-19T10:59:17+00:00\",\"dateModified\":\"2025-07-08T09:43:20+00:00\",\"description\":\"BELECTRIC ist Teil der Elevion Group. Die finanzstarke Muttergesellschaft ist ein f\u00fchrender Anbieter im Bereich Dekarbonisierung.\",\"breadcrumb\":{\"@id\":\"https:\/\/belectric-dev.3wm.de\/de\/unternehmen\/member-of-elevion-group\/#breadcrumb\"},\"inLanguage\":\"de\",\"potentialAction\":[{\"@type\":\"ReadAction\",\"target\":[\"https:\/\/belectric-dev.3wm.de\/de\/unternehmen\/member-of-elevion-group\/\"]}]},{\"@type\":\"ImageObject\",\"inLanguage\":\"de\",\"@id\":\"https:\/\/belectric-dev.3wm.de\/de\/unternehmen\/member-of-elevion-group\/#primaryimage\",\"url\":\"https:\/\/belectric-dev.3wm.de\/wp-content\/uploads\/2024\/08\/company-member-of-elevion-group.jpg\",\"contentUrl\":\"https:\/\/belectric-dev.3wm.de\/wp-content\/uploads\/2024\/08\/company-member-of-elevion-group.jpg\",\"width\":1500,\"height\":1000,\"caption\":\"the two logos of BELECTRIC and the parent company Elevion next to each other as a sign of a strong partnership for the future of solar\"},{\"@type\":\"BreadcrumbList\",\"@id\":\"https:\/\/belectric-dev.3wm.de\/de\/unternehmen\/member-of-elevion-group\/#breadcrumb\",\"itemListElement\":[{\"@type\":\"ListItem\",\"position\":1,\"name\":\"Startseite\",\"item\":\"https:\/\/belectric-dev.3wm.de\/de\/\"},{\"@type\":\"ListItem\",\"position\":2,\"name\":\"Unternehmen\",\"item\":\"https:\/\/belectric-dev.3wm.de\/de\/unternehmen\/\"},{\"@type\":\"ListItem\",\"position\":3,\"name\":\"Energy. Solutions. Together.\"}]},{\"@type\":\"WebSite\",\"@id\":\"https:\/\/belectric-dev.3wm.de\/de\/#website\",\"url\":\"https:\/\/belectric-dev.3wm.de\/de\/\",\"name\":\"BELECTRIC\",\"description\":\"360\u00b0 solution for ground-mounted solar power plants\",\"publisher\":{\"@id\":\"https:\/\/belectric-dev.3wm.de\/de\/#organization\"},\"potentialAction\":[{\"@type\":\"SearchAction\",\"target\":{\"@type\":\"EntryPoint\",\"urlTemplate\":\"https:\/\/belectric-dev.3wm.de\/de\/?s={search_term_string}\"},\"query-input\":{\"@type\":\"PropertyValueSpecification\",\"valueRequired\":true,\"valueName\":\"search_term_string\"}}],\"inLanguage\":\"de\"},{\"@type\":\"Organization\",\"@id\":\"https:\/\/belectric-dev.3wm.de\/de\/#organization\",\"name\":\"BELECTRIC\",\"url\":\"https:\/\/belectric-dev.3wm.de\/de\/\",\"logo\":{\"@type\":\"ImageObject\",\"inLanguage\":\"de\",\"@id\":\"https:\/\/belectric-dev.3wm.de\/de\/#\/schema\/logo\/image\/\",\"url\":\"https:\/\/belectric-dev.3wm.de\/wp-content\/uploads\/2023\/09\/belectric_member_logo_rgb.svg\",\"contentUrl\":\"https:\/\/belectric-dev.3wm.de\/wp-content\/uploads\/2023\/09\/belectric_member_logo_rgb.svg\",\"width\":805,\"height\":100,\"caption\":\"BELECTRIC\"},\"image\":{\"@id\":\"https:\/\/belectric-dev.3wm.de\/de\/#\/schema\/logo\/image\/\"},\"sameAs\":[\"https:\/\/www.facebook.com\/belectric.solar\/\",\"https:\/\/www.xing.com\/pages\/belectric\",\"https:\/\/www.linkedin.com\/company\/belectric-gmbh\/\",\"https:\/\/www.instagram.com\/belectric_solar\/\",\"https:\/\/www.youtube.com\/@BELECTRIC_GmbH\/videos\"]}]}<\/script>\n<!-- \/ Yoast SEO plugin. -->","yoast_head_json":{"title":"Energy. Solutions. Together.: Teil einer starken Gruppe - BELECTRIC","description":"BELECTRIC ist Teil der Elevion Group. Die finanzstarke Muttergesellschaft ist ein f\u00fchrender Anbieter im Bereich Dekarbonisierung.","robots":{"index":"noindex","follow":"follow","max-snippet":"max-snippet:-1","max-image-preview":"max-image-preview:large","max-video-preview":"max-video-preview:-1"},"og_locale":"de_DE","og_type":"article","og_title":"Energy. Solutions. Together.: Teil einer starken Gruppe - BELECTRIC","og_description":"BELECTRIC ist Teil der Elevion Group. Die finanzstarke Muttergesellschaft ist ein f\u00fchrender Anbieter im Bereich Dekarbonisierung.","og_url":"https:\/\/belectric-dev.3wm.de\/de\/unternehmen\/member-of-elevion-group\/","og_site_name":"BELECTRIC","article_publisher":"https:\/\/www.facebook.com\/belectric.solar\/","article_modified_time":"2025-07-08T09:43:20+00:00","og_image":[{"width":1500,"height":1000,"url":"https:\/\/belectric-dev.3wm.de\/wp-content\/uploads\/2024\/08\/company-member-of-elevion-group.jpg","type":"image\/jpeg"}],"twitter_card":"summary_large_image","twitter_misc":{"Gesch\u00e4tzte Lesezeit":"1\u00a0Minute"},"schema":{"@context":"https:\/\/schema.org","@graph":[{"@type":"WebPage","@id":"https:\/\/belectric-dev.3wm.de\/de\/unternehmen\/member-of-elevion-group\/","url":"https:\/\/belectric-dev.3wm.de\/de\/unternehmen\/member-of-elevion-group\/","name":"Energy. Solutions. Together.: Teil einer starken Gruppe - BELECTRIC","isPartOf":{"@id":"https:\/\/belectric-dev.3wm.de\/de\/#website"},"primaryImageOfPage":{"@id":"https:\/\/belectric-dev.3wm.de\/de\/unternehmen\/member-of-elevion-group\/#primaryimage"},"image":{"@id":"https:\/\/belectric-dev.3wm.de\/de\/unternehmen\/member-of-elevion-group\/#primaryimage"},"thumbnailUrl":"https:\/\/belectric-dev.3wm.de\/wp-content\/uploads\/2024\/08\/company-member-of-elevion-group.jpg","datePublished":"2023-10-19T10:59:17+00:00","dateModified":"2025-07-08T09:43:20+00:00","description":"BELECTRIC ist Teil der Elevion Group. Die finanzstarke Muttergesellschaft ist ein f\u00fchrender Anbieter im Bereich Dekarbonisierung.","breadcrumb":{"@id":"https:\/\/belectric-dev.3wm.de\/de\/unternehmen\/member-of-elevion-group\/#breadcrumb"},"inLanguage":"de","potentialAction":[{"@type":"ReadAction","target":["https:\/\/belectric-dev.3wm.de\/de\/unternehmen\/member-of-elevion-group\/"]}]},{"@type":"ImageObject","inLanguage":"de","@id":"https:\/\/belectric-dev.3wm.de\/de\/unternehmen\/member-of-elevion-group\/#primaryimage","url":"https:\/\/belectric-dev.3wm.de\/wp-content\/uploads\/2024\/08\/company-member-of-elevion-group.jpg","contentUrl":"https:\/\/belectric-dev.3wm.de\/wp-content\/uploads\/2024\/08\/company-member-of-elevion-group.jpg","width":1500,"height":1000,"caption":"the two logos of BELECTRIC and the parent company Elevion next to each other as a sign of a strong partnership for the future of solar"},{"@type":"BreadcrumbList","@id":"https:\/\/belectric-dev.3wm.de\/de\/unternehmen\/member-of-elevion-group\/#breadcrumb","itemListElement":[{"@type":"ListItem","position":1,"name":"Startseite","item":"https:\/\/belectric-dev.3wm.de\/de\/"},{"@type":"ListItem","position":2,"name":"Unternehmen","item":"https:\/\/belectric-dev.3wm.de\/de\/unternehmen\/"},{"@type":"ListItem","position":3,"name":"Energy. Solutions. Together."}]},{"@type":"WebSite","@id":"https:\/\/belectric-dev.3wm.de\/de\/#website","url":"https:\/\/belectric-dev.3wm.de\/de\/","name":"BELECTRIC","description":"360\u00b0 solution for ground-mounted solar power plants","publisher":{"@id":"https:\/\/belectric-dev.3wm.de\/de\/#organization"},"potentialAction":[{"@type":"SearchAction","target":{"@type":"EntryPoint","urlTemplate":"https:\/\/belectric-dev.3wm.de\/de\/?s={search_term_string}"},"query-input":{"@type":"PropertyValueSpecification","valueRequired":true,"valueName":"search_term_string"}}],"inLanguage":"de"},{"@type":"Organization","@id":"https:\/\/belectric-dev.3wm.de\/de\/#organization","name":"BELECTRIC","url":"https:\/\/belectric-dev.3wm.de\/de\/","logo":{"@type":"ImageObject","inLanguage":"de","@id":"https:\/\/belectric-dev.3wm.de\/de\/#\/schema\/logo\/image\/","url":"https:\/\/belectric-dev.3wm.de\/wp-content\/uploads\/2023\/09\/belectric_member_logo_rgb.svg","contentUrl":"https:\/\/belectric-dev.3wm.de\/wp-content\/uploads\/2023\/09\/belectric_member_logo_rgb.svg","width":805,"height":100,"caption":"BELECTRIC"},"image":{"@id":"https:\/\/belectric-dev.3wm.de\/de\/#\/schema\/logo\/image\/"},"sameAs":["https:\/\/www.facebook.com\/belectric.solar\/","https:\/\/www.xing.com\/pages\/belectric","https:\/\/www.linkedin.com\/company\/belectric-gmbh\/","https:\/\/www.instagram.com\/belectric_solar\/","https:\/\/www.youtube.com\/@BELECTRIC_GmbH\/videos"]}]}},"_links":{"self":[{"href":"https:\/\/belectric-dev.3wm.de\/de\/wp-json\/wp\/v2\/pages\/1336","targetHints":{"allow":["GET"]}}],"collection":[{"href":"https:\/\/belectric-dev.3wm.de\/de\/wp-json\/wp\/v2\/pages"}],"about":[{"href":"https:\/\/belectric-dev.3wm.de\/de\/wp-json\/wp\/v2\/types\/page"}],"author":[{"embeddable":true,"href":"https:\/\/belectric-dev.3wm.de\/de\/wp-json\/wp\/v2\/users\/1"}],"replies":[{"embeddable":true,"href":"https:\/\/belectric-dev.3wm.de\/de\/wp-json\/wp\/v2\/comments?post=1336"}],"version-history":[{"count":5,"href":"https:\/\/belectric-dev.3wm.de\/de\/wp-json\/wp\/v2\/pages\/1336\/revisions"}],"predecessor-version":[{"id":13075,"href":"https:\/\/belectric-dev.3wm.de\/de\/wp-json\/wp\/v2\/pages\/1336\/revisions\/13075"}],"up":[{"embeddable":true,"href":"https:\/\/belectric-dev.3wm.de\/de\/wp-json\/wp\/v2\/pages\/1330"}],"wp:featuredmedia":[{"embeddable":true,"href":"https:\/\/belectric-dev.3wm.de\/de\/wp-json\/wp\/v2\/media\/3188"}],"wp:attachment":[{"href":"https:\/\/belectric-dev.3wm.de\/de\/wp-json\/wp\/v2\/media?parent=1336"}],"curies":[{"name":"wp","href":"https:\/\/api.w.org\/{rel}","templated":true}]}}