{"id":1338,"date":"2023-10-19T12:58:39","date_gmt":"2023-10-19T10:58:39","guid":{"rendered":"https:\/\/www.belectric-relaunch.srv-3wm-007.de\/?page_id=1338"},"modified":"2025-04-03T14:13:09","modified_gmt":"2025-04-03T12:13:09","slug":"geschaeftsfuehrung","status":"publish","type":"page","link":"https:\/\/belectric-dev.3wm.de\/de\/unternehmen\/geschaeftsfuehrung\/","title":{"rendered":"Gesch\u00e4ftsf\u00fchrung"},"content":{"rendered":"\n<p>Die BELECTRIC Gesch\u00e4ftsf\u00fchrung besteht aus zwei exekutiven Mitgliedern und zwei Non-Executive Officers. In gemeinschaftlicher Verantwortung f\u00fchren sie die Gesch\u00e4fte der BELECTRIC GmbH und&nbsp;<strong>gestalten zusammen mit allen Mitarbeitenden die Zukunft der Solarenergie<\/strong>.<\/p>\n\n\n\n<div style=\"height:50px\" aria-hidden=\"true\" class=\"wp-block-spacer\"><\/div>\n\n\n\n<div class=\"wp-block-columns is-layout-flex wp-container-core-columns-is-layout-28f84493 wp-block-columns-is-layout-flex\">\n<div class=\"wp-block-column is-layout-flow wp-block-column-is-layout-flow\" style=\"padding-right:var(--wp--preset--spacing--40);padding-left:var(--wp--preset--spacing--40)\">\n<div class=\"wp-block-media-text is-stacked-on-mobile is-vertically-aligned-top\" style=\"grid-template-columns:29% auto\"><figure class=\"wp-block-media-text__media\"><img loading=\"lazy\" decoding=\"async\" width=\"691\" height=\"1024\" src=\"https:\/\/belectric-dev.3wm.de\/wp-content\/uploads\/2025\/04\/BELECTRIC-CEO-Thorsten-Blanke-691x1024.jpg\" alt=\"\" class=\"wp-image-10736 size-full\" srcset=\"https:\/\/belectric-dev.3wm.de\/wp-content\/uploads\/2025\/04\/BELECTRIC-CEO-Thorsten-Blanke-691x1024.jpg 691w, https:\/\/belectric-dev.3wm.de\/wp-content\/uploads\/2025\/04\/BELECTRIC-CEO-Thorsten-Blanke-203x300.jpg 203w, https:\/\/belectric-dev.3wm.de\/wp-content\/uploads\/2025\/04\/BELECTRIC-CEO-Thorsten-Blanke-768x1138.jpg 768w, https:\/\/belectric-dev.3wm.de\/wp-content\/uploads\/2025\/04\/BELECTRIC-CEO-Thorsten-Blanke-1037x1536.jpg 1037w, https:\/\/belectric-dev.3wm.de\/wp-content\/uploads\/2025\/04\/BELECTRIC-CEO-Thorsten-Blanke.jpg 1126w\" sizes=\"auto, (max-width: 691px) 100vw, 691px\" \/><\/figure><div class=\"wp-block-media-text__content\">\n<h3 class=\"wp-block-heading alignfull\"><strong>Dr. Thorsten Blanke<\/strong><\/h3>\n\n\n\n<p><strong>Chief Executive Officer<\/strong><\/p>\n\n\n\n<hr class=\"wp-block-separator has-text-color has-quinary-color has-alpha-channel-opacity has-quinary-background-color has-background\"\/>\n<\/div><\/div>\n\n\n\n<p style=\"margin-top:1.3rem;margin-right:0;margin-bottom:1.3rem;margin-left:0;padding-top:0;padding-right:0;padding-bottom:0;padding-left:0\">Dr. Thorsten Blanke ist seit Oktober 2020 Gesch\u00e4ftsf\u00fchrer bei BELECTRIC. Nach Studium und Promotion an der Ruhr-Universit\u00e4t Bochum war der Maschinenbauingenieur seit 1999 im RWE Konzern t\u00e4tig. 2003 wechselte er aus der \u201eForschung und Entwicklung\u201c fr\u00fch in den Bereich \u201eErneuerbare Energien\u201c bei RWE. Er hatte dort unterschiedliche F\u00fchrungspositionen inne, bevor er ab 2016 als Direktor das internationale Solargesch\u00e4ft der zum Konzern geh\u00f6renden innogy f\u00fchrte. In dieser Rolle verantwortete er die Realisierung gro\u00dfer, internationaler Solarprojekte etwa in Kanada und Australien, die von BELECTRIC gebaut worden sind. Dar\u00fcber hinaus verbrachte er Zeit in Spanien, wo er die Unternehmensaktivit\u00e4ten im Solarbereich ma\u00dfgeblich voranbrachte.<\/p>\n<\/div>\n\n\n\n<div class=\"wp-block-column is-layout-flow wp-block-column-is-layout-flow\" style=\"padding-right:var(--wp--preset--spacing--40);padding-left:var(--wp--preset--spacing--40)\">\n<div class=\"wp-block-media-text is-stacked-on-mobile is-vertically-aligned-top\" style=\"grid-template-columns:29% auto\"><figure class=\"wp-block-media-text__media\"><img loading=\"lazy\" decoding=\"async\" width=\"691\" height=\"1024\" src=\"https:\/\/belectric-dev.3wm.de\/wp-content\/uploads\/2024\/10\/AndreasZumegen-691x1024.jpg\" alt=\"Andreas Zumegen, CFO in BELECTRIC's Management Board\" class=\"wp-image-7996 size-full\" srcset=\"https:\/\/belectric-dev.3wm.de\/wp-content\/uploads\/2024\/10\/AndreasZumegen-691x1024.jpg 691w, https:\/\/belectric-dev.3wm.de\/wp-content\/uploads\/2024\/10\/AndreasZumegen-203x300.jpg 203w, https:\/\/belectric-dev.3wm.de\/wp-content\/uploads\/2024\/10\/AndreasZumegen-768x1138.jpg 768w, https:\/\/belectric-dev.3wm.de\/wp-content\/uploads\/2024\/10\/AndreasZumegen-1037x1536.jpg 1037w, https:\/\/belectric-dev.3wm.de\/wp-content\/uploads\/2024\/10\/AndreasZumegen.jpg 1126w\" sizes=\"auto, (max-width: 691px) 100vw, 691px\" \/><\/figure><div class=\"wp-block-media-text__content\">\n<h3 class=\"wp-block-heading alignfull\"><strong>Andreas Zumegen<\/strong><\/h3>\n\n\n\n<p><strong>Chief Financial Officer<\/strong><\/p>\n\n\n\n<hr class=\"wp-block-separator has-text-color has-quinary-color has-alpha-channel-opacity has-quinary-background-color has-background\"\/>\n<\/div><\/div>\n\n\n\n<p style=\"margin-right:0;margin-left:0\">Seit 2024 ist Andreas Zumegen CFO von BELECTRIC. Er zeichnet sich durch langj\u00e4hrige Erfahrung in f\u00fchrenden Unternehmen der Energie- und Industriebranche aus. Auch in internationalen Gro\u00dfkonzernen im In- und Ausland hat der studierte Wirtschaftswissenschaftler bereits in leitender Funktion gearbeitet. BELECTRIC kennt Zumegen bestens, denn von 2020 bis Ende 2021 war er bereits Teil der Unternehmensf\u00fchrung.<\/p>\n<\/div>\n<\/div>\n\n\n\n<div style=\"height:100px\" aria-hidden=\"true\" class=\"wp-block-spacer\"><\/div>\n\n\n\n<div class=\"wp-block-columns is-layout-flex wp-container-core-columns-is-layout-28f84493 wp-block-columns-is-layout-flex\">\n<div class=\"wp-block-column is-layout-flow wp-block-column-is-layout-flow\" style=\"padding-right:var(--wp--preset--spacing--40);padding-left:var(--wp--preset--spacing--40)\">\n<div class=\"wp-block-media-text is-stacked-on-mobile is-vertically-aligned-top\" style=\"grid-template-columns:29% auto\"><figure class=\"wp-block-media-text__media\"><img loading=\"lazy\" decoding=\"async\" width=\"676\" height=\"1000\" src=\"https:\/\/belectric-dev.3wm.de\/wp-content\/uploads\/2024\/09\/management-board-Non-Executive-Officer-Mariglen-Nora.jpg\" alt=\"\" class=\"wp-image-6391 size-full\" srcset=\"https:\/\/belectric-dev.3wm.de\/wp-content\/uploads\/2024\/09\/management-board-Non-Executive-Officer-Mariglen-Nora.jpg 676w, https:\/\/belectric-dev.3wm.de\/wp-content\/uploads\/2024\/09\/management-board-Non-Executive-Officer-Mariglen-Nora-203x300.jpg 203w\" sizes=\"auto, (max-width: 676px) 100vw, 676px\" \/><\/figure><div class=\"wp-block-media-text__content\">\n<h3 class=\"wp-block-heading alignfull\"><strong>Mariglen Nora<\/strong><\/h3>\n\n\n\n<p><strong>Non-Executive Officer<\/strong><\/p>\n\n\n\n<hr class=\"wp-block-separator has-text-color has-quinary-color has-alpha-channel-opacity has-quinary-background-color has-background\"\/>\n<\/div><\/div>\n\n\n\n<p style=\"margin-right:0;margin-left:0\">Mariglen Nora ist als Senior Business Development Manager in Lead for PV seit 2017 Teil der Elevion Group B.V.. Seit 2009 ist er bei \u010cEZ in verschiedenen L\u00e4ndern t\u00e4tig und f\u00fcr Gesch\u00e4ftsentwicklung, Strategie, Regulierung, PMO und ESCO zust\u00e4ndig. Mariglen Nora bringt Erfahrung in den Bereichen Energieeffizienzdienstleistungen, Energiewirtschaft, Photovoltaik, Versorgungsunternehmen, Regulierung und Stromeinzelhandel mit. Seit Dezember 2021 ist er Teil der BELECTRIC-Gesch\u00e4ftsf\u00fchrung.<\/p>\n<\/div>\n\n\n\n<div class=\"wp-block-column is-layout-flow wp-block-column-is-layout-flow\" style=\"padding-right:var(--wp--preset--spacing--40);padding-left:var(--wp--preset--spacing--40)\">\n<div class=\"wp-block-media-text is-stacked-on-mobile is-vertically-aligned-top\" style=\"grid-template-columns:29% auto\"><figure class=\"wp-block-media-text__media\"><img loading=\"lazy\" decoding=\"async\" width=\"691\" height=\"1024\" src=\"https:\/\/belectric-dev.3wm.de\/wp-content\/uploads\/2025\/04\/BELECTRIC-MD-Ivana-Rendlova-691x1024.jpg\" alt=\"\" class=\"wp-image-10742 size-full\" srcset=\"https:\/\/belectric-dev.3wm.de\/wp-content\/uploads\/2025\/04\/BELECTRIC-MD-Ivana-Rendlova-691x1024.jpg 691w, https:\/\/belectric-dev.3wm.de\/wp-content\/uploads\/2025\/04\/BELECTRIC-MD-Ivana-Rendlova-203x300.jpg 203w, https:\/\/belectric-dev.3wm.de\/wp-content\/uploads\/2025\/04\/BELECTRIC-MD-Ivana-Rendlova-768x1138.jpg 768w, https:\/\/belectric-dev.3wm.de\/wp-content\/uploads\/2025\/04\/BELECTRIC-MD-Ivana-Rendlova-1037x1536.jpg 1037w, https:\/\/belectric-dev.3wm.de\/wp-content\/uploads\/2025\/04\/BELECTRIC-MD-Ivana-Rendlova.jpg 1126w\" sizes=\"auto, (max-width: 691px) 100vw, 691px\" \/><\/figure><div class=\"wp-block-media-text__content\">\n<h3 class=\"wp-block-heading alignfull\"><strong>Ivana Rendlov\u00e1<\/strong><\/h3>\n\n\n\n<p><strong>Non-Executive Officer<\/strong><\/p>\n\n\n\n<hr class=\"wp-block-separator has-text-color has-quinary-color has-alpha-channel-opacity has-quinary-background-color has-background\"\/>\n<\/div><\/div>\n\n\n\n<p style=\"margin-right:0;margin-left:0\">Ivana Rendlov\u00e1 war nach ihrem BWL-Studium 15 Jahre bei einem f\u00fchrenden Gie\u00dferei-Chemie-Hersteller t\u00e4tig. Seit 2021 ist sie Teil der \u010cEZ, dem Shareholder der BELECTRIC-Muttergesellschaft Elevion Group, und fokussiert sich seit letztem Jahr auf Erneuerbare Energien. Zu Ivana Rendlov\u00e1\u2019s Hauptaufgaben z\u00e4hlt unter anderem die F\u00f6rderung des Know-how-Austausches zwischen BELECTRIC und \u010cEZ.<\/p>\n<\/div>\n<\/div>\n\n\n\n<p><\/p>\n","protected":false},"excerpt":{"rendered":"<p>Die BELECTRIC Gesch\u00e4ftsf\u00fchrung besteht aus zwei exekutiven Mitgliedern und zwei Non-Executive Officers. In gemeinschaftlicher Verantwortung f\u00fchren sie die Gesch\u00e4fte der BELECTRIC GmbH und&nbsp;gestalten zusammen mit allen Mitarbeitenden die Zukunft der Solarenergie. Dr. Thorsten Blanke Chief Executive Officer Dr. Thorsten Blanke ist seit Oktober 2020 Gesch\u00e4ftsf\u00fchrer bei BELECTRIC. Nach Studium und Promotion an der Ruhr-Universit\u00e4t Bochum&#8230;<\/p>\n","protected":false},"author":1,"featured_media":10769,"parent":1330,"menu_order":0,"comment_status":"closed","ping_status":"closed","template":"","meta":{"_acf_changed":false,"footnotes":""},"class_list":["post-1338","page","type-page","status-publish","has-post-thumbnail","hentry"],"acf":[],"yoast_head":"<!-- This site is optimized with the Yoast SEO plugin v27.2 - https:\/\/yoast.com\/product\/yoast-seo-wordpress\/ -->\n<title>Gesch\u00e4ftsf\u00fchrung von BELECTRIC - BELECTRIC<\/title>\n<meta name=\"description\" content=\"Gemeinsam mit allen Mitarbeitenden gestaltet die BELECTRIC Gesch\u00e4ftsf\u00fchrung unter CEO Dr. Thorsten Blanke die Zukunft der Solarenergie.\" \/>\n<meta name=\"robots\" content=\"noindex, follow, max-snippet:-1, max-image-preview:large, max-video-preview:-1\" \/>\n<meta property=\"og:locale\" content=\"de_DE\" \/>\n<meta property=\"og:type\" content=\"article\" \/>\n<meta property=\"og:title\" content=\"Gesch\u00e4ftsf\u00fchrung von BELECTRIC - BELECTRIC\" \/>\n<meta property=\"og:description\" content=\"Gemeinsam mit allen Mitarbeitenden gestaltet die BELECTRIC Gesch\u00e4ftsf\u00fchrung unter CEO Dr. Thorsten Blanke die Zukunft der Solarenergie.\" \/>\n<meta property=\"og:url\" content=\"https:\/\/belectric-dev.3wm.de\/de\/unternehmen\/geschaeftsfuehrung\/\" \/>\n<meta property=\"og:site_name\" content=\"BELECTRIC\" \/>\n<meta property=\"article:publisher\" content=\"https:\/\/www.facebook.com\/belectric.solar\/\" \/>\n<meta property=\"article:modified_time\" content=\"2025-04-03T12:13:09+00:00\" \/>\n<meta property=\"og:image\" content=\"https:\/\/belectric-dev.3wm.de\/wp-content\/uploads\/2025\/04\/Management-Board-of-BELECTRIC.jpg\" \/>\n\t<meta property=\"og:image:width\" content=\"1400\" \/>\n\t<meta property=\"og:image:height\" content=\"947\" \/>\n\t<meta property=\"og:image:type\" content=\"image\/jpeg\" \/>\n<meta name=\"twitter:card\" content=\"summary_large_image\" \/>\n<meta name=\"twitter:label1\" content=\"Gesch\u00e4tzte Lesezeit\" \/>\n\t<meta name=\"twitter:data1\" content=\"3\u00a0Minuten\" \/>\n<script type=\"application\/ld+json\" class=\"yoast-schema-graph\">{\"@context\":\"https:\/\/schema.org\",\"@graph\":[{\"@type\":\"WebPage\",\"@id\":\"https:\/\/belectric-dev.3wm.de\/de\/unternehmen\/geschaeftsfuehrung\/\",\"url\":\"https:\/\/belectric-dev.3wm.de\/de\/unternehmen\/geschaeftsfuehrung\/\",\"name\":\"Gesch\u00e4ftsf\u00fchrung von BELECTRIC - BELECTRIC\",\"isPartOf\":{\"@id\":\"https:\/\/belectric-dev.3wm.de\/de\/#website\"},\"primaryImageOfPage\":{\"@id\":\"https:\/\/belectric-dev.3wm.de\/de\/unternehmen\/geschaeftsfuehrung\/#primaryimage\"},\"image\":{\"@id\":\"https:\/\/belectric-dev.3wm.de\/de\/unternehmen\/geschaeftsfuehrung\/#primaryimage\"},\"thumbnailUrl\":\"https:\/\/belectric-dev.3wm.de\/wp-content\/uploads\/2025\/04\/Management-Board-of-BELECTRIC.jpg\",\"datePublished\":\"2023-10-19T10:58:39+00:00\",\"dateModified\":\"2025-04-03T12:13:09+00:00\",\"description\":\"Gemeinsam mit allen Mitarbeitenden gestaltet die BELECTRIC Gesch\u00e4ftsf\u00fchrung unter CEO Dr. Thorsten Blanke die Zukunft der Solarenergie.\",\"breadcrumb\":{\"@id\":\"https:\/\/belectric-dev.3wm.de\/de\/unternehmen\/geschaeftsfuehrung\/#breadcrumb\"},\"inLanguage\":\"de\",\"potentialAction\":[{\"@type\":\"ReadAction\",\"target\":[\"https:\/\/belectric-dev.3wm.de\/de\/unternehmen\/geschaeftsfuehrung\/\"]}]},{\"@type\":\"ImageObject\",\"inLanguage\":\"de\",\"@id\":\"https:\/\/belectric-dev.3wm.de\/de\/unternehmen\/geschaeftsfuehrung\/#primaryimage\",\"url\":\"https:\/\/belectric-dev.3wm.de\/wp-content\/uploads\/2025\/04\/Management-Board-of-BELECTRIC.jpg\",\"contentUrl\":\"https:\/\/belectric-dev.3wm.de\/wp-content\/uploads\/2025\/04\/Management-Board-of-BELECTRIC.jpg\",\"width\":1400,\"height\":947,\"caption\":\"The four members of BELECTRIC's Management Board\"},{\"@type\":\"BreadcrumbList\",\"@id\":\"https:\/\/belectric-dev.3wm.de\/de\/unternehmen\/geschaeftsfuehrung\/#breadcrumb\",\"itemListElement\":[{\"@type\":\"ListItem\",\"position\":1,\"name\":\"Startseite\",\"item\":\"https:\/\/belectric-dev.3wm.de\/de\/\"},{\"@type\":\"ListItem\",\"position\":2,\"name\":\"Unternehmen\",\"item\":\"https:\/\/belectric-dev.3wm.de\/de\/unternehmen\/\"},{\"@type\":\"ListItem\",\"position\":3,\"name\":\"Gesch\u00e4ftsf\u00fchrung\"}]},{\"@type\":\"WebSite\",\"@id\":\"https:\/\/belectric-dev.3wm.de\/de\/#website\",\"url\":\"https:\/\/belectric-dev.3wm.de\/de\/\",\"name\":\"BELECTRIC\",\"description\":\"360\u00b0 solution for ground-mounted solar power plants\",\"publisher\":{\"@id\":\"https:\/\/belectric-dev.3wm.de\/de\/#organization\"},\"potentialAction\":[{\"@type\":\"SearchAction\",\"target\":{\"@type\":\"EntryPoint\",\"urlTemplate\":\"https:\/\/belectric-dev.3wm.de\/de\/?s={search_term_string}\"},\"query-input\":{\"@type\":\"PropertyValueSpecification\",\"valueRequired\":true,\"valueName\":\"search_term_string\"}}],\"inLanguage\":\"de\"},{\"@type\":\"Organization\",\"@id\":\"https:\/\/belectric-dev.3wm.de\/de\/#organization\",\"name\":\"BELECTRIC\",\"url\":\"https:\/\/belectric-dev.3wm.de\/de\/\",\"logo\":{\"@type\":\"ImageObject\",\"inLanguage\":\"de\",\"@id\":\"https:\/\/belectric-dev.3wm.de\/de\/#\/schema\/logo\/image\/\",\"url\":\"https:\/\/belectric-dev.3wm.de\/wp-content\/uploads\/2023\/09\/belectric_member_logo_rgb.svg\",\"contentUrl\":\"https:\/\/belectric-dev.3wm.de\/wp-content\/uploads\/2023\/09\/belectric_member_logo_rgb.svg\",\"width\":805,\"height\":100,\"caption\":\"BELECTRIC\"},\"image\":{\"@id\":\"https:\/\/belectric-dev.3wm.de\/de\/#\/schema\/logo\/image\/\"},\"sameAs\":[\"https:\/\/www.facebook.com\/belectric.solar\/\",\"https:\/\/www.xing.com\/pages\/belectric\",\"https:\/\/www.linkedin.com\/company\/belectric-gmbh\/\",\"https:\/\/www.instagram.com\/belectric_solar\/\",\"https:\/\/www.youtube.com\/@BELECTRIC_GmbH\/videos\"]}]}<\/script>\n<!-- \/ Yoast SEO plugin. -->","yoast_head_json":{"title":"Gesch\u00e4ftsf\u00fchrung von BELECTRIC - BELECTRIC","description":"Gemeinsam mit allen Mitarbeitenden gestaltet die BELECTRIC Gesch\u00e4ftsf\u00fchrung unter CEO Dr. Thorsten Blanke die Zukunft der Solarenergie.","robots":{"index":"noindex","follow":"follow","max-snippet":"max-snippet:-1","max-image-preview":"max-image-preview:large","max-video-preview":"max-video-preview:-1"},"og_locale":"de_DE","og_type":"article","og_title":"Gesch\u00e4ftsf\u00fchrung von BELECTRIC - BELECTRIC","og_description":"Gemeinsam mit allen Mitarbeitenden gestaltet die BELECTRIC Gesch\u00e4ftsf\u00fchrung unter CEO Dr. Thorsten Blanke die Zukunft der Solarenergie.","og_url":"https:\/\/belectric-dev.3wm.de\/de\/unternehmen\/geschaeftsfuehrung\/","og_site_name":"BELECTRIC","article_publisher":"https:\/\/www.facebook.com\/belectric.solar\/","article_modified_time":"2025-04-03T12:13:09+00:00","og_image":[{"width":1400,"height":947,"url":"https:\/\/belectric-dev.3wm.de\/wp-content\/uploads\/2025\/04\/Management-Board-of-BELECTRIC.jpg","type":"image\/jpeg"}],"twitter_card":"summary_large_image","twitter_misc":{"Gesch\u00e4tzte Lesezeit":"3\u00a0Minuten"},"schema":{"@context":"https:\/\/schema.org","@graph":[{"@type":"WebPage","@id":"https:\/\/belectric-dev.3wm.de\/de\/unternehmen\/geschaeftsfuehrung\/","url":"https:\/\/belectric-dev.3wm.de\/de\/unternehmen\/geschaeftsfuehrung\/","name":"Gesch\u00e4ftsf\u00fchrung von BELECTRIC - BELECTRIC","isPartOf":{"@id":"https:\/\/belectric-dev.3wm.de\/de\/#website"},"primaryImageOfPage":{"@id":"https:\/\/belectric-dev.3wm.de\/de\/unternehmen\/geschaeftsfuehrung\/#primaryimage"},"image":{"@id":"https:\/\/belectric-dev.3wm.de\/de\/unternehmen\/geschaeftsfuehrung\/#primaryimage"},"thumbnailUrl":"https:\/\/belectric-dev.3wm.de\/wp-content\/uploads\/2025\/04\/Management-Board-of-BELECTRIC.jpg","datePublished":"2023-10-19T10:58:39+00:00","dateModified":"2025-04-03T12:13:09+00:00","description":"Gemeinsam mit allen Mitarbeitenden gestaltet die BELECTRIC Gesch\u00e4ftsf\u00fchrung unter CEO Dr. Thorsten Blanke die Zukunft der Solarenergie.","breadcrumb":{"@id":"https:\/\/belectric-dev.3wm.de\/de\/unternehmen\/geschaeftsfuehrung\/#breadcrumb"},"inLanguage":"de","potentialAction":[{"@type":"ReadAction","target":["https:\/\/belectric-dev.3wm.de\/de\/unternehmen\/geschaeftsfuehrung\/"]}]},{"@type":"ImageObject","inLanguage":"de","@id":"https:\/\/belectric-dev.3wm.de\/de\/unternehmen\/geschaeftsfuehrung\/#primaryimage","url":"https:\/\/belectric-dev.3wm.de\/wp-content\/uploads\/2025\/04\/Management-Board-of-BELECTRIC.jpg","contentUrl":"https:\/\/belectric-dev.3wm.de\/wp-content\/uploads\/2025\/04\/Management-Board-of-BELECTRIC.jpg","width":1400,"height":947,"caption":"The four members of BELECTRIC's Management Board"},{"@type":"BreadcrumbList","@id":"https:\/\/belectric-dev.3wm.de\/de\/unternehmen\/geschaeftsfuehrung\/#breadcrumb","itemListElement":[{"@type":"ListItem","position":1,"name":"Startseite","item":"https:\/\/belectric-dev.3wm.de\/de\/"},{"@type":"ListItem","position":2,"name":"Unternehmen","item":"https:\/\/belectric-dev.3wm.de\/de\/unternehmen\/"},{"@type":"ListItem","position":3,"name":"Gesch\u00e4ftsf\u00fchrung"}]},{"@type":"WebSite","@id":"https:\/\/belectric-dev.3wm.de\/de\/#website","url":"https:\/\/belectric-dev.3wm.de\/de\/","name":"BELECTRIC","description":"360\u00b0 solution for ground-mounted solar power plants","publisher":{"@id":"https:\/\/belectric-dev.3wm.de\/de\/#organization"},"potentialAction":[{"@type":"SearchAction","target":{"@type":"EntryPoint","urlTemplate":"https:\/\/belectric-dev.3wm.de\/de\/?s={search_term_string}"},"query-input":{"@type":"PropertyValueSpecification","valueRequired":true,"valueName":"search_term_string"}}],"inLanguage":"de"},{"@type":"Organization","@id":"https:\/\/belectric-dev.3wm.de\/de\/#organization","name":"BELECTRIC","url":"https:\/\/belectric-dev.3wm.de\/de\/","logo":{"@type":"ImageObject","inLanguage":"de","@id":"https:\/\/belectric-dev.3wm.de\/de\/#\/schema\/logo\/image\/","url":"https:\/\/belectric-dev.3wm.de\/wp-content\/uploads\/2023\/09\/belectric_member_logo_rgb.svg","contentUrl":"https:\/\/belectric-dev.3wm.de\/wp-content\/uploads\/2023\/09\/belectric_member_logo_rgb.svg","width":805,"height":100,"caption":"BELECTRIC"},"image":{"@id":"https:\/\/belectric-dev.3wm.de\/de\/#\/schema\/logo\/image\/"},"sameAs":["https:\/\/www.facebook.com\/belectric.solar\/","https:\/\/www.xing.com\/pages\/belectric","https:\/\/www.linkedin.com\/company\/belectric-gmbh\/","https:\/\/www.instagram.com\/belectric_solar\/","https:\/\/www.youtube.com\/@BELECTRIC_GmbH\/videos"]}]}},"_links":{"self":[{"href":"https:\/\/belectric-dev.3wm.de\/de\/wp-json\/wp\/v2\/pages\/1338","targetHints":{"allow":["GET"]}}],"collection":[{"href":"https:\/\/belectric-dev.3wm.de\/de\/wp-json\/wp\/v2\/pages"}],"about":[{"href":"https:\/\/belectric-dev.3wm.de\/de\/wp-json\/wp\/v2\/types\/page"}],"author":[{"embeddable":true,"href":"https:\/\/belectric-dev.3wm.de\/de\/wp-json\/wp\/v2\/users\/1"}],"replies":[{"embeddable":true,"href":"https:\/\/belectric-dev.3wm.de\/de\/wp-json\/wp\/v2\/comments?post=1338"}],"version-history":[{"count":10,"href":"https:\/\/belectric-dev.3wm.de\/de\/wp-json\/wp\/v2\/pages\/1338\/revisions"}],"predecessor-version":[{"id":10775,"href":"https:\/\/belectric-dev.3wm.de\/de\/wp-json\/wp\/v2\/pages\/1338\/revisions\/10775"}],"up":[{"embeddable":true,"href":"https:\/\/belectric-dev.3wm.de\/de\/wp-json\/wp\/v2\/pages\/1330"}],"wp:featuredmedia":[{"embeddable":true,"href":"https:\/\/belectric-dev.3wm.de\/de\/wp-json\/wp\/v2\/media\/10769"}],"wp:attachment":[{"href":"https:\/\/belectric-dev.3wm.de\/de\/wp-json\/wp\/v2\/media?parent=1338"}],"curies":[{"name":"wp","href":"https:\/\/api.w.org\/{rel}","templated":true}]}}