{"id":1362,"date":"2023-11-22T10:27:26","date_gmt":"2023-11-22T09:27:26","guid":{"rendered":"https:\/\/www.belectric-relaunch.srv-3wm-007.de\/?page_id=1362"},"modified":"2024-07-30T14:22:20","modified_gmt":"2024-07-30T12:22:20","slug":"nutzungsbedingungen","status":"publish","type":"page","link":"https:\/\/belectric-dev.3wm.de\/de\/nutzungsbedingungen\/","title":{"rendered":"Nutzungsbedingungen"},"content":{"rendered":"\n<p>Diese Website ist Gegenstand der nachfolgenden Nutzungsbedingungen, die im Verh\u00e4ltnis zwischen Ihnen (nachfolgend: \u201eNutzer\u201c) und uns (nachfolgend: \u201eDienstanbieter\u201c) mit dem Aufruf dieser Website verbindlich vereinbart sind. Soweit spezielle Bedingungen f\u00fcr einzelne Nutzungen dieser Website von den nachfolgenden Nutzungsbedingungen abweichen, wird in der Website an entsprechender Stelle ausdr\u00fccklich darauf hingewiesen. Es gelten dann im jeweiligen Einzelfall erg\u00e4nzend die besonderen Nutzungsbedingungen.<\/p>\n\n\n\n<p><strong>Bitte ber\u00fccksichtigen Sie insbesondere unsere geltenden Datenschutzbestimmungen unter\u00a0<a href=\"\/de\/datenschutz\/\">Datenschutz<\/a>.<\/strong><\/p>\n\n\n\n<p><strong>1. Urheberrechte<\/strong><\/p>\n\n\n\n<p>Diese Website beinhaltet Daten und Informationen aller Art, die marken- und\/oder urheberrechtlich zugunsten des Diensteanbieters oder im Einzelfall auch zugunsten Dritter gesch\u00fctzt sind. Es ist daher nicht gestattet, die Website im ganzen oder einzelne Teile davon herunterzuladen, zu vervielf\u00e4ltigen und zu verbreiten, mit Ausnahme der technisch bedingten Vervielf\u00e4ltigung zum Zwecke des Browsing, soweit diese Handlung keinen wirtschaftlichen Zwecken dient, sowie die dauerhafte Vervielf\u00e4ltigung f\u00fcr den eigenen Gebrauch. Es ist weiterhin gestattet, einen Link auf diese Website zu setzen, soweit er allein der Querreferenz dient. Der Diensteanbieter beh\u00e4lt sich das Recht vor, die Gestattung zu widerrufen. Das Framen dieser Website ist nicht gestattet.<\/p>\n\n\n\n<p><strong>2. Haftung f\u00fcr Inhalte<\/strong><br>Der Diensteanbieter \u00fcbernimmt die Haftung f\u00fcr die Inhalte seiner Website gem\u00e4\u00df den gesetzlichen Bestimmungen. Obschon die Informationen nach bestem Wissen zusammengestellt wurden, wird f\u00fcr die Richtigkeit, Vollst\u00e4ndigkeit und Aktualit\u00e4t der auf der Website befindlichen Information keine Gew\u00e4hr \u00fcbernommen.<\/p>\n\n\n\n<p>Die auf diesen Internetseiten abrufbaren Informationen ersetzen keine individuelle Beratung, sondern dienen lediglich der allgemeinen Information.<\/p>\n\n\n\n<p>Verweise und Links auf Websites Dritter bedeuten nicht, dass sich der Diensteanbieter die hinter dem Verweis oder Link liegenden Inhalte zu eigen macht. Die Inhalte begr\u00fcnden keine Verantwortung des Diensteanbieters f\u00fcr die dort bereit gehaltenen Daten und Informationen. Der Diensteanbieter hat keinen Einfluss auf die hinter dem Link liegenden Inhalte. F\u00fcr rechtswidrige, fehlerhafte oder unvollst\u00e4ndige Inhalte und f\u00fcr Sch\u00e4den, die aufgrund der Nutzung von einem hinter dem Link liegenden Inhalt verursacht worden sind, haftet der Diensteanbieter daher nicht.<\/p>\n\n\n\n<p><strong>3. Leistungsst\u00f6rungen<\/strong><br>Die Nutzung des Internets erfolgt auf eigene Gefahr des Nutzers. Der Diensteanbieter haftet vor allem nicht f\u00fcr den technisch bedingten Ausfall des Internets bzw. des Zugangs zum Internet.<\/p>\n\n\n\n<p><strong>4. Gerichtsstand<\/strong><br>Gerichtsstand ist, wenn der Vertragspartner Kaufmann, juristische Person des \u00f6ffentlichen Rechts oder \u00f6ffentlich-rechliches Sonderverm\u00f6gen ist, am Sitz des Diensteanbieters. Es gilt deutsches Recht unter Ausschluss des UN-Kaufrechts.<\/p>\n\n\n\n<p><strong>5. Sonstiges<\/strong><br>Der Diensteanbieter beh\u00e4lt sich das Recht vor, diese Nutzungsbedingungen von Zeit zu Zeit zu modifizieren und sie der technischen sowie rechtlichen Entwicklung anzupassen. Der Nutzer wird auf die Ver\u00e4nderung gesondert hingewiesen.<\/p>\n","protected":false},"excerpt":{"rendered":"<p>Diese Website ist Gegenstand der nachfolgenden Nutzungsbedingungen, die im Verh\u00e4ltnis zwischen Ihnen (nachfolgend: \u201eNutzer\u201c) und uns (nachfolgend: \u201eDienstanbieter\u201c) mit dem Aufruf dieser Website verbindlich vereinbart sind. Soweit spezielle Bedingungen f\u00fcr einzelne Nutzungen dieser Website von den nachfolgenden Nutzungsbedingungen abweichen, wird in der Website an entsprechender Stelle ausdr\u00fccklich darauf hingewiesen. Es gelten dann im jeweiligen Einzelfall&#8230;<\/p>\n","protected":false},"author":1,"featured_media":0,"parent":0,"menu_order":0,"comment_status":"closed","ping_status":"closed","template":"","meta":{"_acf_changed":false,"footnotes":""},"class_list":["post-1362","page","type-page","status-publish","hentry"],"acf":[],"yoast_head":"<!-- This site is optimized with the Yoast SEO plugin v27.2 - https:\/\/yoast.com\/product\/yoast-seo-wordpress\/ -->\n<title>Nutzungsbedingungen - BELECTRIC<\/title>\n<meta name=\"description\" content=\"Auf dieser Seite finden Sie die Nutzungsbedingungen der BELECTRIC-Website belectric.com.\" \/>\n<meta name=\"robots\" content=\"noindex, follow, max-snippet:-1, max-image-preview:large, max-video-preview:-1\" \/>\n<meta property=\"og:locale\" content=\"de_DE\" \/>\n<meta property=\"og:type\" content=\"article\" \/>\n<meta property=\"og:title\" content=\"Nutzungsbedingungen - BELECTRIC\" \/>\n<meta property=\"og:description\" content=\"Auf dieser Seite finden Sie die Nutzungsbedingungen der BELECTRIC-Website belectric.com.\" \/>\n<meta property=\"og:url\" content=\"https:\/\/belectric-dev.3wm.de\/de\/nutzungsbedingungen\/\" \/>\n<meta property=\"og:site_name\" content=\"BELECTRIC\" \/>\n<meta property=\"article:publisher\" content=\"https:\/\/www.facebook.com\/belectric.solar\/\" \/>\n<meta property=\"article:modified_time\" content=\"2024-07-30T12:22:20+00:00\" \/>\n<meta name=\"twitter:card\" content=\"summary_large_image\" \/>\n<meta name=\"twitter:label1\" content=\"Gesch\u00e4tzte Lesezeit\" \/>\n\t<meta name=\"twitter:data1\" content=\"3\u00a0Minuten\" \/>\n<script type=\"application\/ld+json\" class=\"yoast-schema-graph\">{\"@context\":\"https:\/\/schema.org\",\"@graph\":[{\"@type\":\"WebPage\",\"@id\":\"https:\/\/belectric-dev.3wm.de\/de\/nutzungsbedingungen\/\",\"url\":\"https:\/\/belectric-dev.3wm.de\/de\/nutzungsbedingungen\/\",\"name\":\"Nutzungsbedingungen - BELECTRIC\",\"isPartOf\":{\"@id\":\"https:\/\/belectric-dev.3wm.de\/de\/#website\"},\"datePublished\":\"2023-11-22T09:27:26+00:00\",\"dateModified\":\"2024-07-30T12:22:20+00:00\",\"description\":\"Auf dieser Seite finden Sie die Nutzungsbedingungen der BELECTRIC-Website belectric.com.\",\"breadcrumb\":{\"@id\":\"https:\/\/belectric-dev.3wm.de\/de\/nutzungsbedingungen\/#breadcrumb\"},\"inLanguage\":\"de\",\"potentialAction\":[{\"@type\":\"ReadAction\",\"target\":[\"https:\/\/belectric-dev.3wm.de\/de\/nutzungsbedingungen\/\"]}]},{\"@type\":\"BreadcrumbList\",\"@id\":\"https:\/\/belectric-dev.3wm.de\/de\/nutzungsbedingungen\/#breadcrumb\",\"itemListElement\":[{\"@type\":\"ListItem\",\"position\":1,\"name\":\"Startseite\",\"item\":\"https:\/\/belectric-dev.3wm.de\/de\/\"},{\"@type\":\"ListItem\",\"position\":2,\"name\":\"Nutzungsbedingungen\"}]},{\"@type\":\"WebSite\",\"@id\":\"https:\/\/belectric-dev.3wm.de\/de\/#website\",\"url\":\"https:\/\/belectric-dev.3wm.de\/de\/\",\"name\":\"BELECTRIC\",\"description\":\"360\u00b0 solution for ground-mounted solar power plants\",\"publisher\":{\"@id\":\"https:\/\/belectric-dev.3wm.de\/de\/#organization\"},\"potentialAction\":[{\"@type\":\"SearchAction\",\"target\":{\"@type\":\"EntryPoint\",\"urlTemplate\":\"https:\/\/belectric-dev.3wm.de\/de\/?s={search_term_string}\"},\"query-input\":{\"@type\":\"PropertyValueSpecification\",\"valueRequired\":true,\"valueName\":\"search_term_string\"}}],\"inLanguage\":\"de\"},{\"@type\":\"Organization\",\"@id\":\"https:\/\/belectric-dev.3wm.de\/de\/#organization\",\"name\":\"BELECTRIC\",\"url\":\"https:\/\/belectric-dev.3wm.de\/de\/\",\"logo\":{\"@type\":\"ImageObject\",\"inLanguage\":\"de\",\"@id\":\"https:\/\/belectric-dev.3wm.de\/de\/#\/schema\/logo\/image\/\",\"url\":\"https:\/\/belectric-dev.3wm.de\/wp-content\/uploads\/2023\/09\/belectric_member_logo_rgb.svg\",\"contentUrl\":\"https:\/\/belectric-dev.3wm.de\/wp-content\/uploads\/2023\/09\/belectric_member_logo_rgb.svg\",\"width\":805,\"height\":100,\"caption\":\"BELECTRIC\"},\"image\":{\"@id\":\"https:\/\/belectric-dev.3wm.de\/de\/#\/schema\/logo\/image\/\"},\"sameAs\":[\"https:\/\/www.facebook.com\/belectric.solar\/\",\"https:\/\/www.xing.com\/pages\/belectric\",\"https:\/\/www.linkedin.com\/company\/belectric-gmbh\/\",\"https:\/\/www.instagram.com\/belectric_solar\/\",\"https:\/\/www.youtube.com\/@BELECTRIC_GmbH\/videos\"]}]}<\/script>\n<!-- \/ Yoast SEO plugin. -->","yoast_head_json":{"title":"Nutzungsbedingungen - BELECTRIC","description":"Auf dieser Seite finden Sie die Nutzungsbedingungen der BELECTRIC-Website belectric.com.","robots":{"index":"noindex","follow":"follow","max-snippet":"max-snippet:-1","max-image-preview":"max-image-preview:large","max-video-preview":"max-video-preview:-1"},"og_locale":"de_DE","og_type":"article","og_title":"Nutzungsbedingungen - BELECTRIC","og_description":"Auf dieser Seite finden Sie die Nutzungsbedingungen der BELECTRIC-Website belectric.com.","og_url":"https:\/\/belectric-dev.3wm.de\/de\/nutzungsbedingungen\/","og_site_name":"BELECTRIC","article_publisher":"https:\/\/www.facebook.com\/belectric.solar\/","article_modified_time":"2024-07-30T12:22:20+00:00","twitter_card":"summary_large_image","twitter_misc":{"Gesch\u00e4tzte Lesezeit":"3\u00a0Minuten"},"schema":{"@context":"https:\/\/schema.org","@graph":[{"@type":"WebPage","@id":"https:\/\/belectric-dev.3wm.de\/de\/nutzungsbedingungen\/","url":"https:\/\/belectric-dev.3wm.de\/de\/nutzungsbedingungen\/","name":"Nutzungsbedingungen - BELECTRIC","isPartOf":{"@id":"https:\/\/belectric-dev.3wm.de\/de\/#website"},"datePublished":"2023-11-22T09:27:26+00:00","dateModified":"2024-07-30T12:22:20+00:00","description":"Auf dieser Seite finden Sie die Nutzungsbedingungen der BELECTRIC-Website belectric.com.","breadcrumb":{"@id":"https:\/\/belectric-dev.3wm.de\/de\/nutzungsbedingungen\/#breadcrumb"},"inLanguage":"de","potentialAction":[{"@type":"ReadAction","target":["https:\/\/belectric-dev.3wm.de\/de\/nutzungsbedingungen\/"]}]},{"@type":"BreadcrumbList","@id":"https:\/\/belectric-dev.3wm.de\/de\/nutzungsbedingungen\/#breadcrumb","itemListElement":[{"@type":"ListItem","position":1,"name":"Startseite","item":"https:\/\/belectric-dev.3wm.de\/de\/"},{"@type":"ListItem","position":2,"name":"Nutzungsbedingungen"}]},{"@type":"WebSite","@id":"https:\/\/belectric-dev.3wm.de\/de\/#website","url":"https:\/\/belectric-dev.3wm.de\/de\/","name":"BELECTRIC","description":"360\u00b0 solution for ground-mounted solar power plants","publisher":{"@id":"https:\/\/belectric-dev.3wm.de\/de\/#organization"},"potentialAction":[{"@type":"SearchAction","target":{"@type":"EntryPoint","urlTemplate":"https:\/\/belectric-dev.3wm.de\/de\/?s={search_term_string}"},"query-input":{"@type":"PropertyValueSpecification","valueRequired":true,"valueName":"search_term_string"}}],"inLanguage":"de"},{"@type":"Organization","@id":"https:\/\/belectric-dev.3wm.de\/de\/#organization","name":"BELECTRIC","url":"https:\/\/belectric-dev.3wm.de\/de\/","logo":{"@type":"ImageObject","inLanguage":"de","@id":"https:\/\/belectric-dev.3wm.de\/de\/#\/schema\/logo\/image\/","url":"https:\/\/belectric-dev.3wm.de\/wp-content\/uploads\/2023\/09\/belectric_member_logo_rgb.svg","contentUrl":"https:\/\/belectric-dev.3wm.de\/wp-content\/uploads\/2023\/09\/belectric_member_logo_rgb.svg","width":805,"height":100,"caption":"BELECTRIC"},"image":{"@id":"https:\/\/belectric-dev.3wm.de\/de\/#\/schema\/logo\/image\/"},"sameAs":["https:\/\/www.facebook.com\/belectric.solar\/","https:\/\/www.xing.com\/pages\/belectric","https:\/\/www.linkedin.com\/company\/belectric-gmbh\/","https:\/\/www.instagram.com\/belectric_solar\/","https:\/\/www.youtube.com\/@BELECTRIC_GmbH\/videos"]}]}},"_links":{"self":[{"href":"https:\/\/belectric-dev.3wm.de\/de\/wp-json\/wp\/v2\/pages\/1362","targetHints":{"allow":["GET"]}}],"collection":[{"href":"https:\/\/belectric-dev.3wm.de\/de\/wp-json\/wp\/v2\/pages"}],"about":[{"href":"https:\/\/belectric-dev.3wm.de\/de\/wp-json\/wp\/v2\/types\/page"}],"author":[{"embeddable":true,"href":"https:\/\/belectric-dev.3wm.de\/de\/wp-json\/wp\/v2\/users\/1"}],"replies":[{"embeddable":true,"href":"https:\/\/belectric-dev.3wm.de\/de\/wp-json\/wp\/v2\/comments?post=1362"}],"version-history":[{"count":2,"href":"https:\/\/belectric-dev.3wm.de\/de\/wp-json\/wp\/v2\/pages\/1362\/revisions"}],"predecessor-version":[{"id":2731,"href":"https:\/\/belectric-dev.3wm.de\/de\/wp-json\/wp\/v2\/pages\/1362\/revisions\/2731"}],"wp:attachment":[{"href":"https:\/\/belectric-dev.3wm.de\/de\/wp-json\/wp\/v2\/media?parent=1362"}],"curies":[{"name":"wp","href":"https:\/\/api.w.org\/{rel}","templated":true}]}}